{"id":96,"date":"2023-02-27T10:53:49","date_gmt":"2023-02-27T10:53:49","guid":{"rendered":"http:\/\/nadaid-23-2.test\/?post_type=product&#038;p=96"},"modified":"2026-04-07T09:16:53","modified_gmt":"2026-04-07T08:16:53","slug":"nad-at-home","status":"publish","type":"product","link":"https:\/\/nadplusathome.com\/de\/product\/nad-at-home\/","title":{"rendered":"NAD+ Injektionskit"},"content":{"rendered":"","protected":false},"excerpt":{"rendered":"<p><span style=\"font-weight: 400;\">Entdecken Sie unser NAD+ AT Home Injection Kit - die erste NAD+ Injektion f\u00fcr zu Hause in Gro\u00dfbritannien. Mit einer Bioverf\u00fcgbarkeit von nahezu 100% steigert unser Injektionsset Ihren NAD+-Spiegel und unterst\u00fctzt so Ihre Bem\u00fchungen um Anti-Aging, Zellfunktionen und geistige Klarheit.<\/span><span style=\"font-weight: 400;\"><br \/>\n<\/span><\/p>\n<p><span style=\"font-weight: 400;\">Das Kit ist unglaublich einfach und sicher in der Anwendung - befolgen Sie einfach unsere Anweisungen (sowohl in schriftlicher als auch in Videoform unten bereitgestellt). Profitieren Sie von den 8-mm-Mikronadeln, die f\u00fcr schmerzfreie Injektionen entwickelt wurden.<\/span><\/p>\n<p><span style=\"font-weight: 400;\">Da f\u00fcr jede Bestellung ein Analysezertifikat zur Verf\u00fcgung steht, k\u00f6nnen Sie sicher sein, dass Ihr NAD+-Kit von hoher Qualit\u00e4t und sicher f\u00fcr die Einnahme zu Hause ist.<\/span><span style=\"font-weight: 400;\"><br \/>\n<\/span><\/p>\n<p><span style=\"font-weight: 400;\">Jedes Kit wird mit einer leicht verst\u00e4ndlichen Anleitung und unserem <\/span><a href=\"\/de\/about-georgina-glenn\/?wmc-currency=EUR\"><span style=\"font-weight: 400;\">staatlich gepr\u00fcfte Krankenschwester, Georgina<\/span><\/a><span style=\"font-weight: 400;\">, steht Ihnen zur Verf\u00fcgung, um alle Fragen zu beantworten und Sie durch den Prozess zu f\u00fchren, sobald Ihr Kit angekommen ist. <\/span><\/p>","protected":false},"featured_media":7652,"comment_status":"closed","ping_status":"closed","template":"","meta":{"_acf_changed":false},"product_brand":[45],"product_cat":[17],"product_tag":[],"class_list":{"0":"post-96","1":"product","2":"type-product","3":"status-publish","4":"has-post-thumbnail","6":"product_brand-nad-at-home","7":"product_cat-home-kit","8":"product_shipping_class-restricted-shipping","9":"has-subscription-plans","11":"first","12":"instock","13":"featured","14":"taxable","15":"shipping-taxable","16":"purchasable","17":"product-type-simple"},"group_of_quantity":0,"min_quantity":0,"max_quantity":"","exclude_order_quantity_value_rules":"no","exclude_category_quantity_rules":"no","combine_variations":"no","acf":[],"_links":{"self":[{"href":"https:\/\/nadplusathome.com\/de\/wp-json\/wp\/v2\/product\/96","targetHints":{"allow":["GET"]}}],"collection":[{"href":"https:\/\/nadplusathome.com\/de\/wp-json\/wp\/v2\/product"}],"about":[{"href":"https:\/\/nadplusathome.com\/de\/wp-json\/wp\/v2\/types\/product"}],"replies":[{"embeddable":true,"href":"https:\/\/nadplusathome.com\/de\/wp-json\/wp\/v2\/comments?post=96"}],"wp:featuredmedia":[{"embeddable":true,"href":"https:\/\/nadplusathome.com\/de\/wp-json\/wp\/v2\/media\/7652"}],"wp:attachment":[{"href":"https:\/\/nadplusathome.com\/de\/wp-json\/wp\/v2\/media?parent=96"}],"wp:term":[{"taxonomy":"product_brand","embeddable":true,"href":"https:\/\/nadplusathome.com\/de\/wp-json\/wp\/v2\/product_brand?post=96"},{"taxonomy":"product_cat","embeddable":true,"href":"https:\/\/nadplusathome.com\/de\/wp-json\/wp\/v2\/product_cat?post=96"},{"taxonomy":"product_tag","embeddable":true,"href":"https:\/\/nadplusathome.com\/de\/wp-json\/wp\/v2\/product_tag?post=96"}],"curies":[{"name":"wp","href":"https:\/\/api.w.org\/{rel}","templated":true}]}}