{"id":9182,"date":"2024-06-24T12:31:52","date_gmt":"2024-06-24T11:31:52","guid":{"rendered":"https:\/\/nadplusathome.com\/?post_type=product&#038;p=9182"},"modified":"2026-03-05T09:39:53","modified_gmt":"2026-03-05T09:39:53","slug":"nad-at-home-mini-500mg","status":"publish","type":"product","link":"https:\/\/nadplusathome.com\/de\/product\/nad-at-home-mini-500mg\/","title":{"rendered":"NAD+ AT HOME Mini"},"content":{"rendered":"","protected":false},"excerpt":{"rendered":"<p><span style=\"color: #ff0000;\"><strong>Aufgrund der gro\u00dfen Nachfrage ist unser NAD+ Mini jetzt ausverkauft.<\/strong><\/span><\/p>\n<p>Besuchen Sie unser <a href=\"https:\/\/nadplusathome.com\/de\/product\/nad-injection-pen-discovery-kit-500mg\/?wmc-currency=EUR\">Testpaket NAD+-Stifte<\/a> (dieselbe NAD+-Behandlung mit einem einfach zu bedienenden Stift).<\/p>\n<hr \/>\n<p>Wir stellen Ihnen das NAD+ AT HOME Mini vor - die perfekte M\u00f6glichkeit, die Vorteile unseres einzigartigen Nahrungserg\u00e4nzungsmittels in einem erschwinglichen und praktischen Kit f\u00fcr zu Hause zu erleben.<\/p>\n<p>Diese kleinere Version bietet die H\u00e4lfte der Menge unserer Originalfl\u00e4schchen und ist somit ideal f\u00fcr diejenigen, die unser Produkt erst einmal ausprobieren m\u00f6chten, bevor sie sich f\u00fcr die volle empfohlene Dosierung entscheiden.<\/p>\n<p>Probieren Sie NAD+ AT HOME Mini noch heute aus und machen Sie den ersten Schritt zu einem ges\u00fcnderen, lebendigeren K\u00f6rper.<\/p>","protected":false},"featured_media":9296,"comment_status":"closed","ping_status":"closed","template":"","meta":{"_acf_changed":false},"product_brand":[45],"product_cat":[17],"product_tag":[],"class_list":{"0":"post-9182","1":"product","2":"type-product","3":"status-publish","4":"has-post-thumbnail","6":"product_brand-nad-at-home","7":"product_cat-home-kit","8":"product_shipping_class-restricted-shipping","10":"first","11":"outofstock","12":"taxable","13":"shipping-taxable","14":"purchasable","15":"product-type-simple"},"group_of_quantity":0,"min_quantity":0,"max_quantity":"","exclude_order_quantity_value_rules":"no","exclude_category_quantity_rules":"no","combine_variations":"no","acf":[],"_links":{"self":[{"href":"https:\/\/nadplusathome.com\/de\/wp-json\/wp\/v2\/product\/9182","targetHints":{"allow":["GET"]}}],"collection":[{"href":"https:\/\/nadplusathome.com\/de\/wp-json\/wp\/v2\/product"}],"about":[{"href":"https:\/\/nadplusathome.com\/de\/wp-json\/wp\/v2\/types\/product"}],"replies":[{"embeddable":true,"href":"https:\/\/nadplusathome.com\/de\/wp-json\/wp\/v2\/comments?post=9182"}],"wp:featuredmedia":[{"embeddable":true,"href":"https:\/\/nadplusathome.com\/de\/wp-json\/wp\/v2\/media\/9296"}],"wp:attachment":[{"href":"https:\/\/nadplusathome.com\/de\/wp-json\/wp\/v2\/media?parent=9182"}],"wp:term":[{"taxonomy":"product_brand","embeddable":true,"href":"https:\/\/nadplusathome.com\/de\/wp-json\/wp\/v2\/product_brand?post=9182"},{"taxonomy":"product_cat","embeddable":true,"href":"https:\/\/nadplusathome.com\/de\/wp-json\/wp\/v2\/product_cat?post=9182"},{"taxonomy":"product_tag","embeddable":true,"href":"https:\/\/nadplusathome.com\/de\/wp-json\/wp\/v2\/product_tag?post=9182"}],"curies":[{"name":"wp","href":"https:\/\/api.w.org\/{rel}","templated":true}]}}