{"id":8610,"date":"2024-05-30T11:14:44","date_gmt":"2024-05-30T10:14:44","guid":{"rendered":"https:\/\/nadplusathome.com\/?post_type=product&#038;p=8610"},"modified":"2026-04-15T15:50:33","modified_gmt":"2026-04-15T14:50:33","slug":"nad-at-home-wellness-combo","status":"publish","type":"product","link":"https:\/\/nadplusathome.com\/de\/product\/nad-at-home-wellness-combo\/","title":{"rendered":"NAD+ AT HOME Wellness-Kombination"},"content":{"rendered":"","protected":false},"excerpt":{"rendered":"<p>Wir haben unsere beiden f\u00fchrenden Nahrungserg\u00e4nzungsmittel kombiniert, um die ultimative Wellness-Kombination zu schaffen. Mit dieser Kombination k\u00f6nnen Sie jetzt <strong>speichern <\/strong>wenn Sie unser NAD+ &amp; L-Glutathion At Home zusammen kaufen, das einzeln 635 \u20ac kostet.<\/p>\n<p>Die gleichzeitige Einnahme von NAD+ und L-Glutathion bringt starke Vorteile mit sich: erh\u00f6hte Zellenergie, verbesserte Entgiftung, starker antioxidativer Schutz, DNA-Reparatur und Anti-Aging, verst\u00e4rkte Immunfunktion, verbesserte Gehirngesundheit, verbesserte Stoffwechselgesundheit und reduzierte Entz\u00fcndung.<\/p>\n<p><strong>Zusammen bilden sie eine leistungsstarke Erg\u00e4nzung f\u00fcr eine optimale Gesundheit.<\/strong><\/p>","protected":false},"featured_media":10041,"comment_status":"closed","ping_status":"closed","template":"","meta":{"_acf_changed":false},"product_brand":[45],"product_cat":[17],"product_tag":[],"class_list":{"0":"post-8610","1":"product","2":"type-product","3":"status-publish","4":"has-post-thumbnail","6":"product_brand-nad-at-home","7":"product_cat-home-kit","8":"product_shipping_class-restricted-shipping","9":"has-subscription-plans","11":"first","12":"instock","13":"sale","14":"featured","15":"taxable","16":"shipping-taxable","17":"purchasable","18":"product-type-simple"},"group_of_quantity":0,"min_quantity":0,"max_quantity":"","exclude_order_quantity_value_rules":"no","exclude_category_quantity_rules":"no","combine_variations":"no","acf":[],"_links":{"self":[{"href":"https:\/\/nadplusathome.com\/de\/wp-json\/wp\/v2\/product\/8610","targetHints":{"allow":["GET"]}}],"collection":[{"href":"https:\/\/nadplusathome.com\/de\/wp-json\/wp\/v2\/product"}],"about":[{"href":"https:\/\/nadplusathome.com\/de\/wp-json\/wp\/v2\/types\/product"}],"replies":[{"embeddable":true,"href":"https:\/\/nadplusathome.com\/de\/wp-json\/wp\/v2\/comments?post=8610"}],"wp:featuredmedia":[{"embeddable":true,"href":"https:\/\/nadplusathome.com\/de\/wp-json\/wp\/v2\/media\/10041"}],"wp:attachment":[{"href":"https:\/\/nadplusathome.com\/de\/wp-json\/wp\/v2\/media?parent=8610"}],"wp:term":[{"taxonomy":"product_brand","embeddable":true,"href":"https:\/\/nadplusathome.com\/de\/wp-json\/wp\/v2\/product_brand?post=8610"},{"taxonomy":"product_cat","embeddable":true,"href":"https:\/\/nadplusathome.com\/de\/wp-json\/wp\/v2\/product_cat?post=8610"},{"taxonomy":"product_tag","embeddable":true,"href":"https:\/\/nadplusathome.com\/de\/wp-json\/wp\/v2\/product_tag?post=8610"}],"curies":[{"name":"wp","href":"https:\/\/api.w.org\/{rel}","templated":true}]}}