{"id":8511,"date":"2024-05-22T13:20:50","date_gmt":"2024-05-22T12:20:50","guid":{"rendered":"https:\/\/nadplusathome.com\/?post_type=product&#038;p=8511"},"modified":"2026-04-07T09:23:53","modified_gmt":"2026-04-07T08:23:53","slug":"lglutathione-at-home","status":"publish","type":"product","link":"https:\/\/nadplusathome.com\/de\/product\/lglutathione-at-home\/","title":{"rendered":"L-Glutathion-Injektionsset f\u00fcr zu Hause"},"content":{"rendered":"","protected":false},"excerpt":{"rendered":"<p>Unterst\u00fctzen Sie die nat\u00fcrliche Entgiftung Ihres K\u00f6rpers mit unserem hochwertigen L-Glutathion-Spritzenpr\u00e4parat, neutralisieren Sie freie Radikale und f\u00f6rdern Sie die allgemeine Gesundheit und das Wohlbefinden von innen.<\/p>\n<p>Unsere fortschrittliche subkutane Formulierung wurde f\u00fcr eine optimale Absorption entwickelt und gew\u00e4hrleistet, dass Ihr K\u00f6rper den vollen Nutzen daraus zieht. Erleben Sie die Unterst\u00fctzung Ihrer nat\u00fcrlichen Entgiftungswege und f\u00f6rdern Sie gleichzeitig eine lebendige, gesund aussehende Haut.<\/p>","protected":false},"featured_media":10034,"comment_status":"closed","ping_status":"closed","template":"","meta":{"_acf_changed":false},"product_brand":[45],"product_cat":[17],"product_tag":[],"class_list":{"0":"post-8511","1":"product","2":"type-product","3":"status-publish","4":"has-post-thumbnail","6":"product_brand-nad-at-home","7":"product_cat-home-kit","8":"product_shipping_class-restricted-shipping","9":"has-subscription-plans","11":"first","12":"instock","13":"featured","14":"taxable","15":"shipping-taxable","16":"purchasable","17":"product-type-simple"},"group_of_quantity":0,"min_quantity":0,"max_quantity":"","exclude_order_quantity_value_rules":"no","exclude_category_quantity_rules":"no","combine_variations":"no","acf":[],"_links":{"self":[{"href":"https:\/\/nadplusathome.com\/de\/wp-json\/wp\/v2\/product\/8511","targetHints":{"allow":["GET"]}}],"collection":[{"href":"https:\/\/nadplusathome.com\/de\/wp-json\/wp\/v2\/product"}],"about":[{"href":"https:\/\/nadplusathome.com\/de\/wp-json\/wp\/v2\/types\/product"}],"replies":[{"embeddable":true,"href":"https:\/\/nadplusathome.com\/de\/wp-json\/wp\/v2\/comments?post=8511"}],"wp:featuredmedia":[{"embeddable":true,"href":"https:\/\/nadplusathome.com\/de\/wp-json\/wp\/v2\/media\/10034"}],"wp:attachment":[{"href":"https:\/\/nadplusathome.com\/de\/wp-json\/wp\/v2\/media?parent=8511"}],"wp:term":[{"taxonomy":"product_brand","embeddable":true,"href":"https:\/\/nadplusathome.com\/de\/wp-json\/wp\/v2\/product_brand?post=8511"},{"taxonomy":"product_cat","embeddable":true,"href":"https:\/\/nadplusathome.com\/de\/wp-json\/wp\/v2\/product_cat?post=8511"},{"taxonomy":"product_tag","embeddable":true,"href":"https:\/\/nadplusathome.com\/de\/wp-json\/wp\/v2\/product_tag?post=8511"}],"curies":[{"name":"wp","href":"https:\/\/api.w.org\/{rel}","templated":true}]}}