{"id":43014,"date":"2026-03-20T15:20:36","date_gmt":"2026-03-20T15:20:36","guid":{"rendered":"https:\/\/nadplusathome.com\/?post_type=product&#038;p=43014"},"modified":"2026-05-05T11:42:32","modified_gmt":"2026-05-05T10:42:32","slug":"refills-for-nad-lglutathione-pen-combo","status":"publish","type":"product","link":"https:\/\/nadplusathome.com\/de\/product\/refills-for-nad-lglutathione-pen-combo\/","title":{"rendered":"Nachf\u00fcllpackungen f\u00fcr NAD+ &amp; L-Glutathion Stift-Kombination"},"content":{"rendered":"","protected":false},"excerpt":{"rendered":"<p>Bleiben Sie bei Ihrem Protokoll mit unserem NAD+ &amp; L-Glutathion Nachf\u00fcllpack, das exklusiv f\u00fcr die Verwendung mit unseren Heimanwendungss\u00e4ulen entwickelt wurde.<\/p>\n<p>Diese Doppelpackung vereint zwei der gefragtesten Molek\u00fcle im modernen Wellness. NAD+ spielt eine Schl\u00fcsselrolle bei der zellul\u00e4ren Energieproduktion und der Stoffwechselfunktion, w\u00e4hrend L-Glutathion weithin f\u00fcr seine Rolle in der antioxidativen Abwehr und zur Unterst\u00fctzung der nat\u00fcrlichen Entgiftungswege des K\u00f6rpers anerkannt ist.<\/p>\n<p>Gemeinsam erg\u00e4nzen sie eine Routine, die auf Energie, Erholung, Hautgesundheit und allgemeine Vitalit\u00e4t ausgerichtet ist.<\/p>\n<p>Sparen Sie \u00fcber 201 TP3T im Vergleich zum Kauf einzelner Nachf\u00fcllsets f\u00fcr Stifte.<\/p>","protected":false},"featured_media":43022,"comment_status":"closed","ping_status":"closed","template":"","meta":{"_acf_changed":false},"product_brand":[45],"product_cat":[17],"product_tag":[],"class_list":{"0":"post-43014","1":"product","2":"type-product","3":"status-publish","4":"has-post-thumbnail","6":"product_brand-nad-at-home","7":"product_cat-home-kit","8":"product_shipping_class-restricted-shipping","9":"has-subscription-plans","11":"first","12":"instock","13":"sale","14":"featured","15":"taxable","16":"shipping-taxable","17":"purchasable","18":"product-type-simple"},"group_of_quantity":0,"min_quantity":0,"max_quantity":"","exclude_order_quantity_value_rules":"no","exclude_category_quantity_rules":"no","combine_variations":"no","acf":[],"_links":{"self":[{"href":"https:\/\/nadplusathome.com\/de\/wp-json\/wp\/v2\/product\/43014","targetHints":{"allow":["GET"]}}],"collection":[{"href":"https:\/\/nadplusathome.com\/de\/wp-json\/wp\/v2\/product"}],"about":[{"href":"https:\/\/nadplusathome.com\/de\/wp-json\/wp\/v2\/types\/product"}],"replies":[{"embeddable":true,"href":"https:\/\/nadplusathome.com\/de\/wp-json\/wp\/v2\/comments?post=43014"}],"wp:featuredmedia":[{"embeddable":true,"href":"https:\/\/nadplusathome.com\/de\/wp-json\/wp\/v2\/media\/43022"}],"wp:attachment":[{"href":"https:\/\/nadplusathome.com\/de\/wp-json\/wp\/v2\/media?parent=43014"}],"wp:term":[{"taxonomy":"product_brand","embeddable":true,"href":"https:\/\/nadplusathome.com\/de\/wp-json\/wp\/v2\/product_brand?post=43014"},{"taxonomy":"product_cat","embeddable":true,"href":"https:\/\/nadplusathome.com\/de\/wp-json\/wp\/v2\/product_cat?post=43014"},{"taxonomy":"product_tag","embeddable":true,"href":"https:\/\/nadplusathome.com\/de\/wp-json\/wp\/v2\/product_tag?post=43014"}],"curies":[{"name":"wp","href":"https:\/\/api.w.org\/{rel}","templated":true}]}}