{"id":42665,"date":"2026-03-13T15:18:59","date_gmt":"2026-03-13T15:18:59","guid":{"rendered":"https:\/\/nadplusathome.com\/?post_type=product&#038;p=42665"},"modified":"2026-05-05T12:19:49","modified_gmt":"2026-05-05T11:19:49","slug":"nad-l-glutathione-pen-combo","status":"publish","type":"product","link":"https:\/\/nadplusathome.com\/de\/product\/nad-l-glutathione-pen-combo\/","title":{"rendered":"NAD+ &amp; L-Glutathion-Kombination \u2013 Das Wellness-Stift-Set"},"content":{"rendered":"","protected":false},"excerpt":{"rendered":"<p>Unsere Pen-Kit-Kombination ist die erste ihrer Art, die die Wellness-Vorteile von NAD+ und L-Glutathion in einem einzigen Doppel-Pen-Kit f\u00fcr zu Hause bietet. Wenn Sie NAD+ und L-Glutathion zu Ihrer Routine hinzuf\u00fcgen, k\u00f6nnen Sie von zahlreichen Verbesserungen Ihres Wohlbefindens profitieren.<\/p>\n<p>Zu den Vorteilen dieser Doppelkombination geh\u00f6ren: erh\u00f6hte Zellenergie, verbesserte Entgiftung, starker antioxidativer Schutz, DNA-Reparatur und Anti-Aging, verst\u00e4rkte Immunfunktion, verbesserte Gehirngesundheit, verbesserte Stoffwechselgesundheit und reduzierte Entz\u00fcndung.<br \/>\nJedes Kit enth\u00e4lt alles, was Sie f\u00fcr die Behandlung zu Hause ben\u00f6tigen, einschlie\u00dflich Mikronadeln, antibakteriellen T\u00fcchern und den Autoinjektor-Stiften.<\/p>\n<p>Bestellen Sie jetzt und sparen Sie \u00fcber 20% im Vergleich zum Kauf einzelner Stiftsets.<\/p>","protected":false},"featured_media":42960,"comment_status":"closed","ping_status":"closed","template":"","meta":{"_acf_changed":false},"product_brand":[45],"product_cat":[17],"product_tag":[],"class_list":{"0":"post-42665","1":"product","2":"type-product","3":"status-publish","4":"has-post-thumbnail","6":"product_brand-nad-at-home","7":"product_cat-home-kit","8":"product_shipping_class-restricted-shipping","9":"has-subscription-plans","11":"first","12":"instock","13":"sale","14":"featured","15":"taxable","16":"shipping-taxable","17":"purchasable","18":"product-type-simple"},"group_of_quantity":0,"min_quantity":0,"max_quantity":"","exclude_order_quantity_value_rules":"no","exclude_category_quantity_rules":"no","combine_variations":"no","acf":[],"_links":{"self":[{"href":"https:\/\/nadplusathome.com\/de\/wp-json\/wp\/v2\/product\/42665","targetHints":{"allow":["GET"]}}],"collection":[{"href":"https:\/\/nadplusathome.com\/de\/wp-json\/wp\/v2\/product"}],"about":[{"href":"https:\/\/nadplusathome.com\/de\/wp-json\/wp\/v2\/types\/product"}],"replies":[{"embeddable":true,"href":"https:\/\/nadplusathome.com\/de\/wp-json\/wp\/v2\/comments?post=42665"}],"wp:featuredmedia":[{"embeddable":true,"href":"https:\/\/nadplusathome.com\/de\/wp-json\/wp\/v2\/media\/42960"}],"wp:attachment":[{"href":"https:\/\/nadplusathome.com\/de\/wp-json\/wp\/v2\/media?parent=42665"}],"wp:term":[{"taxonomy":"product_brand","embeddable":true,"href":"https:\/\/nadplusathome.com\/de\/wp-json\/wp\/v2\/product_brand?post=42665"},{"taxonomy":"product_cat","embeddable":true,"href":"https:\/\/nadplusathome.com\/de\/wp-json\/wp\/v2\/product_cat?post=42665"},{"taxonomy":"product_tag","embeddable":true,"href":"https:\/\/nadplusathome.com\/de\/wp-json\/wp\/v2\/product_tag?post=42665"}],"curies":[{"name":"wp","href":"https:\/\/api.w.org\/{rel}","templated":true}]}}