{"id":42589,"date":"2026-03-12T09:05:45","date_gmt":"2026-03-12T09:05:45","guid":{"rendered":"https:\/\/nadplusathome.com\/?post_type=product&#038;p=42589"},"modified":"2026-05-05T11:40:16","modified_gmt":"2026-05-05T10:40:16","slug":"refills-for-l-glutathione-pen","status":"publish","type":"product","link":"https:\/\/nadplusathome.com\/de\/product\/refills-for-l-glutathione-pen\/","title":{"rendered":"Nachf\u00fcllpackungen f\u00fcr L-Glutathion-Pen"},"content":{"rendered":"","protected":false},"excerpt":{"rendered":"<p>Unser Nachf\u00fcllset bietet einen weiteren vollst\u00e4ndigen Vorrat an L-Glutathion f\u00fcr Ihren nachf\u00fcllbaren Injektionsstift. F\u00fcllen Sie jetzt nach und machen Sie sich auf den Weg, Ihren Antioxidantienspiegel wiederherzustellen und aufrechtzuerhalten, um die Ausstrahlung der Haut, die Entgiftung und die Gesundheit des Immunsystems von innen heraus zu unterst\u00fctzen.<\/p>\n<p>Mit zunehmendem Alter sinkt unser L-Glutathion-Spiegel auf nat\u00fcrliche Weise, was sich auf die allgemeine Vitalit\u00e4t und die Klarheit der Haut auswirkt. Forschungsergebnisse deuten darauf hin, dass unser L-Glutathion-Spiegel bis zum Alter von 40 Jahren um 30% sinkt und sich bis zum Alter von 65 Jahren in der Regel halbiert.<\/p>\n<p>Setzen Sie diesen Tropfen unser L-Glutathion Pen Kit mit seiner Bioverf\u00fcgbarkeit von nahezu 100 % entgegen. Dieser hochwertige Autoinjektor sorgt f\u00fcr eine schnelle Absorption und hilft Ihnen, Ihren Teint aufzuhellen, oxidativen Stress zu bek\u00e4mpfen und die Zellreparatur zu f\u00f6rdern - und das alles bequem von zu Hause aus.<\/p>","protected":false},"featured_media":42932,"comment_status":"closed","ping_status":"closed","template":"","meta":{"_acf_changed":false},"product_brand":[45],"product_cat":[17],"product_tag":[],"class_list":{"0":"post-42589","1":"product","2":"type-product","3":"status-publish","4":"has-post-thumbnail","6":"product_brand-nad-at-home","7":"product_cat-home-kit","8":"product_shipping_class-restricted-shipping","9":"has-subscription-plans","11":"first","12":"instock","13":"sale","14":"featured","15":"taxable","16":"shipping-taxable","17":"purchasable","18":"product-type-variable","19":"has-default-attributes"},"group_of_quantity":0,"min_quantity":0,"max_quantity":"","exclude_order_quantity_value_rules":"no","exclude_category_quantity_rules":"no","combine_variations":"no","acf":[],"_links":{"self":[{"href":"https:\/\/nadplusathome.com\/de\/wp-json\/wp\/v2\/product\/42589","targetHints":{"allow":["GET"]}}],"collection":[{"href":"https:\/\/nadplusathome.com\/de\/wp-json\/wp\/v2\/product"}],"about":[{"href":"https:\/\/nadplusathome.com\/de\/wp-json\/wp\/v2\/types\/product"}],"replies":[{"embeddable":true,"href":"https:\/\/nadplusathome.com\/de\/wp-json\/wp\/v2\/comments?post=42589"}],"wp:featuredmedia":[{"embeddable":true,"href":"https:\/\/nadplusathome.com\/de\/wp-json\/wp\/v2\/media\/42932"}],"wp:attachment":[{"href":"https:\/\/nadplusathome.com\/de\/wp-json\/wp\/v2\/media?parent=42589"}],"wp:term":[{"taxonomy":"product_brand","embeddable":true,"href":"https:\/\/nadplusathome.com\/de\/wp-json\/wp\/v2\/product_brand?post=42589"},{"taxonomy":"product_cat","embeddable":true,"href":"https:\/\/nadplusathome.com\/de\/wp-json\/wp\/v2\/product_cat?post=42589"},{"taxonomy":"product_tag","embeddable":true,"href":"https:\/\/nadplusathome.com\/de\/wp-json\/wp\/v2\/product_tag?post=42589"}],"curies":[{"name":"wp","href":"https:\/\/api.w.org\/{rel}","templated":true}]}}