{"id":42406,"date":"2026-03-09T11:10:07","date_gmt":"2026-03-09T11:10:07","guid":{"rendered":"https:\/\/nadplusathome.com\/?post_type=product&#038;p=42406"},"modified":"2026-04-15T15:45:25","modified_gmt":"2026-04-15T14:45:25","slug":"nad-pen-single-cartridge-refill-500mg","status":"publish","type":"product","link":"https:\/\/nadplusathome.com\/de\/product\/nad-pen-single-cartridge-refill-500mg\/","title":{"rendered":"Einzelne Nachf\u00fcllpackung f\u00fcr NAD+ Pen (500mg)"},"content":{"rendered":"","protected":false},"excerpt":{"rendered":"<p>Unser NAD+ Einzelpatronen-Nachf\u00fcllset bietet einen kompletten 500mg-Vorrat an NAD+, der f\u00fcr die Verwendung mit Ihrem nachf\u00fcllbaren Injektionspen bestimmt ist. Jede Patrone liefert 10 Dosen NAD+ und ist somit eine bequeme Option f\u00fcr die Aufrechterhaltung Ihrer Routine.<\/p>\n<p>Das Kit enth\u00e4lt au\u00dferdem Nadeln, Alkoholt\u00fccher und einen Sicherheitsbeh\u00e4lter f\u00fcr eine sichere und hygienische Verabreichung.<\/p>\n<p>Unser empfohlenes Monatsprotokoll ist zwar die vollst\u00e4ndige <a href=\"https:\/\/nadplusathome.com\/de\/product\/nad-injection-pen-refill-kits\/?wmc-currency=EUR\">1000mg Nachf\u00fcllpackung<\/a>, Wir haben diese Option als kosteng\u00fcnstige und flexible Alternative f\u00fcr diejenigen geschaffen, die kleinere Mengen bevorzugen.<\/p>","protected":false},"featured_media":42410,"comment_status":"closed","ping_status":"closed","template":"","meta":{"_acf_changed":false},"product_brand":[45],"product_cat":[17],"product_tag":[],"class_list":{"0":"post-42406","1":"product","2":"type-product","3":"status-publish","4":"has-post-thumbnail","6":"product_brand-nad-at-home","7":"product_cat-home-kit","8":"product_shipping_class-restricted-shipping","9":"has-subscription-plans","11":"first","12":"instock","13":"taxable","14":"shipping-taxable","15":"purchasable","16":"product-type-simple"},"group_of_quantity":0,"min_quantity":0,"max_quantity":"","exclude_order_quantity_value_rules":"no","exclude_category_quantity_rules":"no","combine_variations":"no","acf":[],"_links":{"self":[{"href":"https:\/\/nadplusathome.com\/de\/wp-json\/wp\/v2\/product\/42406","targetHints":{"allow":["GET"]}}],"collection":[{"href":"https:\/\/nadplusathome.com\/de\/wp-json\/wp\/v2\/product"}],"about":[{"href":"https:\/\/nadplusathome.com\/de\/wp-json\/wp\/v2\/types\/product"}],"replies":[{"embeddable":true,"href":"https:\/\/nadplusathome.com\/de\/wp-json\/wp\/v2\/comments?post=42406"}],"wp:featuredmedia":[{"embeddable":true,"href":"https:\/\/nadplusathome.com\/de\/wp-json\/wp\/v2\/media\/42410"}],"wp:attachment":[{"href":"https:\/\/nadplusathome.com\/de\/wp-json\/wp\/v2\/media?parent=42406"}],"wp:term":[{"taxonomy":"product_brand","embeddable":true,"href":"https:\/\/nadplusathome.com\/de\/wp-json\/wp\/v2\/product_brand?post=42406"},{"taxonomy":"product_cat","embeddable":true,"href":"https:\/\/nadplusathome.com\/de\/wp-json\/wp\/v2\/product_cat?post=42406"},{"taxonomy":"product_tag","embeddable":true,"href":"https:\/\/nadplusathome.com\/de\/wp-json\/wp\/v2\/product_tag?post=42406"}],"curies":[{"name":"wp","href":"https:\/\/api.w.org\/{rel}","templated":true}]}}