{"id":40832,"date":"2026-02-06T13:48:48","date_gmt":"2026-02-06T13:48:48","guid":{"rendered":"https:\/\/nadplusathome.com\/?post_type=product&#038;p=40832"},"modified":"2026-05-05T11:38:14","modified_gmt":"2026-05-05T10:38:14","slug":"l-glutathione-pen-kit","status":"publish","type":"product","link":"https:\/\/nadplusathome.com\/de\/product\/l-glutathione-pen-kit\/","title":{"rendered":"L-Glutathion-Stift-Kit"},"content":{"rendered":"","protected":false},"excerpt":{"rendered":"<p>Unser At Home Pen Kit bietet L-Glutathion in Premiumqualit\u00e4t f\u00fcr die einfache Verabreichung zu Hause. Wirken Sie dem nat\u00fcrlichen R\u00fcckgang dieses wichtigen Molek\u00fcls mit unserer fortschrittlichen subkutanen Formulierung entgegen, die eine Bioverf\u00fcgbarkeit von nahezu 100 % bietet.<\/p>\n<p>L-Glutathion spielt eine Schl\u00fcsselrolle bei vielen biologischen Prozessen, einschlie\u00dflich der zellul\u00e4ren Entgiftung, der antioxidativen Abwehr und der St\u00e4rkung unseres Immunsystems. Und aufgrund seiner Rolle bei der Verringerung von oxidativem Stress kann L-Glutathion eine Rolle f\u00fcr die Ausstrahlung, das Strahlen und die Gesundheit unserer Haut spielen.<\/p>\n<p>Unser einfach zu bedienendes Set enth\u00e4lt alles, was Sie brauchen, um freie Radikale zu neutralisieren, die Immunfunktion zu verbessern und die Hautgesundheit zu f\u00f6rdern, und bringt die Qualit\u00e4t klinischer Behandlungen zu Ihnen nach Hause. Schlie\u00dfen Sie einfach die Mikronadel und die Patrone an, und schon ist Ihr L-Glutathion-Injektionsstift einsatzbereit. Lesen Sie weiter, um weitere Ratschl\u00e4ge zu erhalten und um unsere Schritt-f\u00fcr-Schritt-Videoanleitung zu sehen.<\/p>\n<p>&nbsp;<\/p>\n<p>&nbsp;<\/p>","protected":false},"featured_media":42927,"comment_status":"closed","ping_status":"closed","template":"","meta":{"_acf_changed":false},"product_brand":[45],"product_cat":[17],"product_tag":[],"class_list":{"0":"post-40832","1":"product","2":"type-product","3":"status-publish","4":"has-post-thumbnail","6":"product_brand-nad-at-home","7":"product_cat-home-kit","8":"product_shipping_class-restricted-shipping","9":"has-subscription-plans","11":"first","12":"instock","13":"sale","14":"featured","15":"taxable","16":"shipping-taxable","17":"purchasable","18":"product-type-variable","19":"has-default-attributes"},"group_of_quantity":0,"min_quantity":0,"max_quantity":"","exclude_order_quantity_value_rules":"no","exclude_category_quantity_rules":"no","combine_variations":"no","acf":[],"_links":{"self":[{"href":"https:\/\/nadplusathome.com\/de\/wp-json\/wp\/v2\/product\/40832","targetHints":{"allow":["GET"]}}],"collection":[{"href":"https:\/\/nadplusathome.com\/de\/wp-json\/wp\/v2\/product"}],"about":[{"href":"https:\/\/nadplusathome.com\/de\/wp-json\/wp\/v2\/types\/product"}],"replies":[{"embeddable":true,"href":"https:\/\/nadplusathome.com\/de\/wp-json\/wp\/v2\/comments?post=40832"}],"wp:featuredmedia":[{"embeddable":true,"href":"https:\/\/nadplusathome.com\/de\/wp-json\/wp\/v2\/media\/42927"}],"wp:attachment":[{"href":"https:\/\/nadplusathome.com\/de\/wp-json\/wp\/v2\/media?parent=40832"}],"wp:term":[{"taxonomy":"product_brand","embeddable":true,"href":"https:\/\/nadplusathome.com\/de\/wp-json\/wp\/v2\/product_brand?post=40832"},{"taxonomy":"product_cat","embeddable":true,"href":"https:\/\/nadplusathome.com\/de\/wp-json\/wp\/v2\/product_cat?post=40832"},{"taxonomy":"product_tag","embeddable":true,"href":"https:\/\/nadplusathome.com\/de\/wp-json\/wp\/v2\/product_tag?post=40832"}],"curies":[{"name":"wp","href":"https:\/\/api.w.org\/{rel}","templated":true}]}}