{"id":26411,"date":"2025-06-16T09:30:16","date_gmt":"2025-06-16T08:30:16","guid":{"rendered":"https:\/\/nadplusathome.com\/?post_type=product&#038;p=26411"},"modified":"2026-04-08T13:48:26","modified_gmt":"2026-04-08T12:48:26","slug":"nad-injection-pen-pen-only","status":"publish","type":"product","link":"https:\/\/nadplusathome.com\/de\/product\/nad-injection-pen-pen-only\/","title":{"rendered":"Nur NAD+-Stift (Ersatz\/Ersatz)"},"content":{"rendered":"","protected":false},"excerpt":{"rendered":"<p>Unser nachf\u00fcllbarer NAD+ Injektionspen ist f\u00fcr die bequeme und pr\u00e4zise Selbstverabreichung mit Standard-3ml-Patronen und Mikronadeln konzipiert.<\/p>\n<p>Dieser einfach zu bedienende Premium-Autoinjektor bietet eine kontrollierte Dosierung in einem kompakten, diskreten Stiftformat, mit dem Sie Ihre NAD+-Injektionen zu Hause oder auf Reisen einfach verwalten k\u00f6nnen.<\/p>\n<p>Diese Nur-Stift-Option ist ideal f\u00fcr diejenigen, die bereits Patronen und Zubeh\u00f6r besitzen oder einen Ersatz- oder Ersatzstift ben\u00f6tigen.<\/p>\n<p>Viele Kunden kaufen auch einen zus\u00e4tzlichen Stift als Backup, f\u00fcr Reisen oder f\u00fcr den Einsatz an mehreren Standorten.<\/p>","protected":false},"featured_media":20424,"comment_status":"closed","ping_status":"closed","template":"","meta":{"_acf_changed":false},"product_brand":[45],"product_cat":[44],"product_tag":[],"class_list":{"0":"post-26411","1":"product","2":"type-product","3":"status-publish","4":"has-post-thumbnail","6":"product_brand-nad-at-home","7":"product_cat-accessories","9":"first","10":"instock","11":"taxable","12":"shipping-taxable","13":"purchasable","14":"product-type-simple"},"group_of_quantity":0,"min_quantity":0,"max_quantity":"","exclude_order_quantity_value_rules":"no","exclude_category_quantity_rules":"no","combine_variations":"no","acf":[],"_links":{"self":[{"href":"https:\/\/nadplusathome.com\/de\/wp-json\/wp\/v2\/product\/26411","targetHints":{"allow":["GET"]}}],"collection":[{"href":"https:\/\/nadplusathome.com\/de\/wp-json\/wp\/v2\/product"}],"about":[{"href":"https:\/\/nadplusathome.com\/de\/wp-json\/wp\/v2\/types\/product"}],"replies":[{"embeddable":true,"href":"https:\/\/nadplusathome.com\/de\/wp-json\/wp\/v2\/comments?post=26411"}],"wp:featuredmedia":[{"embeddable":true,"href":"https:\/\/nadplusathome.com\/de\/wp-json\/wp\/v2\/media\/20424"}],"wp:attachment":[{"href":"https:\/\/nadplusathome.com\/de\/wp-json\/wp\/v2\/media?parent=26411"}],"wp:term":[{"taxonomy":"product_brand","embeddable":true,"href":"https:\/\/nadplusathome.com\/de\/wp-json\/wp\/v2\/product_brand?post=26411"},{"taxonomy":"product_cat","embeddable":true,"href":"https:\/\/nadplusathome.com\/de\/wp-json\/wp\/v2\/product_cat?post=26411"},{"taxonomy":"product_tag","embeddable":true,"href":"https:\/\/nadplusathome.com\/de\/wp-json\/wp\/v2\/product_tag?post=26411"}],"curies":[{"name":"wp","href":"https:\/\/api.w.org\/{rel}","templated":true}]}}