{"id":20347,"date":"2025-03-03T17:20:31","date_gmt":"2025-03-03T17:20:31","guid":{"rendered":"https:\/\/nadplusathome.com\/?post_type=product&#038;p=20347"},"modified":"2026-04-15T14:58:06","modified_gmt":"2026-04-15T13:58:06","slug":"nad-injection-pen","status":"publish","type":"product","link":"https:\/\/nadplusathome.com\/de\/product\/nad-injection-pen\/","title":{"rendered":"NAD+ Stift"},"content":{"rendered":"","protected":false},"excerpt":{"rendered":"<p><span style=\"font-weight: 400;\">Unser NAD+ At Home Pen liefert hochwertiges NAD+ f\u00fcr die einfache Einnahme zu Hause. Schlie\u00dfen Sie einfach die Mikronadel und die Patrone an und Ihr NAD+ Injektionsstift ist einsatzbereit. <\/span>Das Kit enth\u00e4lt alles, was Sie brauchen, um die Vorteile von erh\u00f6htem NAD+ zu sp\u00fcren. F\u00fcr jede Bestellung ist ein Analysezertifikat erh\u00e4ltlich, so dass Sie sicher sein k\u00f6nnen, dass die NAD+-L\u00f6sung und das Pen-Kit von h\u00f6chster Qualit\u00e4t sind.<\/p>\n<p><span style=\"font-weight: 400;\">Wir bedienen nicht nur Kunden zu Hause, sondern auch Kliniken, Salons und unabh\u00e4ngige Kosmetikerinnen, die alle die gleiche L\u00f6sung verwenden. <\/span><\/p>","protected":false},"featured_media":20583,"comment_status":"closed","ping_status":"closed","template":"","meta":{"_acf_changed":false},"product_brand":[45],"product_cat":[17],"product_tag":[],"class_list":{"0":"post-20347","1":"product","2":"type-product","3":"status-publish","4":"has-post-thumbnail","6":"product_brand-nad-at-home","7":"product_cat-home-kit","8":"product_shipping_class-restricted-shipping","9":"has-subscription-plans","11":"first","12":"instock","13":"sale","14":"featured","15":"taxable","16":"shipping-taxable","17":"purchasable","18":"product-type-variable","19":"has-default-attributes"},"group_of_quantity":0,"min_quantity":0,"max_quantity":"","exclude_order_quantity_value_rules":"no","exclude_category_quantity_rules":"no","combine_variations":"no","acf":[],"_links":{"self":[{"href":"https:\/\/nadplusathome.com\/de\/wp-json\/wp\/v2\/product\/20347","targetHints":{"allow":["GET"]}}],"collection":[{"href":"https:\/\/nadplusathome.com\/de\/wp-json\/wp\/v2\/product"}],"about":[{"href":"https:\/\/nadplusathome.com\/de\/wp-json\/wp\/v2\/types\/product"}],"replies":[{"embeddable":true,"href":"https:\/\/nadplusathome.com\/de\/wp-json\/wp\/v2\/comments?post=20347"}],"wp:featuredmedia":[{"embeddable":true,"href":"https:\/\/nadplusathome.com\/de\/wp-json\/wp\/v2\/media\/20583"}],"wp:attachment":[{"href":"https:\/\/nadplusathome.com\/de\/wp-json\/wp\/v2\/media?parent=20347"}],"wp:term":[{"taxonomy":"product_brand","embeddable":true,"href":"https:\/\/nadplusathome.com\/de\/wp-json\/wp\/v2\/product_brand?post=20347"},{"taxonomy":"product_cat","embeddable":true,"href":"https:\/\/nadplusathome.com\/de\/wp-json\/wp\/v2\/product_cat?post=20347"},{"taxonomy":"product_tag","embeddable":true,"href":"https:\/\/nadplusathome.com\/de\/wp-json\/wp\/v2\/product_tag?post=20347"}],"curies":[{"name":"wp","href":"https:\/\/api.w.org\/{rel}","templated":true}]}}