{"id":10515,"date":"2024-08-20T13:07:35","date_gmt":"2024-08-20T12:07:35","guid":{"rendered":"https:\/\/nadplusathome.com\/?post_type=product&#038;p=10515"},"modified":"2026-04-07T09:32:44","modified_gmt":"2026-04-07T08:32:44","slug":"liposomal-nad-capsules","status":"publish","type":"product","link":"https:\/\/nadplusathome.com\/de\/product\/liposomal-nad-capsules\/","title":{"rendered":"Liposomale NAD+-Kapseln"},"content":{"rendered":"","protected":false},"excerpt":{"rendered":"<p>Wir stellen die besten NAD+ Kapseln f\u00fcr Energie, Langlebigkeit und Zellgesundheit vor, die jetzt auch f\u00fcr diejenigen erh\u00e4ltlich sind, die nach NAD-Tabletten oder NAD-Pillen suchen, um ihre Routine zu verbessern. Unsere 250mg NAD+ Erg\u00e4nzung mit liposomaler Zufuhr ist in einer NAD-Kapsel enthalten, die oral eingenommen werden kann und dennoch die h\u00f6chste Bioverf\u00fcgbarkeit f\u00f6rdert, ohne dass Nadeln erforderlich sind.<\/p>\n<p>Mit unserer innovativen SAIFx\u00ae-Technologie haben wir die weltweit ersten wirklich trockenen Liposomen f\u00fcr Nutrazeutika entwickelt. Diese au\u00dfergew\u00f6hnlich kleinen Liposomen durchdringen leicht die Zellbarrieren und gelangen in den Blutkreislauf, was unser NAD+-Supplement zu einer der wirksamsten NAD+-Kapseln auf dem Markt macht.<\/p>\n<p><a href=\"#contentRepeater\">Lesen Sie mehr dar\u00fcber, wie es funktioniert!<\/a><\/p>","protected":false},"featured_media":12116,"comment_status":"closed","ping_status":"closed","template":"","meta":{"_acf_changed":false},"product_brand":[45],"product_cat":[27],"product_tag":[],"class_list":{"0":"post-10515","1":"product","2":"type-product","3":"status-publish","4":"has-post-thumbnail","6":"product_brand-nad-at-home","7":"product_cat-capsules","8":"has-subscription-plans","10":"first","11":"instock","12":"sale","13":"featured","14":"taxable","15":"shipping-taxable","16":"purchasable","17":"product-type-variable","18":"has-default-attributes"},"group_of_quantity":0,"min_quantity":0,"max_quantity":"","exclude_order_quantity_value_rules":"no","exclude_category_quantity_rules":"no","combine_variations":"no","acf":[],"_links":{"self":[{"href":"https:\/\/nadplusathome.com\/de\/wp-json\/wp\/v2\/product\/10515","targetHints":{"allow":["GET"]}}],"collection":[{"href":"https:\/\/nadplusathome.com\/de\/wp-json\/wp\/v2\/product"}],"about":[{"href":"https:\/\/nadplusathome.com\/de\/wp-json\/wp\/v2\/types\/product"}],"replies":[{"embeddable":true,"href":"https:\/\/nadplusathome.com\/de\/wp-json\/wp\/v2\/comments?post=10515"}],"wp:featuredmedia":[{"embeddable":true,"href":"https:\/\/nadplusathome.com\/de\/wp-json\/wp\/v2\/media\/12116"}],"wp:attachment":[{"href":"https:\/\/nadplusathome.com\/de\/wp-json\/wp\/v2\/media?parent=10515"}],"wp:term":[{"taxonomy":"product_brand","embeddable":true,"href":"https:\/\/nadplusathome.com\/de\/wp-json\/wp\/v2\/product_brand?post=10515"},{"taxonomy":"product_cat","embeddable":true,"href":"https:\/\/nadplusathome.com\/de\/wp-json\/wp\/v2\/product_cat?post=10515"},{"taxonomy":"product_tag","embeddable":true,"href":"https:\/\/nadplusathome.com\/de\/wp-json\/wp\/v2\/product_tag?post=10515"}],"curies":[{"name":"wp","href":"https:\/\/api.w.org\/{rel}","templated":true}]}}