{"id":9579,"date":"2024-07-09T11:45:57","date_gmt":"2024-07-09T10:45:57","guid":{"rendered":"https:\/\/nadplusathome.com\/?page_id=9579"},"modified":"2025-10-20T16:07:22","modified_gmt":"2025-10-20T15:07:22","slug":"how-to-use-nad-at-home-mini-500mg","status":"publish","type":"page","link":"https:\/\/nadplusathome.com\/de\/how-to-use-nad-at-home-mini-500mg\/","title":{"rendered":"How to use NAD+ AT HOME Mini"},"content":{"rendered":"<div class=\"block-benefits-header\" id=\"benefits-header-block_3e1c9780634af5ae86246a47d3ad2312\">\n    <div class=\"container-wide\">\n        <div class=\"header-split\">\n            <div class=\"content\">\n                                    <h1>So verwenden Sie NAD+ AT HOME Mini<\/h1>\n                                                    <h3>Entwickelt f\u00fcr Komfort und Leichtigkeit.<\/h3>\n                                <div class=\"inner-content\">\n                    <p>Verbessern Sie Ihr Biohacking-Spiel mit unseren NAD+ Mikroinjektionen f\u00fcr zu Hause. Unsere ultrafeinen Spritzen sind benutzerfreundlich und machen es einfach, sich NAD+ zu Hause zu injizieren. Dies ist das erste Kit seiner Art in Gro\u00dfbritannien, das eine bequeme M\u00f6glichkeit bietet, Ihren NAD+-Spiegel zu erh\u00f6hen. Unsere kleinere L\u00f6sung (NAD+ Mini) erm\u00f6glicht es Ihnen jetzt, eine kleinere Menge zu kaufen, damit Sie Ihre Wellness-Reise mit uns zu geringeren Kosten beginnen k\u00f6nnen.<\/p>\n                <\/div>\n                                    <a href=\"\/de\/product\/nad-at-home-mini-500mg\/?wmc-currency=EUR\" class=\"blue-btn\">NAD+ Mini kaufen<\/a>\n                            <\/div>\n            <div class=\"image\" style=\"background-image: url(https:\/\/nadplusathome.com\/wp-content\/uploads\/2024\/06\/nad-vial-500mg-nad-at-home-injections-mini-hand.webp);\"><\/div>\n        <\/div>\n    <\/div>\n<\/div>\n\n\n\n<div class=\"block-text-content black\" id=\"text-content-block_90e97c0eb742641ded5ed0dfeec23a84\">\n    <div class=\"container-wide\">\n        <div class=\"inner-content vidtext\">\n            <div class=\"text\">\n                                    <h2>Benutzerhandbuch<\/h2>\n                                <div class=\"content\">\n                    <p>So verwenden Sie Ihr NAD<span class='bluePlusDangit'>+<\/span> Selbstinjektionskit zu Hause zu verwenden, befolgen Sie die folgenden vereinfachten Schritte:<\/p>\n<ol>\n<li><strong>Saubere H\u00e4nde<\/strong>: Waschen oder desinfizieren Sie Ihre H\u00e4nde gr\u00fcndlich.<\/li>\n<li><strong>Materialien vorbereiten<\/strong>: \u00d6ffnen Sie Ihr NAD<span class='bluePlusDangit'>+<\/span> Kit, um die Spritzen, die L\u00f6sung, die Alkoholtupfer und den Beh\u00e4lter f\u00fcr scharfe Gegenst\u00e4nde zu finden.<\/li>\n<li><strong>Temperaturanpassung<\/strong>: Lassen Sie das gek\u00fchlte NAD<span class='bluePlusDangit'>+<\/span> Fl\u00e4schchen auf Raumtemperatur bringen, um Unannehmlichkeiten zu vermeiden.<\/li>\n<li><strong>Sterilisieren<\/strong>: Reinigen Sie den Deckel des Fl\u00e4schchens mit einem Alkoholtupfer und lassen Sie ihn trocknen.<\/li>\n<li><strong>Spritze vorbereiten<\/strong>: Entfernen Sie die Schutzkappen von der Spritze, f\u00fchren Sie sie in das Fl\u00e4schchen ein, drehen Sie sie um und ziehen Sie 0,25 ml der L\u00f6sung auf, wobei darauf zu achten ist, dass keine Luftblasen entstehen.<\/li>\n<li><strong>Injektionsstelle ausw\u00e4hlen<\/strong>: W\u00e4hlen Sie einen Bereich wie den Bauch oder den Oberschenkel, und wechseln Sie die Stellen bei jeder Injektion.<\/li>\n<li><strong>Standort desinfizieren<\/strong>: Reinigen Sie die Injektionsstelle mit einem weiteren Tupfer.<\/li>\n<li><strong>Einspritzen<\/strong>: Dr\u00fccken Sie die Haut zusammen, f\u00fchren Sie die Nadel sanft ein und injizieren Sie die L\u00f6sung durch Dr\u00fccken des Kolbens.<\/li>\n<li><strong>Entsorgen Sie<\/strong>: Geben Sie gebrauchte Nadeln in den Beh\u00e4lter f\u00fcr scharfe Gegenst\u00e4nde.<\/li>\n<li><strong>Lagerung<\/strong>: Behalten Sie das NAD<span class='bluePlusDangit'>+<\/span> Fl\u00e4schchen gek\u00fchlt und bewahren Sie das Kit sicher vor Kindern und Haustieren auf.<\/li>\n<\/ol>\n<p>Beginnen Sie mit Injektionen an drei aufeinanderfolgenden Tagen und stellen Sie dann je nach Bedarf auf jeden zweiten Tag um. Wenden Sie sich bei Fragen an den Support.<\/p>\n<p>Diese NAD<span class='bluePlusDangit'>+<\/span> Mit dem Mini-Kit erhalten Sie zwischen 9 und 10 Dosen.<\/p>\n                <\/div>\n                                    <a class=\"blue-btn\" \n                        href=\"\/wp-content\/uploads\/2024\/07\/nad-at-home-mini-500mg-how-to-use-instructions-compressed.pdf\">\n                        Download-Anleitung                    <\/a>\n                            <\/div>\n                                        <div class=\"image-container above\">\n                    <video class=\"lazy\" controls playsinline poster  =\"https:\/\/nadplusathome.com\/wp-content\/uploads\/2024\/06\/nad-vial-500mg-nad-at-home-injections-mini-needle.webp\" preload=\"none\" >\n                        <source src=\"https:\/\/nadplusathome.com\/wp-content\/uploads\/2023\/02\/nad-injection-video-new-packaging-low-1.webm\" type=\"video\/webm\">\n                        Ihr Browser unterst\u00fctzt das Video-Tag nicht.\n                    <\/video>\n                <\/div>\n                                <\/div>\n    <\/div>\n<\/div>\n\n\n\n<div class=\"block-subscribe-and-save-banner\" id=\"subscribe-and-save-banner-block_b67a37dfa0710e3c648d3bcb00c29eca\">\n    <div class=\"container-wide\">\n        <div class=\"inner-content\">\n            <div class=\"content\">\n                <div class=\"top-section\">\n                    <h2>Abonnieren &amp; Sparen<\/h2>\n                    <div class=\"text\"><p>Mit unserem flexiblen Abonnementplan k\u00f6nnen Sie bei JEDEM Kit bis zu 20% sparen. Lassen Sie sich Ihr NAD+ zu Ihrem Wunschtermin direkt nach Hause liefern. Sie k\u00f6nnen es jederzeit \u00e4ndern und k\u00fcndigen.<\/p><\/div>\n                <\/div>\n                <div class=\"bottom-section\">\n                    <p>Sparen Sie bis zu 20%<\/p>\n                    <div class=\"new-price\">\n                        <p class=\"amount\">\u00a3280<\/p>\n                        <p class=\"full-price\">\u00a3350<\/p>\n                    <\/div>\n                    <a href=\"https:\/\/nadplusathome.com\/de\/product\/nad-at-home\/\" class=\"blue-btn\">NAD+ Injektionen kaufen<\/a>\n                <\/div>\n            <\/div>\n        <\/div>\n    <\/div>\n<\/div>\n\n\n\n<div class=\"block-purchase-nad-call-to-action\" id=\"purchase-nad-call-to-action-block_e54f8dcee99c98ed96ca80c478056ac4\"  data-lazy-css=\"https:\/\/nadplusathome.com\/wp-content\/themes\/nadaid\/assets\/css\/blocks\/purchase-nad-call-to-action.css?id=dc7f033230ebe6cdc50214f2b3b02c87\" data-lazy-js=\"https:\/\/nadplusathome.com\/wp-content\/themes\/nadaid\/assets\/js\/blocks\/purchase-nad-call-to-action.js?id=86132a435c1084d274ff46d90d834215\">\n    <div class=\"container-slim product-container\">\n        <div class=\"product\">\n            <h2 class=\"product-name mobile\">NAD<span class='bluePlusDangit'>+<\/span> AT HOME Mini<\/h2>\n            <div class=\"prod-images-container\">\n                <div class=\"main-slider\">\n                    <div class=\"glide__track\" data-glide-el=\"track\">\n                        <ul class=\"glide__slides\">\n                                                                                        <li class=\"glide__slide\"><img decoding=\"async\" src=\"https:\/\/nadplusathome.com\/wp-content\/uploads\/2024\/06\/nad-vial-500mg-nad-at-home-injections-mini-hand.webp\" alt=\"NAD+ Home Kit Bild\" loading=\"lazy\" \/><\/li>\n                                                            <li class=\"glide__slide\"><img decoding=\"async\" src=\"https:\/\/nadplusathome.com\/wp-content\/uploads\/2024\/06\/nad-vial-500mg-nad-at-home-injections-mini.webp\" alt=\"NAD+ Home Kit Bild\" loading=\"lazy\" \/><\/li>\n                                                            <li class=\"glide__slide\"><img decoding=\"async\" src=\"https:\/\/nadplusathome.com\/wp-content\/uploads\/2024\/06\/nad-mini-500mg-at-home-injections-full-box-packaged.webp\" alt=\"NAD+ Home Kit Bild\" loading=\"lazy\" \/><\/li>\n                                                            <li class=\"glide__slide\"><img decoding=\"async\" src=\"https:\/\/nadplusathome.com\/wp-content\/uploads\/2024\/06\/nad-vial-500mg-nad-at-home-injections-mini-needle.webp\" alt=\"NAD+ Home Kit Bild\" loading=\"lazy\" \/><\/li>\n                                                            <li class=\"glide__slide\"><img decoding=\"async\" src=\"https:\/\/nadplusathome.com\/wp-content\/uploads\/2024\/06\/nad-mini-500mg-at-home-injections.webp\" alt=\"NAD+ Home Kit Bild\" loading=\"lazy\" \/><\/li>\n                                                            <li class=\"glide__slide\"><img decoding=\"async\" src=\"https:\/\/nadplusathome.com\/wp-content\/uploads\/2023\/02\/lisa-snowdon-nad-injection-review-testimonial-1.webp\" alt=\"NAD+ Home Kit Bild\" loading=\"lazy\" \/><\/li>\n                                                            <li class=\"glide__slide\"><img decoding=\"async\" src=\"https:\/\/nadplusathome.com\/wp-content\/uploads\/2024\/06\/nad-mini-500mg-at-home-injections-detail-how-to-use-protocol.webp\" alt=\"NAD+ Home Kit Bild\" loading=\"lazy\" \/><\/li>\n                                                            <li class=\"glide__slide\"><img decoding=\"async\" src=\"https:\/\/nadplusathome.com\/wp-content\/uploads\/2023\/02\/calum-best-nad-injection-review-testimonial-1.webp\" alt=\"NAD+ Home Kit Bild\" loading=\"lazy\" \/><\/li>\n                                                            <li class=\"glide__slide\"><img decoding=\"async\" src=\"https:\/\/nadplusathome.com\/wp-content\/uploads\/2024\/06\/nad-mini-500mg-at-home-injections-detail-whats-inside-box.webp\" alt=\"NAD+ Home Kit Bild\" loading=\"lazy\" \/><\/li>\n                                                            <li class=\"glide__slide\"><img decoding=\"async\" src=\"https:\/\/nadplusathome.com\/wp-content\/uploads\/2023\/02\/rita-simmons-nad-injection-review-testimonial-1.webp\" alt=\"NAD+ Home Kit Bild\" loading=\"lazy\" \/><\/li>\n                                                            <li class=\"glide__slide\"><img decoding=\"async\" src=\"https:\/\/nadplusathome.com\/wp-content\/uploads\/2024\/06\/nad-mini-500mg-at-home-injections-detail-whats-inside-vial-pouch.webp\" alt=\"NAD+ Home Kit Bild\" loading=\"lazy\" \/><\/li>\n                                                            <li class=\"glide__slide\"><img decoding=\"async\" src=\"https:\/\/nadplusathome.com\/wp-content\/uploads\/2023\/02\/kris-gethin-nad-injection-review-testimonial-1.webp\" alt=\"NAD+ Home Kit Bild\" loading=\"lazy\" \/><\/li>\n                                                            <li class=\"glide__slide\"><img decoding=\"async\" src=\"https:\/\/nadplusathome.com\/wp-content\/uploads\/2024\/06\/nad-mini-500mg-at-home-injections-detail-tissue-box.webp\" alt=\"NAD+ Home Kit Bild\" loading=\"lazy\" \/><\/li>\n                                                            <li class=\"glide__slide\"><img decoding=\"async\" src=\"https:\/\/nadplusathome.com\/wp-content\/uploads\/2023\/02\/isamay-ffrench-nad-injection-review-testimonial-1.webp\" alt=\"NAD+ Home Kit Bild\" loading=\"lazy\" \/><\/li>\n                                                    <\/ul>\n                    <\/div>\n                                    <\/div>\n                <div class=\"thumb-slider\">\n                    <div class=\"arrows\">\n                        <div class=\"arrow-cont\" data-glide-el=\"controls\">\n                            <button class=\"backarrow\" data-glide-dir=\"&lt;\"><img decoding=\"async\" src=\"https:\/\/nadplusathome.com\/wp-content\/themes\/nadaid\/images\/icons\/prev-arrow.svg\" alt=\"pfeil-vorher\" loading=\"lazy\" \/><\/button>\n                        <\/div>\n                    <\/div>\n                    <div class=\"glide__track\" data-glide-el=\"track\">\n                        <ul class=\"glide__slides\">\n                                                                                        <li class=\"glide__slide glide-thumbnail\" data-index=\"0\"><img decoding=\"async\" src=\"https:\/\/nadplusathome.com\/wp-content\/uploads\/2024\/06\/nad-vial-500mg-nad-at-home-injections-mini-hand.webp\" alt=\"NAD Home Kit Bild\" loading=\"lazy\" \/><\/li>\n                                                            <li class=\"glide__slide glide-thumbnail\" data-index=\"1\"><img decoding=\"async\" src=\"https:\/\/nadplusathome.com\/wp-content\/uploads\/2024\/06\/nad-vial-500mg-nad-at-home-injections-mini.webp\" alt=\"NAD Home Kit Bild\" loading=\"lazy\" \/><\/li>\n                                                            <li class=\"glide__slide glide-thumbnail\" data-index=\"2\"><img decoding=\"async\" src=\"https:\/\/nadplusathome.com\/wp-content\/uploads\/2024\/06\/nad-mini-500mg-at-home-injections-full-box-packaged.webp\" alt=\"NAD Home Kit Bild\" loading=\"lazy\" \/><\/li>\n                                                            <li class=\"glide__slide glide-thumbnail\" data-index=\"3\"><img decoding=\"async\" src=\"https:\/\/nadplusathome.com\/wp-content\/uploads\/2024\/06\/nad-vial-500mg-nad-at-home-injections-mini-needle.webp\" alt=\"NAD Home Kit Bild\" loading=\"lazy\" \/><\/li>\n                                                            <li class=\"glide__slide glide-thumbnail\" data-index=\"4\"><img decoding=\"async\" src=\"https:\/\/nadplusathome.com\/wp-content\/uploads\/2024\/06\/nad-mini-500mg-at-home-injections.webp\" alt=\"NAD Home Kit Bild\" loading=\"lazy\" \/><\/li>\n                                                            <li class=\"glide__slide glide-thumbnail\" data-index=\"5\"><img decoding=\"async\" src=\"https:\/\/nadplusathome.com\/wp-content\/uploads\/2023\/02\/lisa-snowdon-nad-injection-review-testimonial-1.webp\" alt=\"NAD Home Kit Bild\" loading=\"lazy\" \/><\/li>\n                                                            <li class=\"glide__slide glide-thumbnail\" data-index=\"6\"><img decoding=\"async\" src=\"https:\/\/nadplusathome.com\/wp-content\/uploads\/2024\/06\/nad-mini-500mg-at-home-injections-detail-how-to-use-protocol.webp\" alt=\"NAD Home Kit Bild\" loading=\"lazy\" \/><\/li>\n                                                            <li class=\"glide__slide glide-thumbnail\" data-index=\"7\"><img decoding=\"async\" src=\"https:\/\/nadplusathome.com\/wp-content\/uploads\/2023\/02\/calum-best-nad-injection-review-testimonial-1.webp\" alt=\"NAD Home Kit Bild\" loading=\"lazy\" \/><\/li>\n                                                            <li class=\"glide__slide glide-thumbnail\" data-index=\"8\"><img decoding=\"async\" src=\"https:\/\/nadplusathome.com\/wp-content\/uploads\/2024\/06\/nad-mini-500mg-at-home-injections-detail-whats-inside-box.webp\" alt=\"NAD Home Kit Bild\" loading=\"lazy\" \/><\/li>\n                                                            <li class=\"glide__slide glide-thumbnail\" data-index=\"9\"><img decoding=\"async\" src=\"https:\/\/nadplusathome.com\/wp-content\/uploads\/2023\/02\/rita-simmons-nad-injection-review-testimonial-1.webp\" alt=\"NAD Home Kit Bild\" loading=\"lazy\" \/><\/li>\n                                                            <li class=\"glide__slide glide-thumbnail\" data-index=\"10\"><img decoding=\"async\" src=\"https:\/\/nadplusathome.com\/wp-content\/uploads\/2024\/06\/nad-mini-500mg-at-home-injections-detail-whats-inside-vial-pouch.webp\" alt=\"NAD Home Kit Bild\" loading=\"lazy\" \/><\/li>\n                                                            <li class=\"glide__slide glide-thumbnail\" data-index=\"11\"><img decoding=\"async\" src=\"https:\/\/nadplusathome.com\/wp-content\/uploads\/2023\/02\/kris-gethin-nad-injection-review-testimonial-1.webp\" alt=\"NAD Home Kit Bild\" loading=\"lazy\" \/><\/li>\n                                                            <li class=\"glide__slide glide-thumbnail\" data-index=\"12\"><img decoding=\"async\" src=\"https:\/\/nadplusathome.com\/wp-content\/uploads\/2024\/06\/nad-mini-500mg-at-home-injections-detail-tissue-box.webp\" alt=\"NAD Home Kit Bild\" loading=\"lazy\" \/><\/li>\n                                                            <li class=\"glide__slide glide-thumbnail\" data-index=\"13\"><img decoding=\"async\" src=\"https:\/\/nadplusathome.com\/wp-content\/uploads\/2023\/02\/isamay-ffrench-nad-injection-review-testimonial-1.webp\" alt=\"NAD Home Kit Bild\" loading=\"lazy\" \/><\/li>\n                                                    <\/ul>\n                    <\/div>\n                    <div class=\"arrows\">\n                        <div class=\"arrow-cont\" data-glide-el=\"controls\">\n                            <button class=\"nextarrow\" data-glide-dir=\"&gt;\"><img decoding=\"async\" src=\"https:\/\/nadplusathome.com\/wp-content\/themes\/nadaid\/images\/icons\/next-arrow-alt.svg\" alt=\"n\u00e4chster Pfeil\" loading=\"lazy\" \/><\/button>\n                        <\/div>\n                    <\/div>\n                <\/div>\n            <\/div>\n            <div class=\"prod-desc\">\n                <div>\n                    <h2 class=\"product-name desktop\">NAD<span class='bluePlusDangit'>+<\/span> AT HOME Mini<\/h2>\n                                            <p class=\"price\"><span class=\"woocommerce-Price-amount amount\"><bdi><span class=\"woocommerce-Price-currencySymbol\">\u00a3<\/span>195.00<\/bdi><\/span><\/p>\n                                    <\/div>\n                <div class=\"product-text\">\n                    <div class=\"desktop\">\n                        <span style=\"color: #ff0000;\"><strong>Aufgrund der gro\u00dfen Nachfrage ist unser NAD+ Mini jetzt ausverkauft.<\/strong><\/span>\r\n\r\nBesuchen Sie unser <a href=\"https:\/\/nadplusathome.com\/de\/product\/nad-injection-pen-discovery-kit-500mg\/?wmc-currency=EUR\">Testpaket NAD+-Stifte<\/a> (dieselbe NAD+-Behandlung mit einem einfach zu bedienenden Stift).\r\n\r\n<hr \/>\r\n\r\nWir stellen Ihnen das NAD+ AT HOME Mini vor - die perfekte M\u00f6glichkeit, die Vorteile unseres einzigartigen Nahrungserg\u00e4nzungsmittels in einem erschwinglichen und praktischen Kit f\u00fcr zu Hause zu erleben.\r\n\r\nDiese kleinere Version bietet die H\u00e4lfte der Menge unserer Original-Fl\u00e4schchen und ist damit ideal f\u00fcr diejenigen, die unser Produkt ausprobieren m\u00f6chten, bevor sie sich f\u00fcr die volle empfohlene Dosierung entscheiden.\r\n\r\nProbieren Sie NAD+ AT HOME Mini noch heute aus und machen Sie den ersten Schritt zu einem ges\u00fcnderen und vitaleren K\u00f6rper.                    <\/div>\n                                        <h2 class=\"benefit-title\">Verst\u00e4ndnis f\u00fcr das Potenzial <span>Vorteile<\/span> von NAD<span>+<\/span><\/h2>\n                    <ul>\n                                                    <li><p>Energie steigern<\/p>\n<\/li>\n                                                    <li><p>Verbesserung der Hautreparatur<\/p>\n<\/li>\n                                                    <li><p>Verbesserung der geistigen Klarheit<\/p>\n<\/li>\n                                                    <li><p>Anti-Ageing von innen nach au\u00dfen<\/p>\n<\/li>\n                                            <\/ul>\n                <\/div>\n                <a class=\"blue-btn\" href=\"https:\/\/nadplusathome.com\/de\/product\/nad-at-home-mini-500mg\/\">Produkt kaufen<\/a>\n            <\/div>\n        <\/div>\n    <\/div>\n<\/div>","protected":false},"excerpt":{"rendered":"","protected":false},"author":1,"featured_media":0,"parent":0,"menu_order":0,"comment_status":"closed","ping_status":"closed","template":"","meta":{"_acf_changed":false,"footnotes":""},"class_list":["post-9579","page","type-page","status-publish","hentry"],"acf":[],"_links":{"self":[{"href":"https:\/\/nadplusathome.com\/de\/wp-json\/wp\/v2\/pages\/9579","targetHints":{"allow":["GET"]}}],"collection":[{"href":"https:\/\/nadplusathome.com\/de\/wp-json\/wp\/v2\/pages"}],"about":[{"href":"https:\/\/nadplusathome.com\/de\/wp-json\/wp\/v2\/types\/page"}],"author":[{"embeddable":true,"href":"https:\/\/nadplusathome.com\/de\/wp-json\/wp\/v2\/users\/1"}],"replies":[{"embeddable":true,"href":"https:\/\/nadplusathome.com\/de\/wp-json\/wp\/v2\/comments?post=9579"}],"version-history":[{"count":2,"href":"https:\/\/nadplusathome.com\/de\/wp-json\/wp\/v2\/pages\/9579\/revisions"}],"predecessor-version":[{"id":34021,"href":"https:\/\/nadplusathome.com\/de\/wp-json\/wp\/v2\/pages\/9579\/revisions\/34021"}],"wp:attachment":[{"href":"https:\/\/nadplusathome.com\/de\/wp-json\/wp\/v2\/media?parent=9579"}],"curies":[{"name":"wp","href":"https:\/\/api.w.org\/{rel}","templated":true}]}}