{"id":8797,"date":"2024-06-04T15:44:25","date_gmt":"2024-06-04T14:44:25","guid":{"rendered":"https:\/\/nadplusathome.com\/?page_id=8797"},"modified":"2026-03-17T13:46:56","modified_gmt":"2026-03-17T13:46:56","slug":"how-to-use-glutathione-injections","status":"publish","type":"page","link":"https:\/\/nadplusathome.com\/de\/how-to-use-glutathione-injections\/","title":{"rendered":"How to use L-Glutathione At Home"},"content":{"rendered":"<div class=\"block-benefits-header\" id=\"benefits-header-block_5aba86be49df38983ad810f48cdad1dd\">\n    <div class=\"container-wide\">\n        <div class=\"header-split\">\n            <div class=\"content\">\n                                    <h1>Wie man L-Glutathion zu Hause als Mikroinjektionsmittel verwendet<\/h1>\n                                                    <h3>Entwickelt f\u00fcr Komfort und Leichtigkeit.<\/h3>\n                                <div class=\"inner-content\">\n                    <p>Verbessern Sie Ihr Biohacking-Spiel mit unseren L-Glutathion-Mikroinjektionen f\u00fcr zu Hause. Unsere ultrafeinen Spritzen sind benutzerfreundlich und machen es einfach, L-Glutathion-Injektionen zu Hause zu verabreichen. Dies ist das erste Kit seiner Art in Gro\u00dfbritannien, das eine bequeme M\u00f6glichkeit bietet, Ihren L-Glutathion-Spiegel zu erh\u00f6hen.<\/p>\n                <\/div>\n                                    <a href=\"\/wp-content\/uploads\/2024\/07\/l-glutathione-injection-supplement-insturction-guide-online-compressed.pdf\" class=\"blue-btn\">Online-Anleitung im PDF-Format anzeigen<\/a>\n                            <\/div>\n            <div class=\"image\" style=\"background-image: url(https:\/\/nadplusathome.com\/wp-content\/uploads\/2024\/07\/lglutathione-how-to-use-1800mg-vial-supplement.webp);\"><\/div>\n        <\/div>\n    <\/div>\n<\/div>\n\n\n\n<div class=\"block-text-content black\" id=\"text-content-block_10d642b77307bab0c9ca5fa6b143c1b6\">\n    <div class=\"container-wide\">\n        <div class=\"inner-content imgtext\">\n            <div class=\"text\">\n                                    <h2>Benutzerhandbuch<\/h2>\n                                <div class=\"content\">\n                    <p>Um Ihr L-Glutathion-Selbstinjektionskit zu Hause zu verwenden, befolgen Sie diese einfachen Schritte:<\/p>\n<ol>\n<li><strong>Saubere H\u00e4nde<\/strong>: Waschen oder desinfizieren Sie Ihre H\u00e4nde gr\u00fcndlich.<\/li>\n<li><strong>Materialien vorbereiten<\/strong>: Wenn Sie Ihr L-Glutathion-Kit \u00f6ffnen, finden Sie ein Fl\u00e4schchen LG 1800mg, 20x 1ml-Spritzen, Alkoholtupfer und einen Beh\u00e4lter f\u00fcr scharfe Gegenst\u00e4nde.<\/li>\n<li><strong>Temperaturanpassung<\/strong>: Lassen Sie das gek\u00fchlte L-Glutathion-Fl\u00e4schchen auf Raumtemperatur kommen, um Unannehmlichkeiten zu vermeiden.<\/li>\n<li><strong>Phiole \u00f6ffnen<\/strong>: Fassen Sie die Kanten des Siegels und heben Sie es nach oben, um es von der Flasche zu l\u00f6sen.<\/li>\n<li><strong>Sterilisieren<\/strong>: Reinigen Sie den Deckel des Fl\u00e4schchens mit einem Alkoholtupfer und lassen Sie ihn trocknen.<\/li>\n<li><strong>Spritze vorbereiten<\/strong>: Entfernen Sie die Schutzkappen von der Spritze, f\u00fchren Sie sie in das Fl\u00e4schchen ein, drehen Sie sie um und ziehen Sie 0,5 ml der L\u00f6sung auf, wobei Sie darauf achten, dass keine Luftblasen entstehen.<\/li>\n<li><strong>Injektionsstelle ausw\u00e4hlen<\/strong>: W\u00e4hlen Sie einen Bereich wie den Bauch oder den Oberschenkel, und wechseln Sie die Stellen bei jeder Injektion.<\/li>\n<li><strong>Standort desinfizieren<\/strong>: Reinigen Sie die Injektionsstelle mit einem weiteren Tupfer.<\/li>\n<li><strong>Einspritzen<\/strong>: Dr\u00fccken Sie die Haut zusammen, f\u00fchren Sie die Nadel sanft ein und injizieren Sie die L\u00f6sung durch Dr\u00fccken des Kolbens.<\/li>\n<li><strong>Entsorgen Sie<\/strong>: Geben Sie gebrauchte Nadeln in den Beh\u00e4lter f\u00fcr scharfe Gegenst\u00e4nde.<\/li>\n<li><strong>Lagerung<\/strong>: Bewahren Sie das Fl\u00e4schchen mit L-Glutathion im K\u00fchlschrank auf.<\/li>\n<\/ol>\n<p>Befolgen Sie das empfohlene Protokoll. Wenden Sie sich bei Fragen an den Support.<\/p>\n                <\/div>\n                                    <a class=\"blue-btn\" \n                        href=\"\/wp-content\/uploads\/2024\/07\/l-glutathione-injection-supplement-insturction-guide-online-compressed.pdf\">\n                        Download-Anleitung                    <\/a>\n                            <\/div>\n                            <div class=\"image-container\">\n                    <img decoding=\"async\" src=\"https:\/\/nadplusathome.com\/wp-content\/uploads\/2024\/06\/lgultathione-injections-user-guide.webp\" alt=\"Benutzerhandbuch\" \/>\n                <\/div>\n                                            <\/div>\n    <\/div>\n<\/div>\n\n\n\n<div class=\"block-text-content black\" id=\"text-content-block_db30d5f389985940469ece7cb6275733\">\n    <div class=\"container-wide\">\n        <div class=\"inner-content textimg\">\n            <div class=\"text\">\n                                    <h2>L-Glutathion-Protokoll<\/h2>\n                                <div class=\"content\">\n                    <p><strong>1 x 0,50 ml jeden zweiten Tag<\/strong> oder wie von Ihrem Arzt empfohlen. (20 Dosen)<\/p>\n<p>Unser L-Glutathion ist ein starkes Antioxidans, das in Mikrodosen eingenommen werden kann.<\/p>\n<p>Wenn Sie bereits gesundheitliche Probleme haben oder noch nie L-Glutathion eingenommen haben, kontaktieren Sie uns bitte vor der Einnahme.<\/p>\n<p>E-Mail:\u00a0<a href=\"mailto:help@nadaid.co.uk\">help@nadaid.co.uk<\/a><\/p>\n                <\/div>\n                                    <a class=\"blue-btn\" \n                        href=\"\/wp-content\/uploads\/2024\/07\/l-glutathione-injection-supplement-insturction-guide-online-compressed.pdf\">\n                        Download-Anleitung                    <\/a>\n                            <\/div>\n                            <div class=\"image-container\">\n                    <img decoding=\"async\" src=\"https:\/\/nadplusathome.com\/wp-content\/uploads\/2024\/07\/lglutathione-box-with0protocol-how-to-use.webp\" alt=\"L-Glutathion-Protokoll\" \/>\n                <\/div>\n                                            <\/div>\n    <\/div>\n<\/div>\n\n\n\n<div class=\"block-purchase-nad-call-to-action\" id=\"purchase-nad-call-to-action-block_d891dc634206264e2f66d83b1543126e\"  data-lazy-css=\"https:\/\/nadplusathome.com\/wp-content\/themes\/nadaid\/assets\/css\/blocks\/purchase-nad-call-to-action.css?id=dc7f033230ebe6cdc50214f2b3b02c87\" data-lazy-js=\"https:\/\/nadplusathome.com\/wp-content\/themes\/nadaid\/assets\/js\/blocks\/purchase-nad-call-to-action.js?id=86132a435c1084d274ff46d90d834215\">\n    <div class=\"container-slim product-container\">\n        <div class=\"product\">\n            <h2 class=\"product-name mobile\">NAD<span class='bluePlusDangit'>+<\/span> Einspritzsatz<\/h2>\n            <div class=\"prod-images-container\">\n                <div class=\"main-slider\">\n                    <div class=\"glide__track\" data-glide-el=\"track\">\n                        <ul class=\"glide__slides\">\n                                                                                        <li class=\"glide__slide\"><img decoding=\"async\" src=\"https:\/\/nadplusathome.com\/wp-content\/uploads\/2023\/02\/nad-at-home-injection-supplement-1-1.webp\" alt=\"NAD+ Home Kit Bild\" loading=\"lazy\" \/><\/li>\n                                                            <li class=\"glide__slide\"><img decoding=\"async\" src=\"https:\/\/nadplusathome.com\/wp-content\/uploads\/2023\/02\/nad-at-home-injection-supplement-in-hand-1.webp\" alt=\"NAD+ Home Kit Bild\" loading=\"lazy\" \/><\/li>\n                                                            <li class=\"glide__slide\"><img decoding=\"async\" src=\"https:\/\/nadplusathome.com\/wp-content\/uploads\/2023\/02\/nad-at-home-injection-supplement-home-kit-1.webp\" alt=\"NAD+ Home Kit Bild\" loading=\"lazy\" \/><\/li>\n                                                            <li class=\"glide__slide\"><img decoding=\"async\" src=\"https:\/\/nadplusathome.com\/wp-content\/uploads\/2023\/02\/nad-at-home-injection-supplement-needle-withdraw-1.webp\" alt=\"NAD+ Home Kit Bild\" loading=\"lazy\" \/><\/li>\n                                                            <li class=\"glide__slide\"><img decoding=\"async\" src=\"https:\/\/nadplusathome.com\/wp-content\/uploads\/2023\/02\/lisa-snowdon-nad-injection-review-testimonial-1.webp\" alt=\"NAD+ Home Kit Bild\" loading=\"lazy\" \/><\/li>\n                                                            <li class=\"glide__slide\"><img decoding=\"async\" src=\"https:\/\/nadplusathome.com\/wp-content\/uploads\/2023\/02\/calum-best-nad-injection-review-testimonial-1.webp\" alt=\"NAD+ Home Kit Bild\" loading=\"lazy\" \/><\/li>\n                                                            <li class=\"glide__slide\"><img decoding=\"async\" src=\"https:\/\/nadplusathome.com\/wp-content\/uploads\/2023\/02\/rita-simmons-nad-injection-review-testimonial-1.webp\" alt=\"NAD+ Home Kit Bild\" loading=\"lazy\" \/><\/li>\n                                                            <li class=\"glide__slide\"><img decoding=\"async\" src=\"https:\/\/nadplusathome.com\/wp-content\/uploads\/2024\/08\/aaron-chalmers-geordie-shore-nad-at-home-supporter-testimonial.webp\" alt=\"NAD+ Home Kit Bild\" loading=\"lazy\" \/><\/li>\n                                                            <li class=\"glide__slide\"><img decoding=\"async\" src=\"https:\/\/nadplusathome.com\/wp-content\/uploads\/2023\/02\/isamay-ffrench-nad-injection-review-testimonial-1.webp\" alt=\"NAD+ Home Kit Bild\" loading=\"lazy\" \/><\/li>\n                                                            <li class=\"glide__slide\"><img decoding=\"async\" src=\"https:\/\/nadplusathome.com\/wp-content\/uploads\/2023\/02\/kris-gethin-nad-injection-review-testimonial-1.webp\" alt=\"NAD+ Home Kit Bild\" loading=\"lazy\" \/><\/li>\n                                                            <li class=\"glide__slide\"><img decoding=\"async\" src=\"https:\/\/nadplusathome.com\/wp-content\/uploads\/2023\/02\/elena-ora-nad-injection-review-testimonial-1.webp\" alt=\"NAD+ Home Kit Bild\" loading=\"lazy\" \/><\/li>\n                                                    <\/ul>\n                    <\/div>\n                                    <\/div>\n                <div class=\"thumb-slider\">\n                    <div class=\"arrows\">\n                        <div class=\"arrow-cont\" data-glide-el=\"controls\">\n                            <button class=\"backarrow\" data-glide-dir=\"&lt;\"><img decoding=\"async\" src=\"https:\/\/nadplusathome.com\/wp-content\/themes\/nadaid\/images\/icons\/prev-arrow.svg\" alt=\"pfeil-vorher\" loading=\"lazy\" \/><\/button>\n                        <\/div>\n                    <\/div>\n                    <div class=\"glide__track\" data-glide-el=\"track\">\n                        <ul class=\"glide__slides\">\n                                                                                        <li class=\"glide__slide glide-thumbnail\" data-index=\"0\"><img decoding=\"async\" src=\"https:\/\/nadplusathome.com\/wp-content\/uploads\/2023\/02\/nad-at-home-injection-supplement-1-1.webp\" alt=\"NAD Home Kit Bild\" loading=\"lazy\" \/><\/li>\n                                                            <li class=\"glide__slide glide-thumbnail\" data-index=\"1\"><img decoding=\"async\" src=\"https:\/\/nadplusathome.com\/wp-content\/uploads\/2023\/02\/nad-at-home-injection-supplement-in-hand-1.webp\" alt=\"NAD Home Kit Bild\" loading=\"lazy\" \/><\/li>\n                                                            <li class=\"glide__slide glide-thumbnail\" data-index=\"2\"><img decoding=\"async\" src=\"https:\/\/nadplusathome.com\/wp-content\/uploads\/2023\/02\/nad-at-home-injection-supplement-home-kit-1.webp\" alt=\"NAD Home Kit Bild\" loading=\"lazy\" \/><\/li>\n                                                            <li class=\"glide__slide glide-thumbnail\" data-index=\"3\"><img decoding=\"async\" src=\"https:\/\/nadplusathome.com\/wp-content\/uploads\/2023\/02\/nad-at-home-injection-supplement-needle-withdraw-1.webp\" alt=\"NAD Home Kit Bild\" loading=\"lazy\" \/><\/li>\n                                                            <li class=\"glide__slide glide-thumbnail\" data-index=\"4\"><img decoding=\"async\" src=\"https:\/\/nadplusathome.com\/wp-content\/uploads\/2023\/02\/lisa-snowdon-nad-injection-review-testimonial-1.webp\" alt=\"NAD Home Kit Bild\" loading=\"lazy\" \/><\/li>\n                                                            <li class=\"glide__slide glide-thumbnail\" data-index=\"5\"><img decoding=\"async\" src=\"https:\/\/nadplusathome.com\/wp-content\/uploads\/2023\/02\/calum-best-nad-injection-review-testimonial-1.webp\" alt=\"NAD Home Kit Bild\" loading=\"lazy\" \/><\/li>\n                                                            <li class=\"glide__slide glide-thumbnail\" data-index=\"6\"><img decoding=\"async\" src=\"https:\/\/nadplusathome.com\/wp-content\/uploads\/2023\/02\/rita-simmons-nad-injection-review-testimonial-1.webp\" alt=\"NAD Home Kit Bild\" loading=\"lazy\" \/><\/li>\n                                                            <li class=\"glide__slide glide-thumbnail\" data-index=\"7\"><img decoding=\"async\" src=\"https:\/\/nadplusathome.com\/wp-content\/uploads\/2024\/08\/aaron-chalmers-geordie-shore-nad-at-home-supporter-testimonial.webp\" alt=\"NAD Home Kit Bild\" loading=\"lazy\" \/><\/li>\n                                                            <li class=\"glide__slide glide-thumbnail\" data-index=\"8\"><img decoding=\"async\" src=\"https:\/\/nadplusathome.com\/wp-content\/uploads\/2023\/02\/isamay-ffrench-nad-injection-review-testimonial-1.webp\" alt=\"NAD Home Kit Bild\" loading=\"lazy\" \/><\/li>\n                                                            <li class=\"glide__slide glide-thumbnail\" data-index=\"9\"><img decoding=\"async\" src=\"https:\/\/nadplusathome.com\/wp-content\/uploads\/2023\/02\/kris-gethin-nad-injection-review-testimonial-1.webp\" alt=\"NAD Home Kit Bild\" loading=\"lazy\" \/><\/li>\n                                                            <li class=\"glide__slide glide-thumbnail\" data-index=\"10\"><img decoding=\"async\" src=\"https:\/\/nadplusathome.com\/wp-content\/uploads\/2023\/02\/elena-ora-nad-injection-review-testimonial-1.webp\" alt=\"NAD Home Kit Bild\" loading=\"lazy\" \/><\/li>\n                                                    <\/ul>\n                    <\/div>\n                    <div class=\"arrows\">\n                        <div class=\"arrow-cont\" data-glide-el=\"controls\">\n                            <button class=\"nextarrow\" data-glide-dir=\"&gt;\"><img decoding=\"async\" src=\"https:\/\/nadplusathome.com\/wp-content\/themes\/nadaid\/images\/icons\/next-arrow-alt.svg\" alt=\"n\u00e4chster Pfeil\" loading=\"lazy\" \/><\/button>\n                        <\/div>\n                    <\/div>\n                <\/div>\n            <\/div>\n            <div class=\"prod-desc\">\n                <div>\n                    <h2 class=\"product-name desktop\">NAD<span class='bluePlusDangit'>+<\/span> Einspritzsatz<\/h2>\n                                            <p class=\"price\"><span class=\"woocommerce-Price-amount amount\"><bdi><span class=\"woocommerce-Price-currencySymbol\">\u00a3<\/span>350.00<\/bdi><\/span><small class=\"wcsatt-sub-options\"> <span class=\"wcsatt-dash\">\u2013<\/span> oder Abonniere und erhalte bis zu<\/small> <span class=\"wcsatt-sub-discount\">20\u00a0&#37;<\/span><small><\/small><\/p>\n                                    <\/div>\n                <div class=\"product-text\">\n                    <div class=\"desktop\">\n                        <span style=\"font-weight: 400;\">Entdecken Sie unser NAD+ AT Home Injection Kit - die erste NAD+ Injektion f\u00fcr zu Hause in Gro\u00dfbritannien. Mit einer Bioverf\u00fcgbarkeit von nahezu 100% steigert unser Injektionsset Ihren NAD+-Spiegel und unterst\u00fctzt so Ihre Bem\u00fchungen um Anti-Aging, Zellfunktionen und geistige Klarheit.<\/span><span style=\"font-weight: 400;\">\r\n<\/span>\r\n\r\n<span style=\"font-weight: 400;\">Das Kit ist unglaublich einfach und sicher in der Anwendung - befolgen Sie einfach unsere Anweisungen (sowohl in schriftlicher als auch in Videoform unten bereitgestellt). Profitieren Sie von den 8-mm-Mikronadeln, die f\u00fcr schmerzfreie Injektionen entwickelt wurden.<\/span>\r\n\r\n<span style=\"font-weight: 400;\">Da f\u00fcr jede Bestellung ein Analysezertifikat zur Verf\u00fcgung steht, k\u00f6nnen Sie sicher sein, dass Ihr NAD+-Kit von hoher Qualit\u00e4t und sicher f\u00fcr die Einnahme zu Hause ist.<\/span><span style=\"font-weight: 400;\">\r\n<\/span>\r\n\r\n<span style=\"font-weight: 400;\">Jedes Kit wird mit einer leicht verst\u00e4ndlichen Anleitung und unserem <\/span><a href=\"\/de\/about-georgina-glenn\/?wmc-currency=EUR\"><span style=\"font-weight: 400;\">staatlich gepr\u00fcfte Krankenschwester, Georgina<\/span><\/a><span style=\"font-weight: 400;\">, steht Ihnen zur Verf\u00fcgung, um alle Fragen zu beantworten und Sie durch den Prozess zu f\u00fchren, sobald Ihr Kit angekommen ist. <\/span>                    <\/div>\n                                        <h2 class=\"benefit-title\">Verst\u00e4ndnis f\u00fcr das Potenzial <span>Vorteile<\/span> von NAD<span>+<\/span><\/h2>\n                    <ul>\n                                                    <li><p>Energie steigern<\/p>\n<\/li>\n                                                    <li><p>Verbesserung der Hautreparatur<\/p>\n<\/li>\n                                                    <li><p>Verbesserung der geistigen Klarheit<\/p>\n<\/li>\n                                                    <li><p>Anti-Ageing von innen nach au\u00dfen<\/p>\n<\/li>\n                                            <\/ul>\n                <\/div>\n                <a class=\"blue-btn\" href=\"https:\/\/nadplusathome.com\/de\/product\/nad-at-home\/\">Produkt kaufen<\/a>\n            <\/div>\n        <\/div>\n    <\/div>\n<\/div>","protected":false},"excerpt":{"rendered":"","protected":false},"author":1,"featured_media":0,"parent":0,"menu_order":0,"comment_status":"closed","ping_status":"closed","template":"","meta":{"_acf_changed":false,"footnotes":""},"class_list":["post-8797","page","type-page","status-publish","hentry"],"acf":[],"_links":{"self":[{"href":"https:\/\/nadplusathome.com\/de\/wp-json\/wp\/v2\/pages\/8797","targetHints":{"allow":["GET"]}}],"collection":[{"href":"https:\/\/nadplusathome.com\/de\/wp-json\/wp\/v2\/pages"}],"about":[{"href":"https:\/\/nadplusathome.com\/de\/wp-json\/wp\/v2\/types\/page"}],"author":[{"embeddable":true,"href":"https:\/\/nadplusathome.com\/de\/wp-json\/wp\/v2\/users\/1"}],"replies":[{"embeddable":true,"href":"https:\/\/nadplusathome.com\/de\/wp-json\/wp\/v2\/comments?post=8797"}],"version-history":[{"count":2,"href":"https:\/\/nadplusathome.com\/de\/wp-json\/wp\/v2\/pages\/8797\/revisions"}],"predecessor-version":[{"id":42860,"href":"https:\/\/nadplusathome.com\/de\/wp-json\/wp\/v2\/pages\/8797\/revisions\/42860"}],"wp:attachment":[{"href":"https:\/\/nadplusathome.com\/de\/wp-json\/wp\/v2\/media?parent=8797"}],"curies":[{"name":"wp","href":"https:\/\/api.w.org\/{rel}","templated":true}]}}