{"id":7155,"date":"2024-03-27T17:41:05","date_gmt":"2024-03-27T17:41:05","guid":{"rendered":"https:\/\/nadplusathome.com\/?page_id=7155"},"modified":"2025-10-20T16:20:43","modified_gmt":"2025-10-20T15:20:43","slug":"refer-a-friend","status":"publish","type":"page","link":"https:\/\/nadplusathome.com\/de\/refer-a-friend\/","title":{"rendered":"Einen Freund empfehlen"},"content":{"rendered":"<div class=\"block-refer-a-friend-header\" id=\"refer-a-friend-header-block_835c7aa2e32e3c1f2778be515a0d48ec\">\n    <div class=\"container-wide\">\n        <div class=\"inner-content\">\n            <div class=\"content\">\n                <div class=\"top-section\">\n                    <h2><h1>Einen Freund empfehlen<\/h1><\/h2>\n                    <div class=\"text\"><p><p>Wenn Sie einen Freund an NAD+ AT HOME weiterempfehlen, profitieren Sie beide davon. Ihr Freund erh\u00e4lt 20% Rabatt auf seine erste Bestellung, und Sie erhalten auch ein gutes Angebot!<\/p><p>Melden Sie sich bei Ihrem Konto an oder registrieren Sie sich unten.<\/p><\/p><\/div>\n                <\/div>\n                <div class=\"bottom-section\">\n                    <div class=\"new-price\">\n                        <h4>Mit Freunden\/Familie teilen &amp; beide erhalten<\/h4>\n                        <p class=\"amount\">20% Aus<\/p>\n                    <\/div>\n                    <a href=\"\/de\/my-account\/myreferrals\/?wmc-currency=EUR\" class=\"blue-btn\">Einen Freund empfehlen<\/a>\n                <\/div>\n            <\/div>\n                            <img decoding=\"async\" src=\"\/wp-content\/themes\/nadaid\/images\/vials-on-wallpaper-background.webp\" alt=\"Fl\u00e4schchen\">\n                    <\/div>\n    <\/div>\n<\/div>\n\n\n\n<div class=\"block-faq-block simplified\" id=\"faq-block-block_3de564d390fd3dd9b8bac8cc3cd8f1df\"  data-lazy-css=\"https:\/\/nadplusathome.com\/wp-content\/themes\/nadaid\/assets\/css\/blocks\/faq-block.css?id=e6a9b8639ae1290d1a18ce2e4464c93d\" data-lazy-js=\"https:\/\/nadplusathome.com\/wp-content\/themes\/nadaid\/assets\/js\/blocks\/faq-block.js?id=b37f3070cfdc98fe7528f42ed96671a2\">\n    <div class=\"container\">\n        <div class=\"top\">\n            <h2>Wie funktioniert unsere Freundschaftswerbung?<\/h2>\n            <hr>\n        <\/div>\n        <div class=\"benefit-accordion\">\n                            <div class=\"benefit opened\">\n                    <h4>Schritt 1: Anmelden oder Einloggen<\/h4>\n                    <div class=\"content\">\n                        <p><strong>Erste Schritte<\/strong>: Klicken Sie auf die Schaltfl\u00e4che \u201cEinen Freund werben\u201d, um auf Ihr Empfehlungs-Dashboard zuzugreifen. Wenn Sie ein neuer Unterst\u00fctzer sind, m\u00fcssen Sie ein Konto einrichten. Wenn Sie bereits ein Konto bei uns haben, melden Sie sich einfach an.<\/p>\n                    <\/div>\n                <\/div>\n                            <div class=\"benefit\">\n                    <h4>Schritt 2: Empfehlen Sie Ihren Freund<\/h4>\n                    <div class=\"content\">\n                        <p><strong>Eine Empfehlung senden<\/strong>: Sobald Sie in Ihrem Dashboard eingeloggt sind, finden Sie eine Option, um Freunde per E-Mail einzuladen oder Ihren einzigartigen Empfehlungslink \u00fcber soziale Medien oder Direktnachrichten zu teilen. Ihre Freunde erhalten eine Einladung zum Kauf von NAD+ AT HOME mit einem speziellen 20%-Rabatt auf ihre erste Bestellung.<\/p>\n                    <\/div>\n                <\/div>\n                            <div class=\"benefit\">\n                    <h4>Schritt 3: Genie\u00dfen Sie Ihre Belohnungen<\/h4>\n                    <div class=\"content\">\n                        <p><strong>Profitieren Sie von den Vorteilen<\/strong>: Nachdem Ihr Freund seinen ersten Einkauf get\u00e4tigt hat, erhalten Sie automatisch einen Rabattcode von 20%. Wenn Sie ein Abonnent sind, erhalten Sie 10% Rabatt auf Ihre n\u00e4chste Abonnementverl\u00e4ngerung.<\/p>\n<p>Dieses unkomplizierte Verfahren macht es Ihnen nicht nur leicht, die Vorteile von NAD+ mit Freunden zu teilen, sondern sorgt auch daf\u00fcr, dass Sie und Ihre Freunde in den Genuss gro\u00dfer Ersparnisse kommen. Das ist unsere Art, uns daf\u00fcr zu bedanken, dass Sie die Vorteile von NAD+ weitergegeben haben.<\/p>\n                    <\/div>\n                <\/div>\n                    <\/div>\n    <\/div>\n<\/div>","protected":false},"excerpt":{"rendered":"","protected":false},"author":1,"featured_media":0,"parent":0,"menu_order":0,"comment_status":"closed","ping_status":"closed","template":"","meta":{"_acf_changed":false,"footnotes":""},"class_list":["post-7155","page","type-page","status-publish","hentry"],"acf":[],"_links":{"self":[{"href":"https:\/\/nadplusathome.com\/de\/wp-json\/wp\/v2\/pages\/7155","targetHints":{"allow":["GET"]}}],"collection":[{"href":"https:\/\/nadplusathome.com\/de\/wp-json\/wp\/v2\/pages"}],"about":[{"href":"https:\/\/nadplusathome.com\/de\/wp-json\/wp\/v2\/types\/page"}],"author":[{"embeddable":true,"href":"https:\/\/nadplusathome.com\/de\/wp-json\/wp\/v2\/users\/1"}],"replies":[{"embeddable":true,"href":"https:\/\/nadplusathome.com\/de\/wp-json\/wp\/v2\/comments?post=7155"}],"version-history":[{"count":1,"href":"https:\/\/nadplusathome.com\/de\/wp-json\/wp\/v2\/pages\/7155\/revisions"}],"predecessor-version":[{"id":34029,"href":"https:\/\/nadplusathome.com\/de\/wp-json\/wp\/v2\/pages\/7155\/revisions\/34029"}],"wp:attachment":[{"href":"https:\/\/nadplusathome.com\/de\/wp-json\/wp\/v2\/media?parent=7155"}],"curies":[{"name":"wp","href":"https:\/\/api.w.org\/{rel}","templated":true}]}}