{"id":42614,"date":"2026-03-20T12:06:31","date_gmt":"2026-03-20T12:06:31","guid":{"rendered":"https:\/\/nadplusathome.com\/?page_id=42614"},"modified":"2026-03-20T12:08:58","modified_gmt":"2026-03-20T12:08:58","slug":"how-to-use-l-glutathione-home-injection-pen","status":"publish","type":"page","link":"https:\/\/nadplusathome.com\/de\/how-to-use-l-glutathione-home-injection-pen\/","title":{"rendered":"How To Use L-Glutathione Home Injection Pen"},"content":{"rendered":"<div class=\"block-benefits-header\" id=\"benefits-header-block_c1bd642f1ebe0569b0c25e044e6591f1\">\n    <div class=\"container-wide\">\n        <div class=\"header-split\">\n            <div class=\"content\">\n                                    <h1>So verwenden Sie den L-Glutathion-Injektionsstift<\/h1>\n                                                    <h3>Entwickelt f\u00fcr eine einfache, innovative und m\u00fchelose L-Glutathion-Verabreichung zu Hause.<\/h3>\n                                <div class=\"inner-content\">\n                    <p>Verbessern Sie Ihre Wellness-Routine mit unserem L-Glutathion-Injektionsstift f\u00fcr zu Hause.<\/p>\n<p>Dieses innovative System, das auf Einfachheit und Pr\u00e4zision ausgelegt ist, erm\u00f6glicht eine m\u00fchelose Selbstverabreichung und macht die Glutathion-Supplementierung zug\u00e4nglicher denn je.<\/p>\n<p>L-Glutathion ist f\u00fcr seine starken antioxidativen Eigenschaften bekannt und unterst\u00fctzt die Entgiftung, die Gesundheit der Haut und die allgemeine Vitalit\u00e4t - und das alles bequem von zu Hause aus.<\/p>\n                <\/div>\n                                    <a href=\"\/de\/product\/l-glutathione-pen-kit\/?wmc-currency=EUR\" class=\"blue-btn\">L-Glutathion Injektion Pen Kit kaufen<\/a>\n                            <\/div>\n            <div class=\"image\" style=\"background-image: url(https:\/\/nadplusathome.com\/wp-content\/uploads\/2026\/02\/l-glutathione-at-home-injection-pen-kit-full-contents-and-box.webp);\"><\/div>\n        <\/div>\n    <\/div>\n<\/div>\n\n\n\n<div class=\"block-text-content black\" id=\"text-content-block_3b97638631be311aeb8b63e983c67112\">\n    <div class=\"container-wide\">\n        <div class=\"inner-content imgtext\">\n            <div class=\"text\">\n                                    <h2>Benutzerhandbuch<\/h2>\n                                <div class=\"content\">\n                    <p>Um sich die L-Glutathion-Pen-Injektion zu Hause selbst zu verabreichen, befolgen Sie die folgenden vereinfachten Schritte:<\/p>\n<ol>\n<li><strong>Saubere H\u00e4nde<\/strong> - Waschen oder desinfizieren Sie Ihre H\u00e4nde gr\u00fcndlich.<\/li>\n<li><strong>Materialien vorbereiten<\/strong> - \u00d6ffnen Sie Ihr L-Glutathion-Pen-Kit und stellen Sie sicher, dass Sie den Pen, die L-Glutathion-Patrone, die Mikronadel, die Alkoholt\u00fccher und den Beh\u00e4lter f\u00fcr scharfe Gegenst\u00e4nde bereithalten.<\/li>\n<li><strong>Temperaturanpassung<\/strong> - Wenn die L-Glutathion-Patrone im K\u00fchlschrank gelagert wurde, lassen Sie sie einige Minuten lang Raumtemperatur annehmen, um die Beschwerden zu verringern.<\/li>\n<li><strong>Zusammenbau des Stifts<\/strong> - Entfernen Sie den Pen-Deckel, schrauben Sie den Patronenhalter ab, setzen Sie die L-Glutathion-Patrone ein (die goldene Spitze zuerst) und bringen Sie den Halter wieder fest an.<\/li>\n<li><strong>Nadel anbringen<\/strong> - Nehmen Sie eine Mikronadel aus der Packung, entfernen Sie die Verpackung und schrauben Sie sie fest auf das Ende des Pens. Lassen Sie die Nadelabdeckung bis zum Gebrauch aufgesetzt.<\/li>\n<li><strong>Den Stift grundieren<\/strong> (Nur bei erstmaliger Verwendung der Patrone) - Drehen Sie die Basis des Pens auf 15 Einheiten, dr\u00fccken Sie den Dosierer, bis der Kolben den grauen St\u00f6psel erreicht, und nachdem Sie die Nadelkappe entfernt haben, sto\u00dfen Sie eventuelle Luftblasen aus, indem Sie den Pen aufrecht halten und 5 Einheiten auf einmal dr\u00fccken, bis die Blasen verschwinden.<\/li>\n<li><strong>Dosierung einstellen<\/strong> - Drehen Sie die Basis des Pens, bis der Zeiger mit Ihrer Dosierung \u00fcbereinstimmt, normalerweise 30 Einheiten (0,3 ml).<\/li>\n<li><strong>Injektionsstelle ausw\u00e4hlen<\/strong> - W\u00e4hlen Sie eine fetthaltige Stelle wie den Bauch, das Ges\u00e4\u00df oder den Oberschenkel (denken Sie daran, die Injektionsstellen an jedem Tag zu wechseln).<\/li>\n<li><strong>Standort desinfizieren<\/strong> - Reinigen Sie die Injektionsstelle mit einem Alkoholtupfer und lassen Sie sie trocknen.<\/li>\n<li><strong>Einspritzen<\/strong> - Dr\u00fccken Sie die Haut zusammen, f\u00fchren Sie die Nadel in einem 90-Grad-Winkel ein und dr\u00fccken Sie den Knopf an der Basis des Pens, um das L-Glutathion zu verabreichen. Halten Sie den Pen ruhig, um Bluterg\u00fcsse zu vermeiden.<\/li>\n<li><strong>Halten &amp; Entfernen<\/strong> - Sobald die Dosisanzeige wieder auf Null (0) steht, halten Sie sie 10 Sekunden lang gedr\u00fcckt und entfernen Sie dann vorsichtig die Nadel.<\/li>\n<li><strong>Entsorgen Sie<\/strong> - Legen Sie die gebrauchte Nadel zur sicheren Entsorgung in den Beh\u00e4lter f\u00fcr scharfe Gegenst\u00e4nde.<\/li>\n<li><strong>Lagerung<\/strong> - Setzen Sie die Kappe des Pens wieder auf, bewahren Sie die L-Glutathion-Patronen in der mitgelieferten Schachtel im K\u00fchlschrank auf, und bewahren Sie das Kit au\u00dferhalb der Reichweite von Kindern und Haustieren auf.<\/li>\n<li><strong>Dosierungsschema<\/strong> - Beginnen Sie mit drei aufeinanderfolgenden t\u00e4glichen Injektionen und gehen Sie dann je nach Bedarf auf jeden zweiten Tag \u00fcber.<\/li>\n<\/ol>\n<p>Beginnen Sie mit Injektionen an drei aufeinanderfolgenden Tagen und stellen Sie dann je nach Bedarf auf jeden zweiten Tag um. Wenden Sie sich bei Fragen an den Support.<\/p>\n                <\/div>\n                                    <a class=\"blue-btn\" \n                        href=\"https:\/\/nadplusathome.com\/wp-content\/uploads\/2026\/03\/how-to-use-lglutathione-pen-full-detailed-instructions_compressed.pdf\">\n                        Vollst\u00e4ndige Anleitung herunterladen                    <\/a>\n                            <\/div>\n                            <div class=\"image-container\">\n                    <img decoding=\"async\" src=\"https:\/\/nadplusathome.com\/wp-content\/uploads\/2026\/02\/how-to-use-the-l-glutathione-at-home-injection-pen-kit.webp\" alt=\"Benutzerhandbuch\" \/>\n                <\/div>\n                                            <\/div>\n    <\/div>\n<\/div>\n\n\n\n<div class=\"block-purchase-nad-call-to-action\" id=\"purchase-nad-call-to-action-block_f52fb5a92f2cf6aad14757e2d853c610\"  data-lazy-css=\"https:\/\/nadplusathome.com\/wp-content\/themes\/nadaid\/assets\/css\/blocks\/purchase-nad-call-to-action.css?id=dc7f033230ebe6cdc50214f2b3b02c87\" data-lazy-js=\"https:\/\/nadplusathome.com\/wp-content\/themes\/nadaid\/assets\/js\/blocks\/purchase-nad-call-to-action.js?id=86132a435c1084d274ff46d90d834215\">\n    <div class=\"container-slim product-container\">\n        <div class=\"product\">\n            <h2 class=\"product-name mobile\">Nachf\u00fcllpackungen f\u00fcr L-Glutathion-Pen<\/h2>\n            <div class=\"prod-images-container\">\n                <div class=\"main-slider\">\n                    <div class=\"glide__track\" data-glide-el=\"track\">\n                        <ul class=\"glide__slides\">\n                                                                                        <li class=\"glide__slide\"><img decoding=\"async\" src=\"https:\/\/nadplusathome.com\/wp-content\/uploads\/2026\/02\/l-glutathione-refill-kit-cartidges.webp\" alt=\"NAD+ Home Kit Bild\" loading=\"lazy\" \/><\/li>\n                                                            <li class=\"glide__slide\"><img decoding=\"async\" src=\"https:\/\/nadplusathome.com\/wp-content\/uploads\/2026\/03\/lglutathione-refill-kit-cartridges-hand-holding.webp\" alt=\"NAD+ Home Kit Bild\" loading=\"lazy\" \/><\/li>\n                                                            <li class=\"glide__slide\"><img decoding=\"async\" src=\"https:\/\/nadplusathome.com\/wp-content\/uploads\/2026\/03\/lglutathione-refill-kit-cartridges-laying-down.webp\" alt=\"NAD+ Home Kit Bild\" loading=\"lazy\" \/><\/li>\n                                                            <li class=\"glide__slide\"><img decoding=\"async\" src=\"https:\/\/nadplusathome.com\/wp-content\/uploads\/2026\/03\/lglutathione-refill-kit-cartridges-contents-of-kit.webp\" alt=\"NAD+ Home Kit Bild\" loading=\"lazy\" \/><\/li>\n                                                    <\/ul>\n                    <\/div>\n                                    <\/div>\n                <div class=\"thumb-slider\">\n                    <div class=\"arrows\">\n                        <div class=\"arrow-cont\" data-glide-el=\"controls\">\n                            <button class=\"backarrow\" data-glide-dir=\"&lt;\"><img decoding=\"async\" src=\"https:\/\/nadplusathome.com\/wp-content\/themes\/nadaid\/images\/icons\/prev-arrow.svg\" alt=\"pfeil-vorher\" loading=\"lazy\" \/><\/button>\n                        <\/div>\n                    <\/div>\n                    <div class=\"glide__track\" data-glide-el=\"track\">\n                        <ul class=\"glide__slides\">\n                                                                                        <li class=\"glide__slide glide-thumbnail\" data-index=\"0\"><img decoding=\"async\" src=\"https:\/\/nadplusathome.com\/wp-content\/uploads\/2026\/02\/l-glutathione-refill-kit-cartidges.webp\" alt=\"NAD Home Kit Bild\" loading=\"lazy\" \/><\/li>\n                                                            <li class=\"glide__slide glide-thumbnail\" data-index=\"1\"><img decoding=\"async\" src=\"https:\/\/nadplusathome.com\/wp-content\/uploads\/2026\/03\/lglutathione-refill-kit-cartridges-hand-holding.webp\" alt=\"NAD Home Kit Bild\" loading=\"lazy\" \/><\/li>\n                                                            <li class=\"glide__slide glide-thumbnail\" data-index=\"2\"><img decoding=\"async\" src=\"https:\/\/nadplusathome.com\/wp-content\/uploads\/2026\/03\/lglutathione-refill-kit-cartridges-laying-down.webp\" alt=\"NAD Home Kit Bild\" loading=\"lazy\" \/><\/li>\n                                                            <li class=\"glide__slide glide-thumbnail\" data-index=\"3\"><img decoding=\"async\" src=\"https:\/\/nadplusathome.com\/wp-content\/uploads\/2026\/03\/lglutathione-refill-kit-cartridges-contents-of-kit.webp\" alt=\"NAD Home Kit Bild\" loading=\"lazy\" \/><\/li>\n                                                    <\/ul>\n                    <\/div>\n                    <div class=\"arrows\">\n                        <div class=\"arrow-cont\" data-glide-el=\"controls\">\n                            <button class=\"nextarrow\" data-glide-dir=\"&gt;\"><img decoding=\"async\" src=\"https:\/\/nadplusathome.com\/wp-content\/themes\/nadaid\/images\/icons\/next-arrow-alt.svg\" alt=\"n\u00e4chster Pfeil\" loading=\"lazy\" \/><\/button>\n                        <\/div>\n                    <\/div>\n                <\/div>\n            <\/div>\n            <div class=\"prod-desc\">\n                <div>\n                    <h2 class=\"product-name desktop\">Nachf\u00fcllpackungen f\u00fcr L-Glutathion-Pen<\/h2>\n                                            <p class=\"price\"><span class=\"woocommerce-Price-amount amount\"><bdi><span class=\"woocommerce-Price-currencySymbol\">\u00a3<\/span>285.00<\/bdi><\/span><small class=\"wcsatt-sub-options\"> <span class=\"wcsatt-dash\">\u2013<\/span> oder Abonniere und erhalte <\/small> <span class=\"wcsatt-sub-discount\">20\u00a0&#37;<\/span><small><\/small><\/p>\n                                    <\/div>\n                <div class=\"product-text\">\n                    <div class=\"desktop\">\n                        Unser Nachf\u00fcllset bietet einen weiteren vollst\u00e4ndigen Vorrat an L-Glutathion f\u00fcr Ihren nachf\u00fcllbaren Injektionsstift. F\u00fcllen Sie jetzt nach und machen Sie sich auf den Weg, Ihren Antioxidantienspiegel wiederherzustellen und aufrechtzuerhalten, um die Ausstrahlung der Haut, die Entgiftung und die Gesundheit des Immunsystems von innen heraus zu unterst\u00fctzen.\r\n\r\nMit zunehmendem Alter sinkt unser L-Glutathion-Spiegel auf nat\u00fcrliche Weise, was sich auf die allgemeine Vitalit\u00e4t und die Klarheit der Haut auswirkt. Forschungsergebnisse deuten darauf hin, dass unser L-Glutathion-Spiegel bis zum Alter von 40 Jahren um 30% sinkt und sich bis zum Alter von 65 Jahren in der Regel halbiert.\r\n\r\nMit unserem L-Glutathion Pen Kit und seiner Bioverf\u00fcgbarkeit von nahezu 100 % k\u00f6nnen Sie diesem R\u00fcckgang entgegenwirken. Dieser hochwertige Autoinjektor sorgt f\u00fcr eine schnelle Absorption und hilft Ihnen, Ihren Teint aufzuhellen, oxidativen Stress zu bek\u00e4mpfen und die Zellreparatur zu f\u00f6rdern - und das alles bequem von zu Hause aus.                    <\/div>\n                                        <h2 class=\"benefit-title\">Verst\u00e4ndnis f\u00fcr das Potenzial <span>Vorteile<\/span> von L-Glutathion<\/h2>\n                    <ul>\n                                                    <li><p><strong>Hautton aufhellen<\/strong><\/p>\n<p>Optimieren Sie Ihr Strahlen und reduzieren Sie Hyperpigmentierung<\/p>\n<\/li>\n                                                    <li><p><strong>Verbesserung der Entgiftung<br \/>\n<\/strong>Verst\u00e4rkte Unterst\u00fctzung der Leber und Schwermetallausleitung<\/p>\n<\/li>\n                                                    <li><p><strong>Verbesserung der Immununterst\u00fctzung<\/strong><\/p>\n<p>Bleiben Sie gesund, werden Sie widerstandsf\u00e4higer und optimieren Sie Ihren K\u00f6rper<\/p>\n<\/li>\n                                                    <li><p><strong>Maximieren Sie das st\u00e4rkste Antioxidans des K\u00f6rpers<\/strong><\/p>\n<p>Repariert gesch\u00e4digte Hautzellen f\u00fcr einen jugendlichen Teint<\/p>\n<\/li>\n                                            <\/ul>\n                <\/div>\n                <a class=\"blue-btn\" href=\"https:\/\/nadplusathome.com\/de\/product\/refills-for-l-glutathione-pen\/\">Produkt kaufen<\/a>\n            <\/div>\n        <\/div>\n    <\/div>\n<\/div>","protected":false},"excerpt":{"rendered":"","protected":false},"author":1,"featured_media":0,"parent":0,"menu_order":0,"comment_status":"closed","ping_status":"closed","template":"","meta":{"_acf_changed":false,"footnotes":""},"class_list":["post-42614","page","type-page","status-publish","hentry"],"acf":[],"_links":{"self":[{"href":"https:\/\/nadplusathome.com\/de\/wp-json\/wp\/v2\/pages\/42614","targetHints":{"allow":["GET"]}}],"collection":[{"href":"https:\/\/nadplusathome.com\/de\/wp-json\/wp\/v2\/pages"}],"about":[{"href":"https:\/\/nadplusathome.com\/de\/wp-json\/wp\/v2\/types\/page"}],"author":[{"embeddable":true,"href":"https:\/\/nadplusathome.com\/de\/wp-json\/wp\/v2\/users\/1"}],"replies":[{"embeddable":true,"href":"https:\/\/nadplusathome.com\/de\/wp-json\/wp\/v2\/comments?post=42614"}],"version-history":[{"count":2,"href":"https:\/\/nadplusathome.com\/de\/wp-json\/wp\/v2\/pages\/42614\/revisions"}],"predecessor-version":[{"id":43005,"href":"https:\/\/nadplusathome.com\/de\/wp-json\/wp\/v2\/pages\/42614\/revisions\/43005"}],"wp:attachment":[{"href":"https:\/\/nadplusathome.com\/de\/wp-json\/wp\/v2\/media?parent=42614"}],"curies":[{"name":"wp","href":"https:\/\/api.w.org\/{rel}","templated":true}]}}