{"id":41152,"date":"2026-02-13T13:14:59","date_gmt":"2026-02-13T13:14:59","guid":{"rendered":"https:\/\/nadplusathome.com\/?page_id=41152"},"modified":"2026-02-13T15:11:58","modified_gmt":"2026-02-13T15:11:58","slug":"about-bejma-magdalena","status":"publish","type":"page","link":"https:\/\/nadplusathome.com\/de\/about-bejma-magdalena\/","title":{"rendered":"About Bejma Magdalena"},"content":{"rendered":"<div class=\"block-benefits-header\" id=\"benefits-header-block_0d1191e870393093b890958ad45b1051\">\n    <div class=\"container-wide\">\n        <div class=\"header-split\">\n            <div class=\"content\">\n                                    <h1>Bejma Magdalena <\/h1>\n                                                <div class=\"inner-content\">\n                    <p>Bejma Magdalena ist eine Mitarbeiterin von NAD+ AT HOME und verf\u00fcgt \u00fcber mehr als 20 Jahre Berufserfahrung, die sich auf verantwortungsbewusste Praxis, ethische Standards und durchdachte Entscheidungen konzentriert. Ihre Arbeit wird von einem starken Engagement f\u00fcr Integrit\u00e4t, Qualit\u00e4t und langfristiges Wohlergehen geleitet.<\/p>\n                <\/div>\n                            <\/div>\n            <div class=\"image\" style=\"background-image: url(https:\/\/nadplusathome.com\/wp-content\/uploads\/2026\/02\/Dr-Magdalena-Bejma-MBBS-MRCGP-2.webp);\"><\/div>\n        <\/div>\n    <\/div>\n<\/div>\n\n\n\n<div class=\"block-text-content black\" id=\"text-content-block_e9472ed1ce9d5d965d938f986f80e0e0\">\n    <div class=\"container\">\n        <div class=\"inner-content text\">\n            <div class=\"text\">\n                                    <h2>Hintergrund<\/h2>\n                                <div class=\"content\">\n                    <p>Bejma Magdalena hat ein starkes Interesse an der Harmonisierung des Gesichts und an regenerativen Ans\u00e4tzen zur Behandlung des Alterns entwickelt. Sie betrachtet das Altern nicht einfach als eine \u00e4u\u00dfere Ver\u00e4nderung, sondern als einen nat\u00fcrlichen Prozess, der den ganzen Menschen betrifft. Diese Sichtweise deckt sich eng mit den Prinzipien von NAD<span class='bluePlusDangit'>+<\/span> und seine wachsende Popularit\u00e4t in Diskussionen um Vitalit\u00e4t und Langlebigkeit.<\/p>\n<p>Als Redakteurin und Autorin f\u00fcr NAD<span class='bluePlusDangit'>+<\/span> Bei AT HOME hilft sie, komplexe Themen in klare, leicht verst\u00e4ndliche Einsichten aufzul\u00f6sen. Ihr Ansatz konzentriert sich auf Bildung, Ausgewogenheit und darauf, den Menschen das Gef\u00fchl zu geben, gut informiert zu sein und selbstbewusst ihre Entscheidungen zu treffen.<\/p>\n<p>Ihre Beitr\u00e4ge spiegeln ihre \u00dcberzeugung wider, dass regenerative Ans\u00e4tze mit Bedacht und Verantwortungsbewusstsein erforscht werden sollten, wobei das langfristige Wohlbefinden im Vordergrund stehen sollte. Durch ihre Artikel unterst\u00fctzt sie die NAD<span class='bluePlusDangit'>+<\/span> AT HOME setzt sich f\u00fcr eine klare, verst\u00e4ndliche Aufkl\u00e4rung ein, die es den Menschen erm\u00f6glicht, NAD besser zu verstehen.<span class='bluePlusDangit'>+<\/span>, f\u00fcr wen sie geeignet ist und wie sie sich in ein umfassenderes Konzept des gesunden Alterns einf\u00fcgt.<\/p>\n<p>&nbsp;<\/p>\n                <\/div>\n                            <\/div>\n                                            <\/div>\n    <\/div>\n<\/div>\n\n\n\n\n<div class=\"block-related-posts\" id=\"related-posts-block_dfc4e59ba2731faaac74710a0c61b1e2\">\n    <div class=\"container\">\n        <div class=\"inner\">\n            <h2>Artikel von Bejma Magdalena<\/h2>\n            <div class=\"grid\">\n                                    <div class=\"post\">\n                        <div class=\"post-thumbnail\">\n                            <a class=\"btn\" href=\"https:\/\/nadplusathome.com\/de\/articles\/category\/nad\/\">NAD+<\/a>\n                            <img decoding=\"async\" src=\"https:\/\/nadplusathome.com\/wp-content\/uploads\/2024\/08\/liposomal-nad-capsules-nad-supplements-tablets-on-table.webp\" alt=\"Was ist NAD+? Alles, was Sie wissen m\u00fcssen\" \/>\n                        <\/div>\n                        <p class=\"desc\">\n                            \n                            <span>\n                                                                                                                                <\/span>\n                            <span style=\"font-size: 20px;\">\u2022<\/span>\n                            <span>21. Februar 2025<\/span>\n                                                            <span style=\"font-size: 20px;\">\u2022<\/span>\n                                <span>8 Minuten lesen<\/span>\n                                                    <\/p>\n                        <div class=\"content\">\n                            <a href=\"https:\/\/nadplusathome.com\/de\/articles\/what-is-nad-everything-you-need-to-know\/\">\n                                <h4>Was ist NAD+? Alles, was Sie wissen m\u00fcssen<\/h4>\n                            <\/a>\n                            <a class=\"blue-btn\" href=\"https:\/\/nadplusathome.com\/de\/articles\/what-is-nad-everything-you-need-to-know\/\">Mehr lesen<\/a>\n                        <\/div>\n                    <\/div>\n                                    <div class=\"post\">\n                        <div class=\"post-thumbnail\">\n                            <a class=\"btn\" href=\"https:\/\/nadplusathome.com\/de\/articles\/category\/nad\/\">NAD+<\/a>\n                            <img decoding=\"async\" src=\"https:\/\/nadplusathome.com\/wp-content\/uploads\/2025\/10\/Is-NAD-the-Same-as-Vitamin-B3.webp\" alt=\"Ist NAD das Gleiche wie Vitamin B3?\" \/>\n                        <\/div>\n                        <p class=\"desc\">\n                            \n                            <span>\n                                                                                                                                <\/span>\n                            <span style=\"font-size: 20px;\">\u2022<\/span>\n                            <span>20. Oktober 2025<\/span>\n                                                    <\/p>\n                        <div class=\"content\">\n                            <a href=\"https:\/\/nadplusathome.com\/de\/articles\/is-nad-the-same-as-vitamin-b3\/\">\n                                <h4>Ist NAD das Gleiche wie Vitamin B3?<\/h4>\n                            <\/a>\n                            <a class=\"blue-btn\" href=\"https:\/\/nadplusathome.com\/de\/articles\/is-nad-the-same-as-vitamin-b3\/\">Mehr lesen<\/a>\n                        <\/div>\n                    <\/div>\n                                    <div class=\"post\">\n                        <div class=\"post-thumbnail\">\n                            <a class=\"btn\" href=\"https:\/\/nadplusathome.com\/de\/articles\/category\/nad\/\">NAD+<\/a>\n                            <img decoding=\"async\" src=\"https:\/\/nadplusathome.com\/wp-content\/uploads\/2025\/07\/Does-NAD-Reverse-Ageing-e1751537720999.webp\" alt=\"Kann NAD+ die Alterung umkehren?\" \/>\n                        <\/div>\n                        <p class=\"desc\">\n                            \n                            <span>\n                                                                                                                                <\/span>\n                            <span style=\"font-size: 20px;\">\u2022<\/span>\n                            <span>3. Juli 2025<\/span>\n                                                    <\/p>\n                        <div class=\"content\">\n                            <a href=\"https:\/\/nadplusathome.com\/de\/articles\/does-nad-reverse-ageing\/\">\n                                <h4>Kann NAD+ die Alterung umkehren?<\/h4>\n                            <\/a>\n                            <a class=\"blue-btn\" href=\"https:\/\/nadplusathome.com\/de\/articles\/does-nad-reverse-ageing\/\">Mehr lesen<\/a>\n                        <\/div>\n                    <\/div>\n                            <\/div>\n        <\/div>\n    <\/div>\n<\/div>","protected":false},"excerpt":{"rendered":"","protected":false},"author":15,"featured_media":0,"parent":0,"menu_order":0,"comment_status":"closed","ping_status":"closed","template":"","meta":{"_acf_changed":false,"footnotes":""},"class_list":["post-41152","page","type-page","status-publish","hentry"],"acf":[],"_links":{"self":[{"href":"https:\/\/nadplusathome.com\/de\/wp-json\/wp\/v2\/pages\/41152","targetHints":{"allow":["GET"]}}],"collection":[{"href":"https:\/\/nadplusathome.com\/de\/wp-json\/wp\/v2\/pages"}],"about":[{"href":"https:\/\/nadplusathome.com\/de\/wp-json\/wp\/v2\/types\/page"}],"author":[{"embeddable":true,"href":"https:\/\/nadplusathome.com\/de\/wp-json\/wp\/v2\/users\/15"}],"replies":[{"embeddable":true,"href":"https:\/\/nadplusathome.com\/de\/wp-json\/wp\/v2\/comments?post=41152"}],"version-history":[{"count":10,"href":"https:\/\/nadplusathome.com\/de\/wp-json\/wp\/v2\/pages\/41152\/revisions"}],"predecessor-version":[{"id":41183,"href":"https:\/\/nadplusathome.com\/de\/wp-json\/wp\/v2\/pages\/41152\/revisions\/41183"}],"wp:attachment":[{"href":"https:\/\/nadplusathome.com\/de\/wp-json\/wp\/v2\/media?parent=41152"}],"curies":[{"name":"wp","href":"https:\/\/api.w.org\/{rel}","templated":true}]}}