{"id":34123,"date":"2025-11-03T12:27:22","date_gmt":"2025-11-03T12:27:22","guid":{"rendered":"https:\/\/nadplusathome.com\/?page_id=34123"},"modified":"2025-11-03T12:42:49","modified_gmt":"2025-11-03T12:42:49","slug":"pricing-billing-policy","status":"publish","type":"page","link":"https:\/\/nadplusathome.com\/de\/pricing-billing-policy\/","title":{"rendered":"Pricing &amp; Billing Policy"},"content":{"rendered":"<div class=\"block-simple-dark-header default\" id=\"simple-dark-header-block_340f91c97cdf2bd00567c250d8a71377\">\n    <div class=\"container\">\n        <div class=\"inner-content\">\n                            <h1>Preisgestaltung &amp; Abrechnungspolitik<\/h1>\n                                        <p><h2>Informationen dar\u00fcber, wie wir Preise festlegen, Rechnungen ausstellen und Auftr\u00e4ge verl\u00e4ngern.<\/h2>\n<\/p>\n                    <\/div>\n    <\/div>\n<\/div>\n\n\n<div class=\"block-text-content blue\" id=\"text-content-block_8257541f336a5541d49f95efba6d3a01\">\n    <div class=\"container\">\n        <div class=\"inner-content text contrast\">\n            <div class=\"text\">\n                                <div class=\"content\">\n                    <p>Zuletzt aktualisiert: 03\/11\/2025<\/p>\n<p>Bei NAD<span class='bluePlusDangit'>+<\/span> Bei Home legen wir gro\u00dfen Wert auf Transparenz und Ehrlichkeit in Bezug auf unsere Preise, Abonnements und Rechnungen. Diese Richtlinie erkl\u00e4rt, wie unsere Preise angezeigt werden, wie die Abrechnung sowohl f\u00fcr einmalige K\u00e4ufe als auch f\u00fcr Abonnements und den Gro\u00dfhandel funktioniert, und was Sie bei einer Bestellung bei NAD erwarten k\u00f6nnen<span class='bluePlusDangit'>+<\/span> zu Hause.<\/p>\n<p>Alle Preise auf unserer Website sind in GBP (\u00a3) angegeben und enthalten die Mehrwertsteuer. Unsere Preise k\u00f6nnen je nach Produkttyp, Lieferdauer und je nachdem, ob Sie eine einmalige Bestellung aufgeben, ein Abonnement abschlie\u00dfen oder \u00fcber ein Gro\u00dfhandelskonto einkaufen, variieren.<\/p>\n<p>NAD oder NAD<span class='bluePlusDangit'>+<\/span> stehen f\u00fcr Nicotinamid-Adenin-Dinukleotid.<\/p>\n<p>&nbsp;<\/p>\n<h3><strong>Liposomales NAD<span class='bluePlusDangit'>+<\/span> Kapseln<\/strong><\/h3>\n<ul>\n<li>Produkt Inhalt\n<ul>\n<li>Glasgef\u00e4\u00df\n<ul>\n<li>30 Liposomales NAD<span class='bluePlusDangit'>+<\/span> Kapseln\n<ul>\n<li>Eine Kapsel enth\u00e4lt 250 mg NAD<span class='bluePlusDangit'>+<\/span><\/li>\n<\/ul>\n<\/li>\n<li>Glasgef\u00e4\u00df<\/li>\n<\/ul>\n<\/li>\n<li>Nachf\u00fcllbeutel\n<ul>\n<li>30 Liposomales NAD<span class='bluePlusDangit'>+<\/span> Kapseln\n<ul>\n<li>Eine Kapsel enth\u00e4lt 250 mg NAD<span class='bluePlusDangit'>+<\/span><\/li>\n<\/ul>\n<\/li>\n<\/ul>\n<\/li>\n<\/ul>\n<\/li>\n<li><span style=\"font-size: 1rem;\">Erh\u00e4ltlich in Vorr\u00e4ten f\u00fcr 30, 60 oder 90 Tage<\/span><\/li>\n<li>Ein Produkt enth\u00e4lt 30 Kapseln\n<ul>\n<li>Ein Vorrat f\u00fcr 30 Tage = 1 Produkt (1 Glasbeh\u00e4lter mit 30 Kapseln)<\/li>\n<li>Ein Vorrat f\u00fcr 60 Tage = 2 Produkte (1 Glasbeh\u00e4lter mit 30 Kapseln + 1 Nachf\u00fcllbeutel mit 30 Kapseln)<\/li>\n<li>Ein Vorrat f\u00fcr 90 Tage = 3 Produkte (1 Glasbeh\u00e4lter mit 30 Kapseln + 2 Nachf\u00fcllbeutel mit 60 Kapseln, 30 Kapseln in jedem Beutel)<\/li>\n<\/ul>\n<\/li>\n<li>Kaufoptionen\n<ul>\n<li>Einzelkauf<\/li>\n<li>Abonnement mit automatischer Lieferung alle 30, 60 oder 90 Tage<\/li>\n<li>Gro\u00dfhandel, Mindestbestellmenge 10 Produkte<\/li>\n<\/ul>\n<\/li>\n<li>Einsparungen durch Abonnements\n<ul>\n<li>15% Rabatt auf das Monatsabonnement<\/li>\n<li>10% Rabatt auf jedes zweite Monatsabonnement<\/li>\n<li>5% Rabatt auf jedes 3-Monats-Abonnement<\/li>\n<\/ul>\n<\/li>\n<li>Einsparungen im Gro\u00dfhandel\n<ul>\n<li>10 - 19 Produkte: 30% Einsparung<\/li>\n<li>20 - 49 Produkte: 35% Einsparung<\/li>\n<li>50 - 99 Produkte: 40% Einsparung<\/li>\n<li>150+ Produkte: 43.16% Ersparnis<\/li>\n<\/ul>\n<\/li>\n<li><a href=\"\/de\/product\/liposomal-nad-capsules\/?wmc-currency=EUR\">Liposomales NAD<span class='bluePlusDangit'>+<\/span> Kapseln Produktseite<\/a><\/li>\n<\/ul>\n<p>&nbsp;<\/p>\n<h3><strong>NAD<span class='bluePlusDangit'>+<\/span> Injektionsset (1000mg)<\/strong><\/h3>\n<ul>\n<li>Inhalt des Kits\n<ul>\n<li>1 x 1000mg Fl\u00e4schchen NAD<span class='bluePlusDangit'>+<\/span><\/li>\n<li>20 x Mikro-Nadeln (0,3ml)<\/li>\n<li>20 x Antibakterielle T\u00fccher<\/li>\n<li>1 x Sharps Bin<\/li>\n<li>1 x Cooler Gel Pack<\/li>\n<li>1 x Gebrauchsanweisung<\/li>\n<li>1 x Vorgeschlagene Protokollkarte<\/li>\n<\/ul>\n<\/li>\n<li>Kaufoptionen\n<ul>\n<li>Einzelkauf<\/li>\n<li>Abonnement mit automatischer Lieferung alle 2 Wochen, 3 Wochen, 4 Wochen, 5 Wochen, 6 Wochen, 2 Monate oder 3 Monate<\/li>\n<li>Gro\u00dfhandel, Mindestbestellmenge 5 Kits<\/li>\n<\/ul>\n<\/li>\n<li>Einsparungen durch Abonnements\n<ul>\n<li>20% auf 2- oder 3-Wochen-Abonnements<\/li>\n<li>15% auf 4- oder 5-Wochen-Abonnements<\/li>\n<li>10% auf 6 Wochen-, 2-Monats- oder 3-Monats-Abonnements<\/li>\n<\/ul>\n<\/li>\n<li>Einsparungen im Gro\u00dfhandel\n<ul>\n<li>5 bis 9 Kits: 32.86% Ersparnis pro Bausatz<\/li>\n<li>10+ Kits: 38.57% Ersparnis pro Bausatz<\/li>\n<\/ul>\n<\/li>\n<li><a href=\"\/de\/product\/nad-at-home\/?wmc-currency=EUR\">NAD<span class='bluePlusDangit'>+<\/span> Injektionsset (1000mg) Produktseite<\/a><\/li>\n<\/ul>\n<p>&nbsp;<\/p>\n<h3><strong>NAD<span class='bluePlusDangit'>+<\/span> (1000mg) - Nur Fl\u00e4schchen<\/strong><\/h3>\n<ul>\n<li>Inhalt\n<ul>\n<li>1 x 1000mg Fl\u00e4schchen NAD<span class='bluePlusDangit'>+<\/span><\/li>\n<\/ul>\n<\/li>\n<li>Kaufoptionen\n<ul>\n<li>Gro\u00dfhandel, Mindestbestellmenge 5 Fl\u00e4schchen<\/li>\n<\/ul>\n<\/li>\n<li><a href=\"\/de\/product\/nad-1000mg-vial-only\/?wmc-currency=EUR\">NAD<span class='bluePlusDangit'>+<\/span> (1000mg) - nur Fl\u00e4schchen Produktseite<\/a><\/li>\n<\/ul>\n<p>&nbsp;<\/p>\n<h3><strong>NAD<span class='bluePlusDangit'>+<\/span> Zu Hause Mini (500mg)<\/strong><\/h3>\n<ul>\n<li>Inhalt des Kits\n<ul>\n<li>1 Fl\u00e4schchen mit 500 mg NAD<span class='bluePlusDangit'>+<\/span><\/li>\n<li>10 x Mikro-Nadeln (0,3ml)<\/li>\n<li>10 x Antibakterielle T\u00fccher<\/li>\n<li>1 x Sharps Bin<\/li>\n<li>1 x Cooler Gel Pack<\/li>\n<li>1 x Gebrauchsanweisung<\/li>\n<li>1 x Protokollkarte<\/li>\n<\/ul>\n<\/li>\n<li>Kaufoptionen\n<ul>\n<li>Einzelkauf<\/li>\n<li>Gro\u00dfhandel, Mindestbestellmenge 5 Kits<\/li>\n<\/ul>\n<\/li>\n<li>Einsparungen im Gro\u00dfhandel\n<ul>\n<li>5 bis 9 Kits: 33.33% Ersparnis pro Bausatz<\/li>\n<li>10+ Kits: 38.46% Ersparnis pro Kit<\/li>\n<\/ul>\n<\/li>\n<li><a href=\"\/de\/product\/nad-at-home-mini-500mg\/?wmc-currency=EUR\">NAD<span class='bluePlusDangit'>+<\/span> At Home Mini (500mg) Produktseite<\/a><\/li>\n<\/ul>\n<p>&nbsp;<\/p>\n<h3><strong>L-Glutathion-Injektionsset f\u00fcr zu Hause (1800mg)<\/strong><\/h3>\n<ul>\n<li>Inhalt des Kits\n<ul>\n<li>1 Fl\u00e4schchen mit 1800 mg L-Glutathion<\/li>\n<li>20 x Mikro-Nadeln (1ml)<\/li>\n<li>20 x Antibakterielle T\u00fccher<\/li>\n<li>1 x Sharps Bin<\/li>\n<li>1 x Cooler Gel Pack<\/li>\n<li>1 x Gebrauchsanweisung<\/li>\n<li>1 x Protokollkarte<\/li>\n<\/ul>\n<\/li>\n<li>Kaufoptionen\n<ul>\n<li>Einzelkauf<\/li>\n<li>Abonnement mit automatischer Lieferung alle 2 Wochen, 3 Wochen, 4 Wochen, 5 Wochen, 6 Wochen, 2 Monate oder 3 Monate<\/li>\n<li>Gro\u00dfhandel, Mindestbestellmenge 5 Kits<\/li>\n<\/ul>\n<\/li>\n<li>Einsparungen durch Abonnements\n<ul>\n<li>20% auf 2- oder 3-Wochen-Abonnements<\/li>\n<li>15% auf 4- oder 5-Wochen-Abonnements<\/li>\n<li>10% auf 6 Wochen-, 2-Monats- oder 3-Monats-Abonnements<\/li>\n<\/ul>\n<\/li>\n<li>Einsparungen im Gro\u00dfhandel\n<ul>\n<li>5 bis 9 Kits: 29.47% Ersparnis pro Bausatz<\/li>\n<li>10+ Kits: 36% Ersparnis pro Bausatz<\/li>\n<\/ul>\n<\/li>\n<li><a href=\"\/de\/product\/lglutathione-at-home\/?wmc-currency=EUR\">L-Glutathion Home Injection Kit (1800mg) Produktseite<\/a><\/li>\n<\/ul>\n<p>&nbsp;<\/p>\n<h3><strong>L-Glutathion (1800mg) - Nur Fl\u00e4schchen<\/strong><\/h3>\n<ul>\n<li>Inhalt\n<ul>\n<li>1 Fl\u00e4schchen mit 1800 mg L-Glutathion<\/li>\n<\/ul>\n<\/li>\n<li>Kaufoptionen\n<ul>\n<li>Gro\u00dfhandel, Mindestbestellmenge 5 Fl\u00e4schchen<\/li>\n<\/ul>\n<\/li>\n<\/ul>\n<p>&nbsp;<\/p>\n<h3><strong>Wellness-Kombination<\/strong><\/h3>\n<ul>\n<li>Inhalt des Kits\n<ul>\n<li>1 Fl\u00e4schchen mit 1800 mg L-Glutathion<\/li>\n<li>1 x 1000mg Fl\u00e4schchen NAD<span class='bluePlusDangit'>+<\/span><\/li>\n<li>20 x Mikro-Nadeln (0,3ml)<\/li>\n<li>20 x Mikro-Nadeln (1ml)<\/li>\n<li>40 x Antibakterielle T\u00fccher<\/li>\n<li>2 x Sharps-Beh\u00e4lter<\/li>\n<li>1 x Cooler Gel Pack<\/li>\n<li>1 x NAD<span class='bluePlusDangit'>+<\/span> Gebrauchsanweisung<\/li>\n<li>1 x L-Glutathion Gebrauchsanweisung<\/li>\n<li>1 x NAD<span class='bluePlusDangit'>+<\/span> Protokollkarte<\/li>\n<li>1 x L-Glutathion-Protokollkarte<\/li>\n<\/ul>\n<\/li>\n<li>Kaufoptionen\n<ul>\n<li>Einzelkauf<\/li>\n<li>Abonnement mit automatischer Lieferung alle 2 Wochen, 4 Wochen, 5 Wochen oder 6 Wochen<\/li>\n<\/ul>\n<\/li>\n<li>Einsparungen durch Abonnements\n<ul>\n<li>10% auf Abonnements f\u00fcr 2 Wochen, 4 Wochen, 5 Wochen oder 6 Wochen<\/li>\n<\/ul>\n<\/li>\n<li><a href=\"\/de\/product\/nad-at-home-wellness-combo\/?wmc-currency=EUR\">Wellness Combo Produktseite<\/a><\/li>\n<\/ul>\n<p>&nbsp;<\/p>\n<h3><strong>NAD<span class='bluePlusDangit'>+<\/span> Injektionspen f\u00fcr zu Hause<\/strong><\/h3>\n<ul>\n<li>Stift und komplettes Set\n<ul>\n<li>Inhalt des Kits\n<ul>\n<li>1 x Premium Auto-Injektor-Pen<\/li>\n<li>2 x Patronen mit 500mg\/3ml NAD<span class='bluePlusDangit'>+<\/span> je (1.000 mg NAD<span class='bluePlusDangit'>+<\/span> Gesamt)<\/li>\n<li>1 x Kostenlose Reisetasche mit K\u00fchlpacks<\/li>\n<li>20 x Mikro-Nadeln<\/li>\n<li>20 x Antibakterielle T\u00fccher<\/li>\n<li>1 x Sharps Bin (zur sicheren Entsorgung von Nadeln)<\/li>\n<li>1 x Gebrauchsanweisung<\/li>\n<\/ul>\n<\/li>\n<li>Angebot\n<ul>\n<li>Ein 1-Monats-Vorrat = 3 Produkte (1 Pen + 2 x 500mg\/3ml NAD-Patronen)<\/li>\n<li>Ein 2-Monats-Vorrat = 5 Produkte (1 Pen + 4 x 500mg\/3ml NAD-Patronen)<\/li>\n<li>Ein 3-Monats-Vorrat = 7 Produkte (1 Pen + 6 x 500mg\/3ml NAD-Patronen)<\/li>\n<\/ul>\n<\/li>\n<li>Kaufoptionen\n<ul>\n<li>Einzelkauf<\/li>\n<li>Abonnement mit automatischer Lieferung alle 2 Wochen, 1 Monat, 2 Monate oder 3 Monate f\u00fcr jede Lieferung<\/li>\n<li>Gro\u00dfhandel, Mindestbestellmenge 5 Kits<\/li>\n<\/ul>\n<\/li>\n<li>Einsparungen durch Abonnements\n<ul>\n<li>1 Monatsvorrat - 26% auf Abonnements f\u00fcr 2 Wochen, 1 Monat, 2 Monate oder 3 Monate<\/li>\n<li>2 Monate Vorrat - 31% auf Abonnements f\u00fcr 2 Wochen, 1 Monat, 2 Monate oder 3 Monate<\/li>\n<li>3 Monate Vorrat - 35% auf Abonnements f\u00fcr 2 Wochen, 1 Monat, 2 Monate oder 3 Monate<\/li>\n<\/ul>\n<\/li>\n<li>Einsparungen im Gro\u00dfhandel\n<ul>\n<li>5 bis 9 Kits: 33.33% Ersparnis pro Bausatz<\/li>\n<li>10+ Kits: 37.33% Ersparnis pro Kit<\/li>\n<\/ul>\n<\/li>\n<li><a href=\"\/de\/product\/nad-injection-pen\/?wmc-currency=EUR\">NAD<span class='bluePlusDangit'>+<\/span> Home Injektionspen Produktseite<\/a><\/li>\n<\/ul>\n<\/li>\n<li>Nachf\u00fcllpackung\n<ul>\n<li>Inhalt des Kits\n<ul>\n<li>2 x Patronen mit 500mg\/3ml NAD<span class='bluePlusDangit'>+<\/span> je (1.000 mg NAD<span class='bluePlusDangit'>+<\/span> Gesamt)<\/li>\n<li>20 x Mikro-Nadeln<\/li>\n<li>20 x Antibakterielle T\u00fccher<\/li>\n<li>1 x Sharps Bin (zur sicheren Entsorgung von Nadeln)<\/li>\n<\/ul>\n<\/li>\n<li>Angebot\n<ul>\n<li>Ein Vorrat f\u00fcr 1 Monat = 2 Produkte (2 x 500mg\/3ml NAD-Patronen)<\/li>\n<li>Ein Vorrat f\u00fcr 2 Monate = 4 Produkte (4 x 500mg\/3ml NAD-Patronen)<\/li>\n<li>Ein Vorrat f\u00fcr 3 Monate = 6 Produkte (6 x 500mg\/3ml NAD-Patronen)<\/li>\n<\/ul>\n<\/li>\n<li>Kaufoptionen\n<ul>\n<li>Einzelkauf<\/li>\n<li>Abonnement mit automatischer Lieferung alle 2 Wochen, 1 Monat, 2 Monate oder 3 Monate f\u00fcr jede Lieferung<\/li>\n<li>Gro\u00dfhandel, Mindestbestellmenge 5 Kits<\/li>\n<\/ul>\n<\/li>\n<li>Einsparungen durch Abonnements\n<ul>\n<li>1 Monatsvorrat - 26% auf Abonnements f\u00fcr 2 Wochen, 1 Monat, 2 Monate oder 3 Monate<\/li>\n<li>2 Monate Vorrat - 32% auf Abonnements f\u00fcr 2 Wochen, 1 Monat, 2 Monate oder 3 Monate<\/li>\n<li>3-monatiger Vorrat - 36% auf Abonnements f\u00fcr 2 Wochen, 1 Monat, 2 Monate oder 3 Monate<\/li>\n<\/ul>\n<\/li>\n<li>Einsparungen im Gro\u00dfhandel\n<ul>\n<li>5 bis 9 Kits: 31.88% Ersparnis pro Bausatz<\/li>\n<li>10+ Kits: 37.68% Ersparnis pro Kit<\/li>\n<\/ul>\n<\/li>\n<li><a href=\"\/de\/product\/nad-injection-pen-refill-kits\/?wmc-currency=EUR\">NAD<span class='bluePlusDangit'>+<\/span> Injektionspen-Nachf\u00fcllsets Produktseite<\/a><\/li>\n<\/ul>\n<\/li>\n<li>Trial Kit (Entdeckung)\n<ul>\n<li>Inhalt des Kits\n<ul>\n<li>1 x Einfach zu verwendender nachf\u00fcllbarer Autoinjektor-Pen<\/li>\n<li>1 x 3ml \/ 500mg Patrone mit reinem NAD<span class='bluePlusDangit'>+<\/span><\/li>\n<li>10 x Mikro-Nadeln<\/li>\n<li>10 x Sterile T\u00fccher<\/li>\n<li>1 x Abfalleimer f\u00fcr die sichere Entsorgung von Nadeln<\/li>\n<\/ul>\n<\/li>\n<li>Kaufoptionen\n<ul>\n<li>Nur Einzelkauf<\/li>\n<\/ul>\n<\/li>\n<li><a href=\"\/de\/product\/nad-injection-pen-discovery-kit-500mg\/?wmc-currency=EUR\">NAD<span class='bluePlusDangit'>+<\/span> Injection Pen Discovery Kit Produktseite<\/a><\/li>\n<\/ul>\n<\/li>\n<\/ul>\n<p>&nbsp;<\/p>\n<h3><strong>Lyophilisiertes NAD<span class='bluePlusDangit'>+<\/span> (500g)<\/strong><\/h3>\n<ul>\n<li>Inhalt\n<ul>\n<li>1 x Lyophilisiertes NAD<span class='bluePlusDangit'>+<\/span> Pulverfl\u00e4schchen (500 g) zur intraven\u00f6sen Verabreichung<\/li>\n<\/ul>\n<\/li>\n<li>Kaufoptionen\n<ul>\n<li>Gro\u00dfhandel\n<ul>\n<li>Gro\u00dfhandel, Mindestbestellmenge 10 Fl\u00e4schchen<\/li>\n<\/ul>\n<\/li>\n<\/ul>\n<\/li>\n<li><a href=\"\/de\/product\/lyophilized-nad-for-clinic-nad-iv-drips\/?wmc-currency=EUR\">Lyophilisiertes NAD<span class='bluePlusDangit'>+<\/span> (500g) Produkt Seite<\/a><\/li>\n<\/ul>\n<p>&nbsp;<\/p>\n<h3><strong>Gro\u00dfhandel<\/strong><\/h3>\n<p>Ein Unternehmen kann ein Gro\u00dfhandelskonto beantragen, um Gro\u00dfhandelsrabatte zu erhalten. Zur Beantragung f\u00fcllen Sie bitte unser <a href=\"\/de\/wholesale-application\/?wmc-currency=EUR\">Gro\u00dfhandelsanwendung<\/a> Form. Es gilt eine Mindestbestellmenge von 5 St\u00fcck pro Produkt.<\/p>\n<p>&nbsp;<\/p>\n<h3><strong>Kosten f\u00fcr den Versand<\/strong><\/h3>\n<p>Wir versenden international (au\u00dfer in die USA und die Republik Irland).<br \/>\nDie Versandkosten werden an der Kasse deutlich angezeigt und h\u00e4ngen vom Bestimmungsort ab.<\/p>\n<ul>\n<li>Vereinigtes K\u00f6nigreich\n<ul>\n<li>Hauszustellung - Lieferung direkt an eine Adresse\n<ul>\n<li>Kostenloser Standardversand<\/li>\n<li>Upgrade auf den n\u00e4chsten Arbeitstag (Bestellungen vor 13 Uhr): \u00a35.95<\/li>\n<li>N\u00e4chster Arbeitstag vor 12 Uhr (Bestellungen vor 13 Uhr): \u00a39.95<\/li>\n<\/ul>\n<\/li>\n<li>Ship to Shop - Lieferung an eine Abholstelle\n<ul>\n<li>Kostenlose Standardabgabe<\/li>\n<li>Abholung am n\u00e4chsten Tag: \u00a34.95<\/li>\n<\/ul>\n<\/li>\n<\/ul>\n<\/li>\n<li>Europa\n<ul>\n<li>Standard Versand \u00a319.95<\/li>\n<li>Gelegentlich k\u00f6nnen im Rahmen von Verk\u00e4ufen und Rabatten die europ\u00e4ischen Versandkosten reduziert oder kostenlos sein.<\/li>\n<\/ul>\n<\/li>\n<li>Rest der Welt\n<ul>\n<li>Standard Versand \u00a324.95<\/li>\n<li>Gelegentlich k\u00f6nnen im Rahmen von Verk\u00e4ufen und Rabatten die weltweiten Versandkosten reduziert oder kostenlos sein.<\/li>\n<\/ul>\n<\/li>\n<\/ul>\n<p>&nbsp;<\/p>\n<h3><strong>Abonnements und wiederkehrende Rechnungen<\/strong><\/h3>\n<p>Wenn Sie sich f\u00fcr ein Abonnement entscheiden:<\/p>\n<ul>\n<li>Die Abrechnung erfolgt automatisch in dem von Ihnen gew\u00e4hlten Intervall.<\/li>\n<li>Die Abonnements verl\u00e4ngern sich automatisch, bis sie gek\u00fcndigt werden.<\/li>\n<li>Sie k\u00f6nnen Ihr Abonnement jederzeit k\u00fcndigen, pausieren oder bearbeiten, indem Sie unser Team per E-Mail, Live-Chat, Whatsapp oder Telefon kontaktieren.<\/li>\n<li>Vor jeder Erneuerung erhalten Sie eine Erinnerungs-E-Mail.<\/li>\n<li>Die Ersparnisse aus dem Abonnement werden automatisch an der Kasse angewendet und bleiben f\u00fcr die Dauer Ihres Abonnements g\u00fcltig.<\/li>\n<\/ul>\n<p>&nbsp;<\/p>\n<h3><strong>Verk\u00e4ufe, Rabatte und Sonderangebote<\/strong><\/h3>\n<p>Gelegentlich veranstalten wir Werbeaktionen wie Halloween, Black Friday oder Januar Sales.<br \/>\nAlle Verkaufspreise und Rabatte werden w\u00e4hrend dieser Zeitr\u00e4ume deutlich auf der Website angezeigt.<\/p>\n<p>Die Erm\u00e4\u00dfigungen gelten nur, solange die Aktion l\u00e4uft, und k\u00f6nnen nicht mit Abonnement-Ersparnissen kombiniert werden, es sei denn, dies ist ausdr\u00fccklich angegeben.<\/p>\n<p>Wir bieten keine kostenlosen Testversionen oder Einf\u00fchrungsrabatte an.<\/p>\n<p>&nbsp;<\/p>\n<h3><strong>Zahlungsarten<\/strong><\/h3>\n<p>Wir akzeptieren die folgenden sicheren Zahlungsarten:<\/p>\n<ul>\n<li>PayPal<\/li>\n<li>Stripe (einschlie\u00dflich Apple Pay und Google Pay)<\/li>\n<li>Klarna (Einzahlen 3 \/ Sp\u00e4ter bezahlen)<\/li>\n<li>Clearpay<\/li>\n<\/ul>\n<p>Alle Zahlungen werden zu Ihrem Schutz \u00fcber sichere, verschl\u00fcsselte Gateways abgewickelt.<\/p>\n<p>&nbsp;<\/p>\n<h3><strong>Preis\u00e4nderungen<\/strong><\/h3>\n<p>Es kann vorkommen, dass wir unsere Preise gelegentlich anpassen, um Lieferantenkosten, Produktaktualisierungen oder W\u00e4hrungs\u00e4nderungen zu ber\u00fccksichtigen.<br \/>\nAlle Preis\u00e4nderungen werden auf unserer Website vor dem Kauf oder der Verl\u00e4ngerung deutlich angegeben.<br \/>\nBei Abonnements werden Sie im Voraus benachrichtigt, wenn sich der Preis f\u00fcr Ihre Verl\u00e4ngerung \u00e4ndert.<\/p>\n<p>&nbsp;<\/p>\n<h3><strong>Erstattungen und Stornierungen<\/strong><\/h3>\n<p>Wir haben eine spezielle Richtlinie f\u00fcr R\u00fcckerstattungen und R\u00fccksendungen, in der die Anspruchsberechtigung, die Fristen und die Verfahren dargelegt sind.<br \/>\nBitte lesen Sie es hier: <a href=\"\/de\/refund-and-returns-policy\/?wmc-currency=EUR\">R\u00fcckerstattung und R\u00fcckgabe<\/a><\/p>\n<p>Wenn Sie ein Abonnement k\u00fcndigen m\u00f6chten, kontaktieren Sie uns bitte per E-Mail, Live-Chat, Whatsapp oder Telefon vor dem n\u00e4chsten Abrechnungsdatum, um Verl\u00e4ngerungsgeb\u00fchren zu vermeiden.<\/p>\n<p>&nbsp;<\/p>\n<h3><strong>Kontaktinformationen<\/strong><\/h3>\n<p>Wenn Sie Fragen oder Bedenken bez\u00fcglich der Preisgestaltung oder Abrechnung haben, hilft Ihnen unser Team gerne weiter.<\/p>\n<p><strong>Adresse<\/strong>:<br \/>\nMersey Bank Business Centre<br \/>\n55-57 Seabank Road<br \/>\nWallasey, Merseyside, CH45 7PA<\/p>\n<p><strong>Telefon<\/strong>: 0203 824 2840<\/p>\n<p><strong>E-Mail Allgemeine Anfragen<\/strong>: <a href=\"mailto:sales@nadaid.co.uk\">sales@nadaid.co.uk<\/a><\/p>\n<p><strong>E-Mail Produktsupport &amp; Fragen<\/strong>: help@nadaid.co.uk<\/p>\n<p><strong>E-Mail-Bestellungen und -Lieferungen<\/strong>: <a href=\"mailto:deliveries@nadaid.co.uk\">deliveries@nadaid.co.uk<\/a><\/p>\n<p>Sie k\u00f6nnen uns auch \u00fcber unsere Website erreichen <a href=\"\/de\/contact-us\/?wmc-currency=EUR\">Kontakt-Formular<\/a><\/p>\n<p>&nbsp;<\/p>\n<h3><strong>Politische Aktualisierungen<\/strong><\/h3>\n<p>Wir k\u00f6nnen diese Richtlinie von Zeit zu Zeit aktualisieren, um regulatorischen Anforderungen oder \u00c4nderungen in unserem Gesch\u00e4ftsbetrieb Rechnung zu tragen. Die neueste Version wird immer auf dieser Seite verf\u00fcgbar sein.<\/p>\n<p>&nbsp;<\/p>\n<h3><strong>Anmerkung zur Einhaltung<\/strong><\/h3>\n<p>Diese Seite ist so gestaltet, dass sie den Google-Richtlinien f\u00fcr falsche Preisangaben (Dishonest Pricing Practices Update, Oktober 2025) entspricht und eine klare und auff\u00e4llige Offenlegung aller Kosten vor dem Kauf gew\u00e4hrleistet.<\/p>\n<p>&nbsp;<\/p>\n<p><em>Alle aufgef\u00fchrten Preise enthalten die Mehrwertsteuer, sofern anwendbar.<\/em><\/p>\n<p>&nbsp;<\/p>\n                <\/div>\n                            <\/div>\n                                            <\/div>\n    <\/div>\n<\/div>","protected":false},"excerpt":{"rendered":"","protected":false},"author":1,"featured_media":0,"parent":0,"menu_order":0,"comment_status":"closed","ping_status":"closed","template":"","meta":{"_acf_changed":false,"footnotes":""},"class_list":["post-34123","page","type-page","status-publish","hentry"],"acf":[],"_links":{"self":[{"href":"https:\/\/nadplusathome.com\/de\/wp-json\/wp\/v2\/pages\/34123","targetHints":{"allow":["GET"]}}],"collection":[{"href":"https:\/\/nadplusathome.com\/de\/wp-json\/wp\/v2\/pages"}],"about":[{"href":"https:\/\/nadplusathome.com\/de\/wp-json\/wp\/v2\/types\/page"}],"author":[{"embeddable":true,"href":"https:\/\/nadplusathome.com\/de\/wp-json\/wp\/v2\/users\/1"}],"replies":[{"embeddable":true,"href":"https:\/\/nadplusathome.com\/de\/wp-json\/wp\/v2\/comments?post=34123"}],"version-history":[{"count":42,"href":"https:\/\/nadplusathome.com\/de\/wp-json\/wp\/v2\/pages\/34123\/revisions"}],"predecessor-version":[{"id":35097,"href":"https:\/\/nadplusathome.com\/de\/wp-json\/wp\/v2\/pages\/34123\/revisions\/35097"}],"wp:attachment":[{"href":"https:\/\/nadplusathome.com\/de\/wp-json\/wp\/v2\/media?parent=34123"}],"curies":[{"name":"wp","href":"https:\/\/api.w.org\/{rel}","templated":true}]}}