{"id":3,"date":"2023-02-23T15:33:34","date_gmt":"2023-02-23T15:33:34","guid":{"rendered":"http:\/\/nadaid-23-2.test\/?page_id=3"},"modified":"2026-01-15T14:37:59","modified_gmt":"2026-01-15T14:37:59","slug":"privacy-policy","status":"publish","type":"page","link":"https:\/\/nadplusathome.com\/de\/privacy-policy\/","title":{"rendered":"Datenschutzbestimmungen"},"content":{"rendered":"<div class=\"block-simple-dark-header default\" id=\"simple-dark-header-block_0eb0b754d03df0ad6fbe816167129f5c\">\n    <div class=\"container\">\n        <div class=\"inner-content\">\n                            <h1>Datenschutzbestimmungen<\/h1>\n                                        <p><p><span style=\"font-size: 14pt;\">Wir verpflichten uns, die Privatsph\u00e4re der Besucher und Kunden unserer Website zu sch\u00fctzen.<\/span><\/p>\n<\/p>\n                    <\/div>\n    <\/div>\n<\/div>\n\n\n<div class=\"block-text-content blue\" id=\"text-content-block_97b960211ecab7af468110a213bed010\">\n    <div class=\"container\">\n        <div class=\"inner-content text contrast\">\n            <div class=\"text\">\n                                <div class=\"content\">\n                    <p style=\"text-align: left;\"><strong>1. Einleitung<\/strong><br \/>\n1.1 Wir verpflichten uns, die Privatsph\u00e4re unserer Website-Besucher und Kunden zu sch\u00fctzen; in dieser Datenschutzrichtlinie erl\u00e4utern wir, wie wir mit Ihren pers\u00f6nlichen Daten umgehen werden.<br \/>\n1.2 Diese Richtlinie findet Anwendung, wenn wir in Bezug auf Ihre personenbezogenen Daten als f\u00fcr die Verarbeitung Verantwortlicher handeln, d. h. wenn wir die Zwecke und Mittel der Verarbeitung dieser personenbezogenen Daten bestimmen.<br \/>\n1.3 Wir verwenden Cookies auf unserer Website. Soweit diese Cookies f\u00fcr die Bereitstellung unserer Website und unserer Dienste nicht unbedingt erforderlich sind, bitten wir Sie bei Ihrem ersten Besuch unserer Website um Ihre Zustimmung zu unserer Verwendung von Cookies.<br \/>\n1.4 In dieser Richtlinie beziehen sich die Begriffe \u201cwir\u201d, \u201cuns\u201d und \u201cunser\u201d auf NADAID. F\u00fcr weitere Informationen \u00fcber uns siehe Abschnitt 17.<br \/>\n2.\u00a0<strong>Die von uns erhobenen personenbezogenen Daten<\/strong><br \/>\n2.1 In diesem Abschnitt 2 haben wir die allgemeinen Kategorien personenbezogener Daten, die wir verarbeiten, und im Falle personenbezogener Daten, die wir nicht direkt von Ihnen erhalten haben, Informationen \u00fcber die Quelle und die spezifischen Kategorien dieser Daten dargelegt.<br \/>\n2.2 Wir k\u00f6nnen Daten verarbeiten, die es uns erm\u00f6glichen, mit Ihnen in Kontakt zu treten (\u201cKontaktdaten\u201d). Zu den Kontaktdaten k\u00f6nnen Ihr Name, Ihre E-Mail-Adresse, Ihre Telefonnummer und Ihre Postanschrift geh\u00f6ren.<br \/>\n2.3 Wir k\u00f6nnen Informationen im Zusammenhang mit Transaktionen, einschlie\u00dflich des Kaufs von Waren und\/oder Dienstleistungen, die Sie mit uns und\/oder \u00fcber unsere Website abschlie\u00dfen, verarbeiten (\u201cTransaktionsdaten\u201d). Zu den Transaktionsdaten k\u00f6nnen Ihr Name, Ihre Kontaktdaten, Ihre Zahlungskartendaten (oder andere Zahlungsdaten) und die Transaktionsdaten geh\u00f6ren. Die Quelle der Transaktionsdaten sind Sie und\/oder unser Zahlungsdienstleister.<br \/>\n2.4 Wir k\u00f6nnen Informationen verarbeiten, die in einer Mitteilung enthalten sind oder sich auf eine Mitteilung beziehen, die Sie an uns senden oder die wir an Sie senden (\u201cKommunikationsdaten\u201d). Die Kommunikationsdaten k\u00f6nnen den Inhalt der Kommunikation und die mit der Kommunikation verbundenen Metadaten umfassen. Unsere Website generiert die Metadaten im Zusammenhang mit Mitteilungen, die \u00fcber die Kontaktformulare der Website erfolgen.<br \/>\n2.5 Wir k\u00f6nnen Daten \u00fcber Ihre Nutzung unserer Website und Dienste (\u201cNutzungsdaten\u201d) verarbeiten. Die Nutzungsdaten k\u00f6nnen Ihre IP-Adresse, Ihren geografischen Standort, den Browsertyp und die Browserversion, das Betriebssystem, die Verweisquelle, die Dauer des Besuchs, die Seitenaufrufe und die Navigationspfade der Website sowie Informationen \u00fcber den Zeitpunkt, die H\u00e4ufigkeit und das Muster Ihrer Nutzung der Dienste umfassen. Die Quelle der Nutzungsdaten ist unser analytisches Tracking-System.<br \/>\n3.\u00a0<strong>Zwecke der Verarbeitung und Rechtsgrundlagen<\/strong><br \/>\n3.1 In diesem Abschnitt 3 haben wir die Zwecke, f\u00fcr die wir personenbezogene Daten verarbeiten d\u00fcrfen, und die Rechtsgrundlagen der Verarbeitung dargelegt.<br \/>\n3.2 Betrieb - Wir k\u00f6nnen Ihre personenbezogenen Daten f\u00fcr den Betrieb unserer Website, die Bearbeitung und Erf\u00fcllung von Bestellungen, die Erbringung unserer Dienstleistungen, die Lieferung unserer Waren, die Erstellung von Rechnungen und anderen zahlungsbezogenen Unterlagen sowie die Kreditkontrolle verarbeiten. Die Rechtsgrundlage f\u00fcr diese Verarbeitung sind unsere berechtigten Interessen, n\u00e4mlich die ordnungsgem\u00e4\u00dfe Verwaltung unserer Website, unserer Dienstleistungen und unseres Gesch\u00e4fts sowie die Erf\u00fcllung eines Vertrags zwischen Ihnen und uns und\/oder die Einleitung von Schritten auf Ihren Wunsch hin zum Abschluss eines solchen Vertrags.<br \/>\n3.3 Beziehungen und Kommunikation - Wir k\u00f6nnen Kontakt-, Transaktions- und\/oder Kommunikationsdaten zum Zwecke der Verwaltung unserer Beziehungen, der Kommunikation mit Ihnen (mit Ausnahme der Kommunikation zu Zwecken des Direktmarketings) per E-Mail, SMS, Post, Fax und\/oder Telefon, der Bereitstellung von Supportleistungen und der Bearbeitung von Beschwerden verarbeiten. Die Rechtsgrundlage f\u00fcr diese Verarbeitung sind unsere berechtigten Interessen, n\u00e4mlich die Kommunikation mit unseren Website-Besuchern, Dienstleistungsnutzern, einzelnen Kunden und Kundenmitarbeitern, die Pflege unserer Beziehungen, die Erm\u00f6glichung der Nutzung unserer Dienstleistungen und die ordnungsgem\u00e4\u00dfe Verwaltung unserer Website, Dienstleistungen und Gesch\u00e4fte.<br \/>\n3.4 Direktmarketing - Wir k\u00f6nnen Kontaktdaten, Kontodaten, Kundenbeziehungsdaten und\/oder Transaktionsdaten zum Zwecke der Erstellung, Ausrichtung und Versendung von Direktmarketing-Mitteilungen per E-Mail, SMS, Post und\/oder Fax sowie der telefonischen Kontaktaufnahme zu Marketingzwecken verarbeiten. Die Rechtsgrundlage f\u00fcr diese Verarbeitung sind unsere berechtigten Interessen, n\u00e4mlich die F\u00f6rderung unseres Gesch\u00e4fts und die \u00dcbermittlung von Marketingbotschaften und -angeboten an unsere Website-Besucher und Dienstleistungsnutzer.<br \/>\n3.5 Forschung und Analyse - Wir k\u00f6nnen Nutzungsdaten und\/oder Transaktionsdaten f\u00fcr die Zwecke der Forschung und Analyse der Nutzung unserer Website und Dienstleistungen sowie f\u00fcr die Forschung und Analyse anderer Interaktionen mit unserem Unternehmen verarbeiten. Die Rechtsgrundlage f\u00fcr diese Verarbeitung sind unsere berechtigten Interessen, n\u00e4mlich die \u00dcberwachung, Unterst\u00fctzung, Verbesserung und Sicherung unserer Website, Dienstleistungen und unseres Gesch\u00e4fts im Allgemeinen.<br \/>\n3.6 Aufbewahrung von Unterlagen - Wir k\u00f6nnen Ihre personenbezogenen Daten zum Zweck der Erstellung und Pflege unserer Datenbanken, von Sicherungskopien unserer Datenbanken und unserer Gesch\u00e4ftsunterlagen im Allgemeinen verarbeiten. Die Rechtsgrundlage f\u00fcr diese Verarbeitung sind unsere berechtigten Interessen, n\u00e4mlich sicherzustellen, dass wir Zugang zu allen Informationen haben, die wir ben\u00f6tigen, um unser Gesch\u00e4ft ordnungsgem\u00e4\u00df und effizient in \u00dcbereinstimmung mit dieser Richtlinie zu f\u00fchren.<br \/>\n3.7 Sicherheit - Wir k\u00f6nnen Ihre personenbezogenen Daten f\u00fcr Zwecke der Sicherheit und der Verhinderung von Betrug und anderen kriminellen Aktivit\u00e4ten verarbeiten. Die Rechtsgrundlage f\u00fcr diese Verarbeitung ist unser berechtigtes Interesse, n\u00e4mlich der Schutz unserer Website, unserer Dienstleistungen und unseres Gesch\u00e4fts sowie der Schutz anderer.<br \/>\n3.8 Versicherung und Risikomanagement - Wir k\u00f6nnen Ihre personenbezogenen Daten verarbeiten, wenn dies f\u00fcr den Abschluss oder die Aufrechterhaltung eines Versicherungsschutzes, f\u00fcr das Risikomanagement und\/oder f\u00fcr die Einholung professioneller Beratung erforderlich ist. Die Rechtsgrundlage f\u00fcr diese Verarbeitung sind unsere berechtigten Interessen, n\u00e4mlich die ordnungsgem\u00e4\u00dfe Absicherung unseres Unternehmens gegen Risiken.<br \/>\n3.11 Rechtsanspr\u00fcche - Wir k\u00f6nnen Ihre personenbezogenen Daten verarbeiten, wenn dies f\u00fcr die Begr\u00fcndung, Aus\u00fcbung oder Verteidigung von Rechtsanspr\u00fcchen erforderlich ist, sei es in einem Gerichtsverfahren oder in einem verwaltungsrechtlichen oder au\u00dfergerichtlichen Verfahren. Die Rechtsgrundlage f\u00fcr diese Verarbeitung sind unsere berechtigten Interessen, n\u00e4mlich der Schutz und die Durchsetzung unserer gesetzlichen Rechte, Ihrer gesetzlichen Rechte und der gesetzlichen Rechte anderer.<br \/>\n3.12 Einhaltung von Rechtsvorschriften und lebenswichtige Interessen - Wir k\u00f6nnen Ihre personenbezogenen Daten auch verarbeiten, wenn die Verarbeitung zur Einhaltung einer gesetzlichen Verpflichtung, der wir unterliegen, oder zum Schutz Ihrer lebenswichtigen Interessen oder der lebenswichtigen Interessen einer anderen nat\u00fcrlichen Person erforderlich ist.<br \/>\n4.\u00a0<strong>Weitergabe Ihrer pers\u00f6nlichen Daten an andere<\/strong><br \/>\n4.1 Wir k\u00f6nnen Ihre personenbezogenen Daten an jedes Mitglied unserer Unternehmensgruppe (d. h. unsere Tochtergesellschaften, unsere oberste Holdinggesellschaft und alle ihre Tochtergesellschaften) weitergeben, soweit dies f\u00fcr die in dieser Richtlinie genannten Zwecke und Rechtsgrundlagen erforderlich ist.<br \/>\n4.2 Wir k\u00f6nnen Ihre personenbezogenen Daten an unsere Versicherer und\/oder professionellen Berater weitergeben, soweit dies f\u00fcr den Abschluss oder die Aufrechterhaltung des Versicherungsschutzes, das Risikomanagement und die Einholung professioneller Beratung erforderlich ist.<br \/>\n4.3 Ihre pers\u00f6nlichen Daten, die in der Datenbank unserer Website gespeichert sind, werden auf den Servern unseres Hosting-Dienstleisters gespeichert.<br \/>\n4.4 Finanzielle Transaktionen im Zusammenhang mit unserer Website und unseren Dienstleistungen werden von unseren Zahlungsdienstleistern (Stripe, Paypal und Clearpay) abgewickelt. Wir geben Transaktionsdaten nur in dem Ma\u00dfe an unsere Zahlungsdienstleister weiter, wie es f\u00fcr die Abwicklung Ihrer Zahlungen, die R\u00fcckerstattung solcher Zahlungen und die Bearbeitung von Beschwerden und Anfragen im Zusammenhang mit solchen Zahlungen und R\u00fcckerstattungen erforderlich ist.<br \/>\n4.5 Zus\u00e4tzlich zu den in diesem Abschnitt 4 dargelegten spezifischen Offenlegungen personenbezogener Daten k\u00f6nnen wir Ihre personenbezogenen Daten offenlegen, wenn eine solche Offenlegung zur Erf\u00fcllung einer gesetzlichen Verpflichtung, der wir unterliegen, oder zum Schutz Ihrer lebenswichtigen Interessen oder der lebenswichtigen Interessen einer anderen nat\u00fcrlichen Person erforderlich ist. Wir k\u00f6nnen Ihre personenbezogenen Daten auch offenlegen, wenn dies f\u00fcr die Begr\u00fcndung, Aus\u00fcbung oder Verteidigung von Rechtsanspr\u00fcchen erforderlich ist, sei es in einem gerichtlichen Verfahren oder in einem Verwaltungs- oder au\u00dfergerichtlichen Verfahren.<br \/>\n5.\u00a0<strong>Aufbewahrung und L\u00f6schung personenbezogener Daten<\/strong><br \/>\n5.1 In diesem Abschnitt 5 werden unsere Richtlinien und Verfahren zur Datenaufbewahrung dargelegt, die dazu beitragen sollen, dass wir unseren gesetzlichen Verpflichtungen in Bezug auf die Aufbewahrung und L\u00f6schung personenbezogener Daten nachkommen.<br \/>\n5.2 Personenbezogene Daten, die wir f\u00fcr einen oder mehrere Zwecke verarbeiten, d\u00fcrfen nicht l\u00e4nger aufbewahrt werden, als es f\u00fcr diesen Zweck oder diese Zwecke erforderlich ist.<br \/>\n5.3 Wir werden Ihre personenbezogenen Daten wie folgt aufbewahren:<br \/>\n(a) Kontaktdaten werden f\u00fcr einen Zeitraum von mindestens 6 Monaten nach dem Datum des letzten Kontakts zwischen Ihnen und uns und f\u00fcr einen Zeitraum von h\u00f6chstens 6 Jahren nach diesem Datum gespeichert;<br \/>\n(b) Daten \u00fcber Kundenbeziehungen werden f\u00fcr einen Zeitraum von mindestens einem Jahr nach Beendigung der betreffenden Kundenbeziehung und f\u00fcr einen Zeitraum von h\u00f6chstens sechs Jahren nach diesem Datum gespeichert;<br \/>\n(c) Transaktionsdaten werden f\u00fcr einen Zeitraum von mindestens 6 Jahren nach dem Datum der Transaktion und f\u00fcr einen Zeitraum von h\u00f6chstens 6 Jahren nach diesem Datum aufbewahrt;<br \/>\n(d) Kommunikationsdaten werden f\u00fcr einen Zeitraum von mindestens einem Jahr nach dem Datum der betreffenden Kommunikation und f\u00fcr einen Zeitraum von h\u00f6chstens sechs Jahren nach diesem Datum gespeichert;<br \/>\n(e) Nutzungsdaten werden f\u00fcr 2 Jahre nach dem Datum der Erhebung aufbewahrt.<br \/>\n5.4 Ungeachtet der anderen Bestimmungen dieses Abschnitts 5 k\u00f6nnen wir Ihre personenbezogenen Daten aufbewahren, wenn dies zur Erf\u00fcllung einer gesetzlichen Verpflichtung, der wir unterliegen, oder zum Schutz Ihrer lebenswichtigen Interessen oder der lebenswichtigen Interessen einer anderen nat\u00fcrlichen Person erforderlich ist.<br \/>\n6.\u00a0<strong>Sicherheit der personenbezogenen Daten<\/strong><br \/>\n6.1 Wir treffen angemessene technische und organisatorische Vorkehrungen, um Ihre personenbezogenen Daten zu sch\u00fctzen und den Verlust, den Missbrauch oder die Ver\u00e4nderung Ihrer personenbezogenen Daten zu verhindern.<br \/>\n6.2 Wir speichern Ihre personenbezogenen Daten auf sicheren Servern, Personalcomputern und mobilen Ger\u00e4ten sowie in sicheren manuellen Aufzeichnungssystemen.<br \/>\n6.3 Die folgenden personenbezogenen Daten werden von uns in verschl\u00fcsselter Form gespeichert: Ihr Name, Ihre Kontaktinformationen, Ihr(e) Passwort(e) und Ihre Karteninhaberdaten.<br \/>\n6.4 Daten im Zusammenhang mit Ihren Anfragen und finanziellen Transaktionen, die von Ihrem Webbrowser an unseren Webserver oder von unserem Webserver an Ihren Webbrowser gesendet werden, werden durch Verschl\u00fcsselungstechnologie gesch\u00fctzt.<br \/>\n6.5 Sie erkennen an, dass die \u00dcbertragung von unverschl\u00fcsselten (oder unzureichend verschl\u00fcsselten) Daten \u00fcber das Internet von Natur aus unsicher ist, und wir k\u00f6nnen die Sicherheit der \u00fcber das Internet gesendeten Daten nicht garantieren.<br \/>\n6.6 Sie sollten sicherstellen, dass Ihr Passwort nicht erraten werden kann, weder von einer Person noch von einem Computerprogramm. Sie sind daf\u00fcr verantwortlich, das Passwort, das Sie f\u00fcr den Zugang zu unserer Website verwenden, geheim zu halten, und wir werden Sie nicht nach Ihrem Passwort fragen (au\u00dfer wenn Sie sich auf unserer Website anmelden).<br \/>\n7.<strong>\u00a0Ihre Rechte<\/strong><br \/>\n7.1 In diesem Abschnitt 7 haben wir die Rechte aufgef\u00fchrt, die Ihnen nach dem Datenschutzrecht zustehen.<br \/>\n7.2 Ihre wichtigsten datenschutzrechtlichen Rechte sind:<br \/>\n(a) das Auskunftsrecht - Sie k\u00f6nnen Kopien Ihrer personenbezogenen Daten verlangen;<br \/>\n(b) das Recht auf Berichtigung - Sie k\u00f6nnen uns auffordern, unrichtige personenbezogene Daten zu berichtigen und unvollst\u00e4ndige personenbezogene Daten zu erg\u00e4nzen;<br \/>\n(c) das Recht auf L\u00f6schung - Sie k\u00f6nnen uns auffordern, Ihre personenbezogenen Daten zu l\u00f6schen;<br \/>\n(d) das Recht auf Einschr\u00e4nkung der Verarbeitung - Sie k\u00f6nnen uns auffordern, die Verarbeitung Ihrer personenbezogenen Daten einzuschr\u00e4nken;<br \/>\n(e) das Recht auf Widerspruch gegen die Verarbeitung - Sie k\u00f6nnen der Verarbeitung Ihrer personenbezogenen Daten widersprechen;<br \/>\n(f) das Recht auf Daten\u00fcbertragbarkeit - Sie k\u00f6nnen verlangen, dass wir Ihre personenbezogenen Daten an eine andere Organisation oder an Sie selbst \u00fcbermitteln;<br \/>\n(g) das Recht auf Beschwerde bei einer Aufsichtsbeh\u00f6rde - Sie k\u00f6nnen sich \u00fcber die Verarbeitung Ihrer personenbezogenen Daten durch uns beschweren; und<br \/>\n(h) das Recht auf Widerruf der Einwilligung - soweit die Rechtsgrundlage f\u00fcr die Verarbeitung Ihrer personenbezogenen Daten durch uns die Einwilligung ist, k\u00f6nnen Sie diese Einwilligung widerrufen.<br \/>\n7.3 Diese Rechte unterliegen bestimmten Einschr\u00e4nkungen und Ausnahmen. Weitere Informationen \u00fcber die Rechte der betroffenen Personen finden Sie unter https:\/\/edpb.europa.eu\/our-work-tools\/general-guidance\/gdpr-guidelines-recommendations-best-practices_en und https:\/\/ico.org.uk\/for-organisations\/guide-to-data-protection\/guide-to-the-general-data-protection-regulation-gdpr\/individual-rights\/].<br \/>\n7.4 Sie k\u00f6nnen jedes Ihrer Rechte in Bezug auf Ihre personenbezogenen Daten aus\u00fcben, indem Sie uns schriftlich unter den unten angegebenen Kontaktdaten benachrichtigen.<br \/>\n8.\u00a0<strong>Websites von Dritten<\/strong><br \/>\n8.1 Unsere Website enth\u00e4lt Hyperlinks zu und Angaben \u00fcber Websites von Dritten.<br \/>\n8.2 Im Allgemeinen haben wir keine Kontrolle \u00fcber die Datenschutzrichtlinien und -praktiken Dritter und sind f\u00fcr diese nicht verantwortlich.<br \/>\n9.\u00a0<strong>Personenbezogene Daten von Kindern<\/strong><br \/>\n9.1 Unsere Website und Dienstleistungen richten sich an Personen \u00fcber 18 Jahre.<br \/>\n9.2 Wenn wir Grund zu der Annahme haben, dass wir personenbezogene Daten einer Person unter diesem Alter in unseren Datenbanken gespeichert haben, werden wir diese personenbezogenen Daten l\u00f6schen.<br \/>\n10.\u00a0<strong>Aktualisierung der Informationen<\/strong><br \/>\n10.1 Bitte teilen Sie uns mit, wenn die pers\u00f6nlichen Daten, die wir \u00fcber Sie gespeichert haben, korrigiert oder aktualisiert werden m\u00fcssen.<br \/>\n11.\u00a0<strong>\u00dcber Cookies<\/strong><br \/>\n11.1 Ein Cookie ist eine Datei, die eine Kennung (eine Zeichenfolge aus Buchstaben und Zahlen) enth\u00e4lt, die von einem Webserver an einen Webbrowser gesendet und vom Browser gespeichert wird. Die Kennung wird dann jedes Mal an den Server zur\u00fcckgeschickt, wenn der Browser eine Seite vom Server anfordert.<br \/>\n11.2 Bei den Cookies kann es sich entweder um \u201cdauerhafte\u201d Cookies oder um \u201cSitzungscookies\u201d handeln: Ein dauerhafter Cookie wird von einem Webbrowser gespeichert und bleibt bis zu seinem festgelegten Ablaufdatum g\u00fcltig, es sei denn, er wird vom Benutzer vor dem Ablaufdatum gel\u00f6scht; ein Sitzungscookie hingegen l\u00e4uft am Ende der Benutzersitzung ab, wenn der Webbrowser geschlossen wird.<br \/>\n11.3 Cookies d\u00fcrfen keine Informationen enthalten, die einen Nutzer pers\u00f6nlich identifizieren, aber personenbezogene Daten, die wir \u00fcber Sie speichern, k\u00f6nnen mit den in Cookies gespeicherten und aus ihnen gewonnenen Informationen verkn\u00fcpft werden.<br \/>\n12.\u00a0<strong>Cookies, die wir verwenden<\/strong><br \/>\n12.1 Wir verwenden Cookies f\u00fcr die folgenden Zwecke:<br \/>\n(a) Authentifizierung und Status - wir verwenden Cookies, um Sie zu identifizieren, wenn Sie unsere Website besuchen und wenn Sie auf unserer Website navigieren, und um festzustellen, ob Sie auf unserer Website angemeldet sind (zu diesem Zweck werden folgende Cookies verwendet:<br \/>\n(b) Warenkorb - wir verwenden Cookies, um den Status Ihres Warenkorbs zu erhalten, w\u00e4hrend Sie auf unserer Website navigieren.<br \/>\n(c) Personalisierung - wir verwenden Cookies, um Informationen \u00fcber Ihre Pr\u00e4ferenzen zu speichern und unsere Website f\u00fcr Sie zu personalisieren;<br \/>\n(d) Sicherheit - wir verwenden Cookies als Teil der Sicherheitsma\u00dfnahmen zum Schutz von Benutzerkonten, einschlie\u00dflich der Verhinderung der betr\u00fcgerischen Verwendung von Anmeldedaten, und zum Schutz unserer Website und Dienste im Allgemeinen. Die zu diesem Zweck verwendeten Cookies sind:<br \/>\n(e) Analyse - wir verwenden Cookies, um die Nutzung und Leistung unserer Website und Dienste zu analysieren<br \/>\n(g) Zustimmung zu Cookies - wir verwenden Cookies, um Ihre Pr\u00e4ferenzen in Bezug auf die Verwendung von Cookies im Allgemeinen zu speichern<br \/>\n13.\u00a0<strong>Von unseren Dienstleistern verwendete Cookies<\/strong><br \/>\n13.1 Unsere Dienstleister verwenden Cookies, und diese Cookies k\u00f6nnen auf Ihrem Computer gespeichert werden, wenn Sie unsere Website besuchen.<br \/>\n13.2 Wir verwenden Google Analytics. Google Analytics sammelt mit Hilfe von Cookies Informationen \u00fcber die Nutzung unserer Website. Die gesammelten Informationen werden verwendet, um Berichte \u00fcber die Nutzung unserer Website zu erstellen. Sie k\u00f6nnen mehr \u00fcber die Verwendung von Informationen durch Google erfahren, indem Sie https:\/\/www.google.com\/policies\/privacy\/partners\/ besuchen. Sie k\u00f6nnen die Datenschutzbestimmungen von Google unter https:\/\/policies.google.com\/privacy einsehen.<br \/>\n13.3 Wir verwenden ein Facebook-Pixel auf unserer Website. Mit Hilfe des Pixels sammelt Facebook Informationen \u00fcber die Nutzer und die Nutzung unserer Website. Die Informationen werden zur Personalisierung von Facebook-Werbeanzeigen und zur Analyse der Nutzung unserer Website verwendet. Weitere Informationen \u00fcber das Facebook-Pixel und \u00fcber die Verwendung personenbezogener Daten durch Facebook im Allgemeinen finden Sie in der Cookie-Richtlinie von Facebook unter https:\/\/www.facebook.com\/policies\/cookies\/ und in der Datenschutzrichtlinie von Facebook unter https:\/\/www.facebook.com\/about\/privacy. Die Cookie-Richtlinie von Facebook enth\u00e4lt Informationen \u00fcber die Kontrolle der Verwendung von Cookies durch Facebook, um Ihnen Werbung anzuzeigen. Wenn du ein registrierter Facebook-Nutzer bist, kannst du die Ausrichtung von Werbeanzeigen anpassen, indem du die Anweisungen unter https:\/\/www.facebook.com\/help\/568137493302217 befolgst.<br \/>\n14.\u00a0<strong>Verwaltung von Cookies<\/strong><br \/>\n14.1 Bei den meisten Browsern k\u00f6nnen Sie die Annahme von Cookies verweigern und Cookies l\u00f6schen. Die Methoden dazu sind von Browser zu Browser und von Version zu Version unterschiedlich. Sie k\u00f6nnen jedoch \u00fcber diese Links aktuelle Informationen \u00fcber die Sperrung und L\u00f6schung von Cookies erhalten:<br \/>\n(a) https:\/\/support.google.com\/chrome\/answer\/95647 (Chrom);<br \/>\n(b) https:\/\/support.mozilla.org\/en-US\/kb\/enhanced-tracking-protection-firefox-desktop (Firefox);<br \/>\n(c) https:\/\/help.opera.com\/en\/latest\/security-and-privacy\/ (Opera);<br \/>\n(d) https:\/\/support.microsoft.com\/en-gb\/help\/17442\/windows-internet-explorer-delete-manage-cookies (Internet Explorer);<br \/>\n(e) https:\/\/support.apple.com\/en-gb\/guide\/safari\/manage-cookies-and-website-data-sfri11471\/mac (Safari); und<br \/>\n(f) https:\/\/support.microsoft.com\/en-gb\/help\/4468242\/microsoft-edge-browsing-data-and-privacy (Edge).<br \/>\n14.2 Die Blockierung aller Cookies wird sich negativ auf die Nutzbarkeit vieler Websites auswirken.<br \/>\n14.3 Wenn Sie Cookies blockieren, k\u00f6nnen Sie nicht alle Funktionen auf unserer Website nutzen.<br \/>\n15.\u00a0<strong>Cookie-Einstellungen<\/strong><br \/>\n15.1 Sie k\u00f6nnen Ihre Pr\u00e4ferenzen in Bezug auf die Verwendung von Cookies auf unserer Website verwalten, indem Sie Folgendes besuchen: http:\/\/nadplusathome.com<br \/>\n16.\u00a0<strong>\u00c4nderungsantr\u00e4ge<\/strong><br \/>\n16.1 Wir k\u00f6nnen diese Richtlinie von Zeit zu Zeit durch Ver\u00f6ffentlichung einer neuen Version auf unserer Website aktualisieren.<br \/>\n16.2 Sie sollten diese Seite gelegentlich \u00fcberpr\u00fcfen, um sicherzustellen, dass Sie mit allen \u00c4nderungen dieser Richtlinie einverstanden sind.<br \/>\n17.\u00a0<strong>Unsere Details<\/strong><br \/>\n17.1 Diese Website ist Eigentum der NADAID LTD und wird von ihr betrieben.<br \/>\n17.2 Wir sind im Vereinigten K\u00f6nigreich unter der Registrierungsnummer 14186621 registriert, und unser eingetragener Sitz befindet sich in 52 High Street, Pinner, Middlesex, Vereinigtes K\u00f6nigreich, HA5 5PW.<br \/>\n17.3 Unser Hauptgesch\u00e4ftssitz befindet sich in 71-75 Shelton Street, Covent Garden, London, WC2H 9JQ.<br \/>\n17.4 Sie k\u00f6nnen uns kontaktieren:<br \/>\n(a) per Post an die oben angegebene Postanschrift;<br \/>\n(b) \u00fcber unser Kontaktformular auf der Website;<br \/>\n(c) telefonisch unter der auf unserer Website ver\u00f6ffentlichten Kontaktnummer; oder<br \/>\n(d) per E-Mail unter Verwendung der auf unserer Website ver\u00f6ffentlichten E-Mail-Adresse.<\/p>\n                <\/div>\n                            <\/div>\n                                            <\/div>\n    <\/div>\n<\/div>","protected":false},"excerpt":{"rendered":"","protected":false},"author":1,"featured_media":0,"parent":0,"menu_order":0,"comment_status":"closed","ping_status":"closed","template":"","meta":{"_acf_changed":false,"footnotes":""},"class_list":["post-3","page","type-page","status-publish","hentry"],"acf":[],"_links":{"self":[{"href":"https:\/\/nadplusathome.com\/de\/wp-json\/wp\/v2\/pages\/3","targetHints":{"allow":["GET"]}}],"collection":[{"href":"https:\/\/nadplusathome.com\/de\/wp-json\/wp\/v2\/pages"}],"about":[{"href":"https:\/\/nadplusathome.com\/de\/wp-json\/wp\/v2\/types\/page"}],"author":[{"embeddable":true,"href":"https:\/\/nadplusathome.com\/de\/wp-json\/wp\/v2\/users\/1"}],"replies":[{"embeddable":true,"href":"https:\/\/nadplusathome.com\/de\/wp-json\/wp\/v2\/comments?post=3"}],"version-history":[{"count":1,"href":"https:\/\/nadplusathome.com\/de\/wp-json\/wp\/v2\/pages\/3\/revisions"}],"predecessor-version":[{"id":39533,"href":"https:\/\/nadplusathome.com\/de\/wp-json\/wp\/v2\/pages\/3\/revisions\/39533"}],"wp:attachment":[{"href":"https:\/\/nadplusathome.com\/de\/wp-json\/wp\/v2\/media?parent=3"}],"curies":[{"name":"wp","href":"https:\/\/api.w.org\/{rel}","templated":true}]}}