{"id":2716,"date":"2023-05-10T14:53:15","date_gmt":"2023-05-10T13:53:15","guid":{"rendered":"https:\/\/nadplusathome.com\/?page_id=2716"},"modified":"2024-04-29T15:30:40","modified_gmt":"2024-04-29T14:30:40","slug":"product-disclaimer","status":"publish","type":"page","link":"https:\/\/nadplusathome.com\/de\/product-disclaimer\/","title":{"rendered":"Produkt-Haftungsausschluss"},"content":{"rendered":"<div class=\"block-simple-dark-header default\" id=\"simple-dark-header-block_f9b16ad76eb881ce65a4d86fc6c032bf\">\n    <div class=\"container\">\n        <div class=\"inner-content\">\n                            <h1>Produkt-Haftungsausschluss<\/h1>\n                                        <p><p><span style=\"font-size: 14pt;\">Wir verpflichten uns, die Privatsph\u00e4re der Besucher und Kunden unserer Website zu sch\u00fctzen.<\/span><\/p>\n<\/p>\n                    <\/div>\n    <\/div>\n<\/div>\n\n\n<div class=\"block-text-content blue\" id=\"text-content-block_dc44eba58d5e0d5345c1e75914ac50a7\">\n    <div class=\"container\">\n        <div class=\"inner-content text contrast\">\n            <div class=\"text\">\n                                <div class=\"content\">\n                    <h2><span class=\"ui-provider cen ceo c d e f g h i j k l m n o p q r s t cep ceq w x y z ab ac ae af ag ah ai aj ak\" dir=\"ltr\" style=\"font-size: 14pt;\">Bitte lesen Sie die folgenden Erkl\u00e4rungen und nehmen Sie sie zur Kenntnis, bevor Sie ein Erg\u00e4nzungsprodukt von unserer Website kaufen.<\/span><\/h2>\n<p>&nbsp;<\/p>\n<p><span class=\"ui-provider cen ceo c d e f g h i j k l m n o p q r s t cep ceq w x y z ab ac ae af ag ah ai aj ak\" dir=\"ltr\">Mir ist bekannt, dass die Aussagen zu diesen Nahrungserg\u00e4nzungsprodukten nicht von der Food and Drug Administration (FDA) bewertet wurden.<\/span><\/p>\n<p>Ich erkenne an, dass diese Erg\u00e4nzungsprodukte nicht dazu bestimmt sind, Krankheiten zu diagnostizieren, zu behandeln, zu heilen oder zu verhindern.<\/p>\n<p><span class=\"ui-provider cen ceo c d e f g h i j k l m n o p q r s t cep ceq w x y z ab ac ae af ag ah ai aj ak\" dir=\"ltr\">Ich bin mir bewusst, dass es in meiner Verantwortung liegt, einen Arzt zu konsultieren, bevor ich mit der Einnahme von Nahrungserg\u00e4nzungsmitteln beginne, insbesondere wenn ich schwanger bin, stille, Medikamente einnehme oder eine Vorerkrankung habe.<\/span><\/p>\n<p>Ich bin mir bewusst, dass die individuellen Ergebnisse variieren k\u00f6nnen und die Wirksamkeit dieser Erg\u00e4nzungsprodukte nicht f\u00fcr jeden garantiert werden kann.<\/p>\n<p>Ich erkenne an, dass die Einnahme dieser Nahrungserg\u00e4nzungsmittel bei einigen Nutzern zu Nebenwirkungen f\u00fchren kann, und werde die Einnahme sofort beenden und einen Arzt konsultieren, wenn ich irgendwelche unerw\u00fcnschten Reaktionen erlebe.<\/p>\n<p>Ich bin mir bewusst, dass es in meiner Verantwortung liegt, die Liste der Inhaltsstoffe des Nahrungserg\u00e4nzungsprodukts zu \u00fcberpr\u00fcfen, um sicherzustellen, dass ich keine Allergien oder Empfindlichkeiten gegen\u00fcber den Inhaltsstoffen habe.<\/p>\n<p>Ich nehme zur Kenntnis, dass das Unternehmen nicht f\u00fcr Sch\u00e4den haftet, die durch den Missbrauch der Erg\u00e4nzungsprodukte entstehen.<\/p>\n                <\/div>\n                            <\/div>\n                                            <\/div>\n    <\/div>\n<\/div>","protected":false},"excerpt":{"rendered":"","protected":false},"author":1,"featured_media":0,"parent":0,"menu_order":0,"comment_status":"closed","ping_status":"closed","template":"","meta":{"_acf_changed":false,"footnotes":""},"class_list":["post-2716","page","type-page","status-publish","hentry"],"acf":[],"_links":{"self":[{"href":"https:\/\/nadplusathome.com\/de\/wp-json\/wp\/v2\/pages\/2716","targetHints":{"allow":["GET"]}}],"collection":[{"href":"https:\/\/nadplusathome.com\/de\/wp-json\/wp\/v2\/pages"}],"about":[{"href":"https:\/\/nadplusathome.com\/de\/wp-json\/wp\/v2\/types\/page"}],"author":[{"embeddable":true,"href":"https:\/\/nadplusathome.com\/de\/wp-json\/wp\/v2\/users\/1"}],"replies":[{"embeddable":true,"href":"https:\/\/nadplusathome.com\/de\/wp-json\/wp\/v2\/comments?post=2716"}],"version-history":[{"count":0,"href":"https:\/\/nadplusathome.com\/de\/wp-json\/wp\/v2\/pages\/2716\/revisions"}],"wp:attachment":[{"href":"https:\/\/nadplusathome.com\/de\/wp-json\/wp\/v2\/media?parent=2716"}],"curies":[{"name":"wp","href":"https:\/\/api.w.org\/{rel}","templated":true}]}}