{"id":2317,"date":"2023-03-21T18:12:24","date_gmt":"2023-03-21T18:12:24","guid":{"rendered":"https:\/\/nadplusathome.com\/?page_id=2317"},"modified":"2025-07-23T12:15:20","modified_gmt":"2025-07-23T11:15:20","slug":"delivery-policy","status":"publish","type":"page","link":"https:\/\/nadplusathome.com\/de\/delivery-policy\/","title":{"rendered":"Lieferpolitik"},"content":{"rendered":"<div class=\"block-simple-dark-header default\" id=\"simple-dark-header-block_b9d6cb5a0a449d2d3a68a25ea693099e\">\n    <div class=\"container\">\n        <div class=\"inner-content\">\n                            <h1>Lieferpolitik<\/h1>\n                                        <p><p>Wir verpflichten uns, die Privatsph\u00e4re der Besucher und Kunden unserer Website zu sch\u00fctzen.<\/p>\n<\/p>\n                    <\/div>\n    <\/div>\n<\/div>\n\n\n<div class=\"block-text-content blue\" id=\"text-content-block_7075f4a4ce4ca1775e0688b9125d2f60\">\n    <div class=\"container\">\n        <div class=\"inner-content text contrast\">\n            <div class=\"text\">\n                                <div class=\"content\">\n                    <p>Zusammenfassung der Lieferpolitik:<\/p>\n<ul>\n<li>In dieser Richtlinie werden unsere Liefermethoden, Zeitrahmen und Geb\u00fchren f\u00fcr Bestellungen auf unserer Website beschrieben.<\/li>\n<li>Kostenlose Standardzustellung ist f\u00fcr alle Adressen auf dem britischen Festland verf\u00fcgbar.<\/li>\n<li>Wir liefern in der Regel nach England, Schottland, Wales und Nordirland, gelegentlich aber auch in andere L\u00e4nder\/Gebiete.<\/li>\n<li>F\u00fcr Lieferungen auf das britische Festland ist mit einer Lieferzeit von etwa 3 Werktagen zu rechnen. Die Lieferzeiten sind jedoch nicht garantiert.<\/li>\n<li>Verfolgen Sie Ihre Bestellung anhand der angegebenen Bestellnummer auf der Website unseres Lieferdienstleisters.<\/li>\n<li>Lieferungen erfordern eine Unterschrift und m\u00fcssen pers\u00f6nlich an der Lieferadresse entgegengenommen werden.<\/li>\n<li>Unser Zustelldienstleister wird mindestens einen weiteren Zustellversuch unternehmen, wenn der erste Versuch erfolglos war.<\/li>\n<li>Nicht gelieferte Produkte k\u00f6nnen mit Hilfe der an Ihrer Adresse hinterlassenen Anweisungen beim Lieferdienstleister abgeholt werden.<\/li>\n<li>Bei Zustellungsproblemen kontaktieren Sie uns bitte \u00fcber unsere Website. Die Kosten f\u00fcr die erneute Zustellung k\u00f6nnen anfallen, wenn die Nichtzustellung auf Ihr Verschulden zur\u00fcckzuf\u00fchren ist (z. B. falsche Adresse, unzug\u00e4nglicher Ort oder nicht erreichbarer Empf\u00e4nger).<\/li>\n<\/ul>\n<p>Bitte beachten Sie, dass es sich hierbei um ein rechtsverbindliches Dokument handelt, das Teil des Kaufvertrags zwischen Ihnen und uns ist, wie in unseren Verkaufsbedingungen festgelegt.<\/p>\n                <\/div>\n                            <\/div>\n                                            <\/div>\n    <\/div>\n<\/div>","protected":false},"excerpt":{"rendered":"","protected":false},"author":1,"featured_media":0,"parent":0,"menu_order":0,"comment_status":"closed","ping_status":"closed","template":"","meta":{"_acf_changed":false,"footnotes":""},"class_list":["post-2317","page","type-page","status-publish","hentry"],"acf":[],"_links":{"self":[{"href":"https:\/\/nadplusathome.com\/de\/wp-json\/wp\/v2\/pages\/2317","targetHints":{"allow":["GET"]}}],"collection":[{"href":"https:\/\/nadplusathome.com\/de\/wp-json\/wp\/v2\/pages"}],"about":[{"href":"https:\/\/nadplusathome.com\/de\/wp-json\/wp\/v2\/types\/page"}],"author":[{"embeddable":true,"href":"https:\/\/nadplusathome.com\/de\/wp-json\/wp\/v2\/users\/1"}],"replies":[{"embeddable":true,"href":"https:\/\/nadplusathome.com\/de\/wp-json\/wp\/v2\/comments?post=2317"}],"version-history":[{"count":1,"href":"https:\/\/nadplusathome.com\/de\/wp-json\/wp\/v2\/pages\/2317\/revisions"}],"predecessor-version":[{"id":34124,"href":"https:\/\/nadplusathome.com\/de\/wp-json\/wp\/v2\/pages\/2317\/revisions\/34124"}],"wp:attachment":[{"href":"https:\/\/nadplusathome.com\/de\/wp-json\/wp\/v2\/media?parent=2317"}],"curies":[{"name":"wp","href":"https:\/\/api.w.org\/{rel}","templated":true}]}}