{"id":2295,"date":"2023-03-21T15:57:09","date_gmt":"2023-03-21T15:57:09","guid":{"rendered":"https:\/\/nadplusathome.com\/?page_id=2295"},"modified":"2025-07-23T11:45:53","modified_gmt":"2025-07-23T10:45:53","slug":"disclaimer","status":"publish","type":"page","link":"https:\/\/nadplusathome.com\/de\/disclaimer\/","title":{"rendered":"Haftungsausschluss"},"content":{"rendered":"<div class=\"block-simple-dark-header default\" id=\"simple-dark-header-block_90039df357e95b67e6ad3f122e8304b6\">\n    <div class=\"container\">\n        <div class=\"inner-content\">\n                            <h1>Haftungsausschluss<\/h1>\n                                        <p><p><strong><span style=\"font-size: 14pt;\">Unsere Website enth\u00e4lt Informationen, die nur der Aufrechterhaltung und F\u00f6rderung eines gesunden Lebensstils dienen und nicht zur Diagnose, Heilung, Verwaltung, Vorbeugung oder Behandlung von Krankheiten oder Zust\u00e4nden verwendet werden d\u00fcrfen.<\/span><\/strong><\/p>\n<\/p>\n                    <\/div>\n    <\/div>\n<\/div>\n\n\n<div class=\"block-text-content blue\" id=\"text-content-block_e67ef8abf8e95ec1d6dd494e71ceb212\">\n    <div class=\"container\">\n        <div class=\"inner-content text contrast\">\n            <div class=\"text\">\n                                <div class=\"content\">\n                    <p>1. <strong>Produkt-Haftungsausschluss - Anerkenntnis<br \/>\n<\/strong><\/p>\n<p><strong><span style=\"color: #34a49a;\">Bitte lesen Sie die folgenden Erkl\u00e4rungen und nehmen Sie sie zur Kenntnis, bevor Sie ein Erg\u00e4nzungsprodukt von unserer Website kaufen.\u00a0<\/span><\/strong><\/p>\n<p><span class=\"ui-provider cen ceo c d e f g h i j k l m n o p q r s t cep ceq w x y z ab ac ae af ag ah ai aj ak\" dir=\"ltr\">1.1 Mir ist bekannt, dass die Aussagen zu diesen Erg\u00e4nzungsprodukten nicht von der Food Standards Agency (FSA) bewertet wurden.<\/span><\/p>\n<p>1.2 Ich nehme zur Kenntnis, dass diese Erg\u00e4nzungsprodukte nicht zur Diagnose, Behandlung, Heilung oder Vorbeugung von Krankheiten bestimmt sind.<\/p>\n<p><span class=\"ui-provider cen ceo c d e f g h i j k l m n o p q r s t cep ceq w x y z ab ac ae af ag ah ai aj ak\" dir=\"ltr\">1.3 Ich bin mir bewusst, dass es in meiner Verantwortung liegt, einen Arzt zu konsultieren, bevor ich mit der Einnahme von Nahrungserg\u00e4nzungsmitteln beginne, insbesondere wenn ich schwanger bin, stille, Medikamente einnehme oder eine Vorerkrankung habe.<\/span><\/p>\n<p>1.4 Ich bin mir bewusst, dass die individuellen Ergebnisse variieren k\u00f6nnen und die Wirksamkeit dieser Erg\u00e4nzungsprodukte nicht f\u00fcr jeden garantiert werden kann.<\/p>\n<p>1.5 Ich erkenne an, dass die Einnahme dieser Nahrungserg\u00e4nzungsmittel bei einigen Nutzern zu Nebenwirkungen f\u00fchren kann, und ich werde die Einnahme sofort beenden und einen Arzt konsultieren, wenn ich irgendwelche unerw\u00fcnschten Reaktionen erlebe.<\/p>\n<p>1.6 Ich bin mir bewusst, dass es in meiner Verantwortung liegt, die Liste der Inhaltsstoffe des Nahrungserg\u00e4nzungsprodukts zu \u00fcberpr\u00fcfen, um sicherzustellen, dass ich keine Allergien oder Empfindlichkeiten gegen\u00fcber den Inhaltsstoffen habe.<\/p>\n<p>1.7 Ich nehme zur Kenntnis, dass das Unternehmen nicht f\u00fcr Sch\u00e4den haftet, die durch den Missbrauch der Erg\u00e4nzungsprodukte entstehen.<\/p>\n<p style=\"text-align: left;\"><strong>2. Keine Beratung<\/strong><br \/>\n2.1 Unsere Website enth\u00e4lt Informationen, die lediglich dazu dienen, eine gesunde Lebensweise zu unterst\u00fctzen und zu f\u00f6rdern. Sie ist nicht f\u00fcr die Diagnose, Heilung, Verwaltung, Vorbeugung oder Behandlung von Krankheiten oder Zust\u00e4nden gedacht.<br \/>\n2.2 Die Informationen sind keine Ratschl\u00e4ge und sollten nicht als solche behandelt werden.<\/p>\n<p style=\"text-align: left;\"><strong>3. Keine Garantien<\/strong><br \/>\n3.1 Die Informationen auf unserer Website werden ohne jegliche Zusicherung oder Gew\u00e4hrleistung jedweder Art, sei sie ausdr\u00fccklich oder stillschweigend, zur Verf\u00fcgung gestellt.<br \/>\n3.2 Ohne den Anwendungsbereich von Abschnitt 3.1 einzuschr\u00e4nken, \u00fcbernehmen wir keine Garantie oder Zusicherung, dass die Informationen auf dieser Website:<br \/>\n(a) st\u00e4ndig oder \u00fcberhaupt verf\u00fcgbar sein wird; oder<br \/>\n(b) wahr, genau, vollst\u00e4ndig, aktuell und nicht irref\u00fchrend ist.<\/p>\n<p style=\"text-align: left;\"><strong>4. Medizinische Hilfe<\/strong><br \/>\n4.1 Sie d\u00fcrfen sich nicht auf die Informationen auf unserer Website als Alternative zur Beratung durch Ihren professionellen Gesundheitsdienstleister verlassen.<br \/>\n4.2 Wenn Sie spezielle Fragen zu einem medizinischen Thema haben, sollten Sie Ihren Arzt oder einen anderen professionellen Gesundheitsdienstleister konsultieren.<br \/>\n4.3 Wenn Sie glauben, dass Sie an einer Krankheit leiden, sollten Sie sofort einen Arzt aufsuchen.<br \/>\n4.4 Sie sollten niemals das Aufsuchen eines Arztes hinausz\u00f6gern, einen \u00e4rztlichen Rat missachten oder eine medizinische Behandlung aufgrund von Informationen auf unserer Website unterbrechen.<\/p>\n<p style=\"text-align: left;\"><strong>5. Interaktive Merkmale<\/strong><br \/>\n5.1 Unsere Website enth\u00e4lt interaktive Funktionen, die es den Nutzern erm\u00f6glichen, mit uns zu kommunizieren.<br \/>\n5.2 Sie erkennen an, dass aufgrund des begrenzten Charakters der Kommunikation \u00fcber die interaktiven Funktionen unserer Website jegliche Unterst\u00fctzung, die Sie \u00fcber solche Funktionen erhalten, wahrscheinlich unvollst\u00e4ndig und sogar irref\u00fchrend sein wird.<br \/>\n5.3 Jede Unterst\u00fctzung, die Sie \u00fcber die interaktiven Funktionen unserer Website erhalten, stellt keine spezifische Beratung dar und sollte daher nicht ohne weitere unabh\u00e4ngige Best\u00e4tigung in Anspruch genommen werden.<\/p>\n<p style=\"text-align: left;\"><strong>6. Beschr\u00e4nkungen der Haftungsausschl\u00fcsse<\/strong><br \/>\n6.1 Nichts in diesem Haftungsausschluss wird:<br \/>\n(a) die Haftung f\u00fcr Tod oder K\u00f6rperverletzung aufgrund von Fahrl\u00e4ssigkeit beschr\u00e4nken oder ausschlie\u00dfen;<br \/>\n(b) die Haftung f\u00fcr Betrug oder arglistige T\u00e4uschung beschr\u00e4nken oder ausschlie\u00dfen;<br \/>\n(c) die Haftung in einer Weise zu beschr\u00e4nken, die nach geltendem Recht nicht zul\u00e4ssig ist; oder<br \/>\n(d) alle Haftungen ausschlie\u00dfen, die nach geltendem Recht nicht ausgeschlossen werden d\u00fcrfen.<\/p>\n<p>&nbsp;<\/p>\n                <\/div>\n                            <\/div>\n                                            <\/div>\n    <\/div>\n<\/div>","protected":false},"excerpt":{"rendered":"","protected":false},"author":1,"featured_media":0,"parent":0,"menu_order":0,"comment_status":"closed","ping_status":"closed","template":"","meta":{"_acf_changed":false,"footnotes":""},"class_list":["post-2295","page","type-page","status-publish","hentry"],"acf":[],"_links":{"self":[{"href":"https:\/\/nadplusathome.com\/de\/wp-json\/wp\/v2\/pages\/2295","targetHints":{"allow":["GET"]}}],"collection":[{"href":"https:\/\/nadplusathome.com\/de\/wp-json\/wp\/v2\/pages"}],"about":[{"href":"https:\/\/nadplusathome.com\/de\/wp-json\/wp\/v2\/types\/page"}],"author":[{"embeddable":true,"href":"https:\/\/nadplusathome.com\/de\/wp-json\/wp\/v2\/users\/1"}],"replies":[{"embeddable":true,"href":"https:\/\/nadplusathome.com\/de\/wp-json\/wp\/v2\/comments?post=2295"}],"version-history":[{"count":0,"href":"https:\/\/nadplusathome.com\/de\/wp-json\/wp\/v2\/pages\/2295\/revisions"}],"wp:attachment":[{"href":"https:\/\/nadplusathome.com\/de\/wp-json\/wp\/v2\/media?parent=2295"}],"curies":[{"name":"wp","href":"https:\/\/api.w.org\/{rel}","templated":true}]}}