{"id":20635,"date":"2025-03-13T12:53:38","date_gmt":"2025-03-13T12:53:38","guid":{"rendered":"https:\/\/nadplusathome.com\/?page_id=20635"},"modified":"2025-10-01T14:00:52","modified_gmt":"2025-10-01T13:00:52","slug":"how-to-use-nad-home-injection-pen","status":"publish","type":"page","link":"https:\/\/nadplusathome.com\/de\/how-to-use-nad-home-injection-pen\/","title":{"rendered":"How To Use NAD+ Home Injection Pen"},"content":{"rendered":"<div class=\"block-benefits-header\" id=\"benefits-header-block_e89bca5dffbadf3579523071c3cacb13\">\n    <div class=\"container-wide\">\n        <div class=\"header-split\">\n            <div class=\"content\">\n                                    <h1>So verwenden Sie den NAD+ AT HOME Injektionspen<\/h1>\n                                                    <h3>Entwickelt f\u00fcr Einfachheit, Innovation und m\u00fchelose NAD+-Verabreichung zu Hause.<\/h3>\n                                <div class=\"inner-content\">\n                    <p>Verbessern Sie Ihre Wellness-Routine mit unserem NAD+ Injektionsstift f\u00fcr zu Hause. Dieses innovative System, das auf Einfachheit und Pr\u00e4zision ausgelegt ist, erm\u00f6glicht eine m\u00fchelose Selbstverabreichung und macht die NAD+-Supplementierung zug\u00e4nglicher denn je. Als Pioniere von NAD+ in Gro\u00dfbritannien bieten wir einen nahtlosen und bequemen Weg, um Ihre Energie, Langlebigkeit und Ihr allgemeines Wohlbefinden zu unterst\u00fctzen.<\/p>\n                <\/div>\n                                    <a href=\"\/de\/product\/nad-injection-pen\/?wmc-currency=EUR\" class=\"blue-btn\">NAD+ Injektionsstift-Kit kaufen<\/a>\n                            <\/div>\n            <div class=\"image\" style=\"background-image: url(https:\/\/nadplusathome.com\/wp-content\/uploads\/2025\/03\/whats-in-the-nad-injection-pen-home-kit.webp);\"><\/div>\n        <\/div>\n    <\/div>\n<\/div>\n\n\n\n<div class=\"block-text-content black\" id=\"text-content-block_99fc2daf4583e29743720db39d14b332\">\n    <div class=\"container-wide\">\n        <div class=\"inner-content vidtext\">\n            <div class=\"text\">\n                                    <h2>Benutzerhandbuch<\/h2>\n                                <div class=\"content\">\n                    <p>Um Ihr NAD selbst zu verabreichen<span class='bluePlusDangit'>+<\/span> Pen-Injektion zu Hause, folgen Sie diesen vereinfachten Schritten:<\/p>\n<ol>\n<li><strong>Saubere H\u00e4nde<\/strong> - Waschen oder desinfizieren Sie Ihre H\u00e4nde gr\u00fcndlich.<\/li>\n<li><strong>Materialien vorbereiten<\/strong> - \u00d6ffnen Sie Ihr NAD<span class='bluePlusDangit'>+<\/span> Pen Kit und stellen Sie sicher, dass Sie den Stift, NAD<span class='bluePlusDangit'>+<\/span> Kartusche, Mikronadel, Alkoholt\u00fccher und Beh\u00e4lter f\u00fcr scharfe Gegenst\u00e4nde bereit.<\/li>\n<li><strong>Temperaturanpassung<\/strong> - Wenn die NAD<span class='bluePlusDangit'>+<\/span> Patrone gek\u00fchlt wurde, lassen Sie sie einige Minuten lang Raumtemperatur annehmen, um die Beschwerden zu verringern.<\/li>\n<li><strong>Zusammenbau des Stifts<\/strong> - Entfernen Sie den Stiftdeckel, schrauben Sie den Patronenhalter ab, setzen Sie die NAD<span class='bluePlusDangit'>+<\/span> Patrone (die silberne Spitze zuerst) und bringen Sie die Halterung wieder fest an.<\/li>\n<li><strong>Nadel anbringen<\/strong> - Nehmen Sie eine Mikronadel aus der Packung, entfernen Sie die Verpackung und schrauben Sie sie fest auf das Ende des Pens. Lassen Sie die Nadelabdeckung bis zum Gebrauch aufgesetzt.<\/li>\n<li><strong>Den Stift grundieren<\/strong> (Nur bei erstmaliger Verwendung der Patrone) - Drehen Sie die Basis des Pens auf 15 Einheiten, dr\u00fccken Sie den Dosierer, bis der Kolben den grauen St\u00f6psel erreicht, und nachdem Sie die Nadelkappe entfernt haben, sto\u00dfen Sie eventuelle Luftblasen aus, indem Sie den Pen aufrecht halten und 5 Einheiten auf einmal dr\u00fccken, bis die Blasen verschwinden.<\/li>\n<li><strong>Dosierung einstellen<\/strong> - Drehen Sie die Basis des Pens, bis der Zeiger mit Ihrer Dosierung \u00fcbereinstimmt, normalerweise 30 Einheiten (0,3 ml).<\/li>\n<li><strong>Injektionsstelle ausw\u00e4hlen<\/strong> - W\u00e4hlen Sie eine fetthaltige Stelle wie den Bauch, das Ges\u00e4\u00df oder den Oberschenkel (denken Sie daran, die Injektionsstellen an jedem Tag zu wechseln).<\/li>\n<li><strong>Standort desinfizieren<\/strong> - Reinigen Sie die Injektionsstelle mit einem Alkoholtupfer und lassen Sie sie trocknen.<\/li>\n<li><strong>Einspritzen<\/strong> - Dr\u00fccken Sie in die Haut, f\u00fchren Sie die Nadel in einem 90-Grad-Winkel ein und dr\u00fccken Sie den Knopf an der Basis des Pens, um das NAD zu verabreichen.<span class='bluePlusDangit'>+<\/span>. Halten Sie den Stift ruhig, um Quetschungen zu vermeiden.<\/li>\n<li><strong>Halten &amp; Entfernen<\/strong> - Sobald die Dosisanzeige wieder auf Null (0) steht, halten Sie sie 10 Sekunden lang gedr\u00fcckt und entfernen Sie dann vorsichtig die Nadel.<\/li>\n<li><strong>Entsorgen Sie<\/strong> - Legen Sie die gebrauchte Nadel zur sicheren Entsorgung in den Beh\u00e4lter f\u00fcr scharfe Gegenst\u00e4nde.<\/li>\n<li><strong>Lagerung<\/strong> - Die Stiftkappe wieder aufsetzen, NAD aufbewahren<span class='bluePlusDangit'>+<\/span> bewahren Sie die Patronen in der mitgelieferten Schachtel im K\u00fchlschrank auf, und bewahren Sie das Kit au\u00dferhalb der Reichweite von Kindern und Haustieren auf.<\/li>\n<li><strong>Dosierungsschema<\/strong> - Beginnen Sie mit drei aufeinanderfolgenden t\u00e4glichen Injektionen und gehen Sie dann je nach Bedarf auf jeden zweiten Tag \u00fcber.<\/li>\n<\/ol>\n<p>Beginnen Sie mit Injektionen an drei aufeinanderfolgenden Tagen und stellen Sie dann je nach Bedarf auf jeden zweiten Tag um. Wenden Sie sich bei Fragen an den Support.<\/p>\n                <\/div>\n                                    <a class=\"blue-btn\" \n                        href=\"https:\/\/nadplusathome.com\/wp-content\/uploads\/2025\/09\/how-to-use-the-nad-pen-injection-supplement-detailed.pdf\">\n                        Vollst\u00e4ndige Anleitung herunterladen                    <\/a>\n                            <\/div>\n                                        <div class=\"image-container below\">\n                    <video class=\"lazy\" controls playsinline poster  =\"https:\/\/nadplusathome.com\/wp-content\/uploads\/2025\/06\/the-utlimate-nad-injection-pen-nad-supplement-press.webp\" preload=\"none\" >\n                        <source src=\"https:\/\/nadplusathome.com\/wp-content\/uploads\/2025\/10\/nad-injection-pen-tutorial-detailed-video-v2.mp4\" type=\"video\/mp4\">\n                        Ihr Browser unterst\u00fctzt das Video-Tag nicht.\n                    <\/video>\n                <\/div>\n                                <\/div>\n    <\/div>\n<\/div>\n\n\n\n<div class=\"block-purchase-nad-call-to-action\" id=\"purchase-nad-call-to-action-block_8335a1bd981a2201d4c60efaf586154a\"  data-lazy-css=\"https:\/\/nadplusathome.com\/wp-content\/themes\/nadaid\/assets\/css\/blocks\/purchase-nad-call-to-action.css?id=dc7f033230ebe6cdc50214f2b3b02c87\" data-lazy-js=\"https:\/\/nadplusathome.com\/wp-content\/themes\/nadaid\/assets\/js\/blocks\/purchase-nad-call-to-action.js?id=86132a435c1084d274ff46d90d834215\">\n    <div class=\"container-slim product-container\">\n        <div class=\"product\">\n            <h2 class=\"product-name mobile\">Nachf\u00fcllpackungen f\u00fcr NAD<span class='bluePlusDangit'>+<\/span> Stift<\/h2>\n            <div class=\"prod-images-container\">\n                <div class=\"main-slider\">\n                    <div class=\"glide__track\" data-glide-el=\"track\">\n                        <ul class=\"glide__slides\">\n                                                                                        <li class=\"glide__slide\"><img decoding=\"async\" src=\"https:\/\/nadplusathome.com\/wp-content\/uploads\/2025\/03\/nad-injection-pen-home-kit-refills-nad-cartidges-edit.webp\" alt=\"NAD+ Home Kit Bild\" loading=\"lazy\" \/><\/li>\n                                                            <li class=\"glide__slide\"><img decoding=\"async\" src=\"https:\/\/nadplusathome.com\/wp-content\/uploads\/2024\/08\/gabriella-pisani-nad-pen-supporter-testimonial.webp\" alt=\"NAD+ Home Kit Bild\" loading=\"lazy\" \/><\/li>\n                                                            <li class=\"glide__slide\"><img decoding=\"async\" src=\"https:\/\/nadplusathome.com\/wp-content\/uploads\/2023\/02\/lisa-snowdon-nad-injection-review-testimonial-1.webp\" alt=\"NAD+ Home Kit Bild\" loading=\"lazy\" \/><\/li>\n                                                            <li class=\"glide__slide\"><img decoding=\"async\" src=\"https:\/\/nadplusathome.com\/wp-content\/uploads\/2023\/02\/calum-best-nad-injection-review-testimonial-1.webp\" alt=\"NAD+ Home Kit Bild\" loading=\"lazy\" \/><\/li>\n                                                            <li class=\"glide__slide\"><img decoding=\"async\" src=\"https:\/\/nadplusathome.com\/wp-content\/uploads\/2023\/02\/rita-simmons-nad-injection-review-testimonial-1.webp\" alt=\"NAD+ Home Kit Bild\" loading=\"lazy\" \/><\/li>\n                                                            <li class=\"glide__slide\"><img decoding=\"async\" src=\"https:\/\/nadplusathome.com\/wp-content\/uploads\/2024\/08\/aaron-chalmers-geordie-shore-nad-at-home-supporter-testimonial.webp\" alt=\"NAD+ Home Kit Bild\" loading=\"lazy\" \/><\/li>\n                                                            <li class=\"glide__slide\"><img decoding=\"async\" src=\"https:\/\/nadplusathome.com\/wp-content\/uploads\/2023\/02\/isamay-ffrench-nad-injection-review-testimonial-1.webp\" alt=\"NAD+ Home Kit Bild\" loading=\"lazy\" \/><\/li>\n                                                            <li class=\"glide__slide\"><img decoding=\"async\" src=\"https:\/\/nadplusathome.com\/wp-content\/uploads\/2023\/02\/kris-gethin-nad-injection-review-testimonial-1.webp\" alt=\"NAD+ Home Kit Bild\" loading=\"lazy\" \/><\/li>\n                                                            <li class=\"glide__slide\"><img decoding=\"async\" src=\"https:\/\/nadplusathome.com\/wp-content\/uploads\/2023\/02\/elena-ora-nad-injection-review-testimonial-1.webp\" alt=\"NAD+ Home Kit Bild\" loading=\"lazy\" \/><\/li>\n                                                            <li class=\"glide__slide\"><img decoding=\"async\" src=\"https:\/\/nadplusathome.com\/wp-content\/uploads\/2024\/08\/zorannah-nad-pen-supporter-testimonial.webp\" alt=\"NAD+ Home Kit Bild\" loading=\"lazy\" \/><\/li>\n                                                    <\/ul>\n                    <\/div>\n                                    <\/div>\n                <div class=\"thumb-slider\">\n                    <div class=\"arrows\">\n                        <div class=\"arrow-cont\" data-glide-el=\"controls\">\n                            <button class=\"backarrow\" data-glide-dir=\"&lt;\"><img decoding=\"async\" src=\"https:\/\/nadplusathome.com\/wp-content\/themes\/nadaid\/images\/icons\/prev-arrow.svg\" alt=\"pfeil-vorher\" loading=\"lazy\" \/><\/button>\n                        <\/div>\n                    <\/div>\n                    <div class=\"glide__track\" data-glide-el=\"track\">\n                        <ul class=\"glide__slides\">\n                                                                                        <li class=\"glide__slide glide-thumbnail\" data-index=\"0\"><img decoding=\"async\" src=\"https:\/\/nadplusathome.com\/wp-content\/uploads\/2025\/03\/nad-injection-pen-home-kit-refills-nad-cartidges-edit.webp\" alt=\"NAD Home Kit Bild\" loading=\"lazy\" \/><\/li>\n                                                            <li class=\"glide__slide glide-thumbnail\" data-index=\"1\"><img decoding=\"async\" src=\"https:\/\/nadplusathome.com\/wp-content\/uploads\/2024\/08\/gabriella-pisani-nad-pen-supporter-testimonial.webp\" alt=\"NAD Home Kit Bild\" loading=\"lazy\" \/><\/li>\n                                                            <li class=\"glide__slide glide-thumbnail\" data-index=\"2\"><img decoding=\"async\" src=\"https:\/\/nadplusathome.com\/wp-content\/uploads\/2023\/02\/lisa-snowdon-nad-injection-review-testimonial-1.webp\" alt=\"NAD Home Kit Bild\" loading=\"lazy\" \/><\/li>\n                                                            <li class=\"glide__slide glide-thumbnail\" data-index=\"3\"><img decoding=\"async\" src=\"https:\/\/nadplusathome.com\/wp-content\/uploads\/2023\/02\/calum-best-nad-injection-review-testimonial-1.webp\" alt=\"NAD Home Kit Bild\" loading=\"lazy\" \/><\/li>\n                                                            <li class=\"glide__slide glide-thumbnail\" data-index=\"4\"><img decoding=\"async\" src=\"https:\/\/nadplusathome.com\/wp-content\/uploads\/2023\/02\/rita-simmons-nad-injection-review-testimonial-1.webp\" alt=\"NAD Home Kit Bild\" loading=\"lazy\" \/><\/li>\n                                                            <li class=\"glide__slide glide-thumbnail\" data-index=\"5\"><img decoding=\"async\" src=\"https:\/\/nadplusathome.com\/wp-content\/uploads\/2024\/08\/aaron-chalmers-geordie-shore-nad-at-home-supporter-testimonial.webp\" alt=\"NAD Home Kit Bild\" loading=\"lazy\" \/><\/li>\n                                                            <li class=\"glide__slide glide-thumbnail\" data-index=\"6\"><img decoding=\"async\" src=\"https:\/\/nadplusathome.com\/wp-content\/uploads\/2023\/02\/isamay-ffrench-nad-injection-review-testimonial-1.webp\" alt=\"NAD Home Kit Bild\" loading=\"lazy\" \/><\/li>\n                                                            <li class=\"glide__slide glide-thumbnail\" data-index=\"7\"><img decoding=\"async\" src=\"https:\/\/nadplusathome.com\/wp-content\/uploads\/2023\/02\/kris-gethin-nad-injection-review-testimonial-1.webp\" alt=\"NAD Home Kit Bild\" loading=\"lazy\" \/><\/li>\n                                                            <li class=\"glide__slide glide-thumbnail\" data-index=\"8\"><img decoding=\"async\" src=\"https:\/\/nadplusathome.com\/wp-content\/uploads\/2023\/02\/elena-ora-nad-injection-review-testimonial-1.webp\" alt=\"NAD Home Kit Bild\" loading=\"lazy\" \/><\/li>\n                                                            <li class=\"glide__slide glide-thumbnail\" data-index=\"9\"><img decoding=\"async\" src=\"https:\/\/nadplusathome.com\/wp-content\/uploads\/2024\/08\/zorannah-nad-pen-supporter-testimonial.webp\" alt=\"NAD Home Kit Bild\" loading=\"lazy\" \/><\/li>\n                                                    <\/ul>\n                    <\/div>\n                    <div class=\"arrows\">\n                        <div class=\"arrow-cont\" data-glide-el=\"controls\">\n                            <button class=\"nextarrow\" data-glide-dir=\"&gt;\"><img decoding=\"async\" src=\"https:\/\/nadplusathome.com\/wp-content\/themes\/nadaid\/images\/icons\/next-arrow-alt.svg\" alt=\"n\u00e4chster Pfeil\" loading=\"lazy\" \/><\/button>\n                        <\/div>\n                    <\/div>\n                <\/div>\n            <\/div>\n            <div class=\"prod-desc\">\n                <div>\n                    <h2 class=\"product-name desktop\">Nachf\u00fcllpackungen f\u00fcr NAD<span class='bluePlusDangit'>+<\/span> Stift<\/h2>\n                                            <p class=\"price\"><span class=\"woocommerce-Price-amount amount\"><bdi><span class=\"woocommerce-Price-currencySymbol\">\u00a3<\/span>355.00<\/bdi><\/span><small class=\"wcsatt-sub-options\"> <span class=\"wcsatt-dash\">\u2013<\/span> oder Abonniere und erhalte <\/small> <span class=\"wcsatt-sub-discount\">20\u00a0&#37;<\/span><small><\/small><\/p>\n                                    <\/div>\n                <div class=\"product-text\">\n                    <div class=\"desktop\">\n                        Unser Nachf\u00fcllset versorgt Sie mit einem weiteren kompletten Vorrat an NAD+ f\u00fcr Ihren nachf\u00fcllbaren Injektionspen.\r\n\r\nUnser NAD+ Injektionsstift ist der bequemste Weg, um Ihren NAD+-Spiegel wiederherzustellen und aufrechtzuerhalten und so Energie, Konzentration und Zellgesundheit von innen heraus zu unterst\u00fctzen.\r\n\r\nMit zunehmendem Alter sinkt der NAD+-Spiegel auf nat\u00fcrliche Weise, was sich auf das allgemeine Wohlbefinden auswirkt. Mit seiner Bioverf\u00fcgbarkeit von nahezu 100% sorgt dieser hochwertige Autoinjektor f\u00fcr eine schnelle Absorption und hilft Ihnen, Ihre Leistung zu steigern, M\u00fcdigkeit zu bek\u00e4mpfen und Ihre Langlebigkeit zu f\u00f6rdern - und das alles bequem von zu Hause aus.                    <\/div>\n                                        <h2 class=\"benefit-title\">Verst\u00e4ndnis f\u00fcr das Potenzial <span>Vorteile<\/span> von NAD<span>+<\/span><\/h2>\n                    <ul>\n                                                    <li><p>Energie steigern<\/p>\n<\/li>\n                                                    <li><p>Verbesserung der Hautreparatur<\/p>\n<\/li>\n                                                    <li><p>Verbesserung der geistigen Klarheit<\/p>\n<\/li>\n                                                    <li><p>Anti-Ageing von innen nach au\u00dfen<\/p>\n<\/li>\n                                            <\/ul>\n                <\/div>\n                <a class=\"blue-btn\" href=\"https:\/\/nadplusathome.com\/de\/product\/nad-injection-pen-refill-kits\/\">Produkt kaufen<\/a>\n            <\/div>\n        <\/div>\n    <\/div>\n<\/div>","protected":false},"excerpt":{"rendered":"","protected":false},"author":1,"featured_media":0,"parent":0,"menu_order":0,"comment_status":"closed","ping_status":"closed","template":"","meta":{"_acf_changed":false,"footnotes":""},"class_list":["post-20635","page","type-page","status-publish","hentry"],"acf":[],"_links":{"self":[{"href":"https:\/\/nadplusathome.com\/de\/wp-json\/wp\/v2\/pages\/20635","targetHints":{"allow":["GET"]}}],"collection":[{"href":"https:\/\/nadplusathome.com\/de\/wp-json\/wp\/v2\/pages"}],"about":[{"href":"https:\/\/nadplusathome.com\/de\/wp-json\/wp\/v2\/types\/page"}],"author":[{"embeddable":true,"href":"https:\/\/nadplusathome.com\/de\/wp-json\/wp\/v2\/users\/1"}],"replies":[{"embeddable":true,"href":"https:\/\/nadplusathome.com\/de\/wp-json\/wp\/v2\/comments?post=20635"}],"version-history":[{"count":12,"href":"https:\/\/nadplusathome.com\/de\/wp-json\/wp\/v2\/pages\/20635\/revisions"}],"predecessor-version":[{"id":42616,"href":"https:\/\/nadplusathome.com\/de\/wp-json\/wp\/v2\/pages\/20635\/revisions\/42616"}],"wp:attachment":[{"href":"https:\/\/nadplusathome.com\/de\/wp-json\/wp\/v2\/media?parent=20635"}],"curies":[{"name":"wp","href":"https:\/\/api.w.org\/{rel}","templated":true}]}}